{"id":1815,"date":"2024-06-13T13:42:03","date_gmt":"2024-06-13T19:42:03","guid":{"rendered":"https:\/\/www.tamaulipas.gob.mx\/sipinna\/?page_id=1815"},"modified":"2024-09-05T15:09:50","modified_gmt":"2024-09-05T21:09:50","slug":"convocatorias","status":"publish","type":"page","link":"https:\/\/www.tamaulipas.gob.mx\/sipinna\/convocatorias\/","title":{"rendered":"Convocatorias"},"content":{"rendered":"<p><a href=\"https:\/\/www.tamaulipas.gob.mx\/sipinna\/wp-content\/uploads\/sites\/32\/2024\/06\/convocatoria.pdf\">Consejo Consultivo del Sistema Estatal Integral de los Derechos de Ni\u00f1as, Ni\u00f1os y Adolescentes<\/a><\/p>\n<p><a href=\"https:\/\/www.tamaulipas.gob.mx\/sipinna\/wp-content\/uploads\/sites\/32\/2024\/06\/convocatoria-consejo-consultivo-sipinna.pdf\">Peri\u00f3dico Oficial<\/a><\/p>\n<p><a href=\"https:\/\/www.tamaulipas.gob.mx\/sipinna\/wp-content\/uploads\/sites\/32\/2024\/09\/convocatoria-sipinna-completa-1.pdf\">Convocatoria Segunda Emisi\u00f3n concurso C\u00f3mic 911 lo Recuerdo, lo Uso y lo Cuido<\/a><\/p>\n<p><a href=\"https:\/\/www.tamaulipas.gob.mx\/sipinna\/wp-content\/uploads\/sites\/32\/2024\/06\/convocatoria-consejo-consultivo-sipinna.pdf\"><img loading=\"lazy\" decoding=\"async\" class=\"alignnone wp-image-1818 size-thumbnail\" src=\"https:\/\/www.tamaulipas.gob.mx\/sipinna\/wp-content\/uploads\/sites\/32\/2024\/06\/periodico-oficial-150x150.png\" alt=\"\" width=\"150\" height=\"150\" \/><\/a><\/p>\n<p>&nbsp;<\/p>\n","protected":false},"excerpt":{"rendered":"<p>Consejo Consultivo del Sistema Estatal Integral de los Derechos de Ni\u00f1as, Ni\u00f1os y Adolescentes Peri\u00f3dico Oficial Convocatoria Segunda Emisi\u00f3n concurso C\u00f3mic 911 lo Recuerdo, lo\u2026<\/p>\n","protected":false},"author":358,"featured_media":0,"parent":0,"menu_order":0,"comment_status":"closed","ping_status":"closed","template":"","meta":{"footnotes":""},"class_list":["post-1815","page","type-page","status-publish","hentry"],"publishpress_future_action":{"enabled":false,"date":"2026-04-26 08:53:20","action":"change-status","newStatus":"draft","terms":[],"taxonomy":""},"_links":{"self":[{"href":"https:\/\/www.tamaulipas.gob.mx\/sipinna\/wp-json\/wp\/v2\/pages\/1815"}],"collection":[{"href":"https:\/\/www.tamaulipas.gob.mx\/sipinna\/wp-json\/wp\/v2\/pages"}],"about":[{"href":"https:\/\/www.tamaulipas.gob.mx\/sipinna\/wp-json\/wp\/v2\/types\/page"}],"author":[{"embeddable":true,"href":"https:\/\/www.tamaulipas.gob.mx\/sipinna\/wp-json\/wp\/v2\/users\/358"}],"replies":[{"embeddable":true,"href":"https:\/\/www.tamaulipas.gob.mx\/sipinna\/wp-json\/wp\/v2\/comments?post=1815"}],"version-history":[{"count":10,"href":"https:\/\/www.tamaulipas.gob.mx\/sipinna\/wp-json\/wp\/v2\/pages\/1815\/revisions"}],"predecessor-version":[{"id":1886,"href":"https:\/\/www.tamaulipas.gob.mx\/sipinna\/wp-json\/wp\/v2\/pages\/1815\/revisions\/1886"}],"wp:attachment":[{"href":"https:\/\/www.tamaulipas.gob.mx\/sipinna\/wp-json\/wp\/v2\/media?parent=1815"}],"curies":[{"name":"wp","href":"https:\/\/api.w.org\/{rel}","templated":true}]}}