{"id":146,"date":"2018-01-12T14:30:10","date_gmt":"2018-01-12T20:30:10","guid":{"rendered":"http:\/\/www.tamaulipas.gob.mx\/sipinna\/?page_id=146"},"modified":"2018-01-12T14:35:21","modified_gmt":"2018-01-12T20:35:21","slug":"contacto","status":"publish","type":"page","link":"https:\/\/www.tamaulipas.gob.mx\/sipinna\/contacto\/","title":{"rendered":"Contacto"},"content":{"rendered":"<p><strong>Sistema Estatal de Protecci\u00f3n Integral de los Derechos de Ni\u00f1as, Ni\u00f1os y Adolescentes<\/strong><\/p>\n<blockquote><p>Edificio Miguel Alem\u00e1n 16 Hidalgo y Ju\u00e1rez N\u00ba 144,<br \/>\nC.P. 87000, Cd. Victoria Tam.<\/p>\n<p>(834) 318 8884<br \/>\n(834) 318 8675<br \/>\nExt: 40884, 40675, 40667<\/p><\/blockquote>\n<div class=\"embed-responsive  embed-responsive-16by9  mb20\"><iframe loading=\"lazy\" style=\"border: 0;\" src=\"https:\/\/www.google.com\/maps\/embed?pb=!1m18!1m12!1m3!1d3144.9555721956044!2d-99.15378897184755!3d23.73056393816488!2m3!1f0!2f0!3f0!3m2!1i1024!2i768!4f13.1!3m3!1m2!1s0x8679530218214a89%3A0x4287eddd37bcaa4b!2sSistema+Estatal+de+Protecci%C3%B3n+Integral+de+los+Derechos+de+Ni%C3%B1as%2C+Ni%C3%B1os+y+Adolescentes+(SIPINNA)!5e0!3m2!1ses!2smx!4v1515789360497\" width=\"600\" height=\"450\" frameborder=\"0\" allowfullscreen=\"allowfullscreen\" class=\" embed-responsive-item\"><\/iframe><\/div>\n<p>o si lo desea puede escribirnos a trav\u00e9s de la siguiente forma de contacto<\/p>\n\n<div class=\"wpcf7 no-js\" id=\"wpcf7-f148-o1\" lang=\"es-ES\" dir=\"ltr\">\n<div class=\"screen-reader-response\"><p role=\"status\" aria-live=\"polite\" aria-atomic=\"true\"><\/p> <ul><\/ul><\/div>\n<form action=\"\/sipinna\/wp-json\/wp\/v2\/pages\/146#wpcf7-f148-o1\" method=\"post\" class=\"wpcf7-form init\" aria-label=\"Formulario de contacto\" novalidate=\"novalidate\" data-status=\"init\">\n<div style=\"display: none;\">\n<input type=\"hidden\" name=\"_wpcf7\" value=\"148\" \/>\n<input type=\"hidden\" name=\"_wpcf7_version\" value=\"5.7.6\" \/>\n<input type=\"hidden\" name=\"_wpcf7_locale\" value=\"es_ES\" \/>\n<input type=\"hidden\" name=\"_wpcf7_unit_tag\" value=\"wpcf7-f148-o1\" \/>\n<input type=\"hidden\" name=\"_wpcf7_container_post\" value=\"0\" \/>\n<input type=\"hidden\" name=\"_wpcf7_posted_data_hash\" value=\"\" \/>\n<input type=\"hidden\" name=\"_wpcf7_recaptcha_response\" value=\"\" \/>\n<\/div>\n<div class=\"row mb20\">\n\t<div class=\"col-sm-6\">\n\t\t<p><label for=\"nombre\">Nombre <span class=\"requerido\">*<\/span><\/label><br \/>\n[text nombre* class:form-control placeholder \"Nombre\"]\n\t\t<\/p>\n\t<\/div>\n\t<div class=\"col-sm-6\">\n\t\t<p><label for=\"correo\">Correo Electr\u00f3nico <span class=\"requerido\">*<\/span><\/label><br \/>\n<span class=\"wpcf7-form-control-wrap\" data-name=\"correo\"><input size=\"40\" class=\"wpcf7-form-control wpcf7-text wpcf7-email wpcf7-validates-as-required wpcf7-validates-as-email form-control\" aria-required=\"true\" aria-invalid=\"false\" placeholder=\"Correo\" value=\"\" type=\"email\" name=\"correo\" \/><\/span>\n\t\t<\/p>\n\t<\/div>\n<\/div>\n<div class=\"row mb20\">\n\t<div class=\"col-sm-6\">\n\t\t<p><label for=\"ciudad\">Ciudad <span class=\"requerido\">*<\/span><\/label><br \/>\n<span class=\"wpcf7-form-control-wrap\" data-name=\"ciudad\"><input size=\"40\" class=\"wpcf7-form-control wpcf7-text form-control\" aria-invalid=\"false\" placeholder=\"Ciudad\" value=\"\" type=\"text\" name=\"ciudad\" \/><\/span>\n\t\t<\/p>\n\t<\/div>\n\t<div class=\"col-sm-6\">\n\t\t<p><label for=\"estado\">Estado <span class=\"requerido\">*<\/span><\/label><br \/>\n<span class=\"wpcf7-form-control-wrap\" data-name=\"estado\"><input size=\"40\" class=\"wpcf7-form-control wpcf7-text form-control\" aria-invalid=\"false\" value=\"Tamaulipas\" type=\"text\" name=\"estado\" \/><\/span>\n\t\t<\/p>\n\t<\/div>\n<\/div>\n<div class=\"row mb20\">\n\t<div class=\"col-xs-12\">\n\t\t<p><label for=\"mensaje\">Mensaje <span class=\"requerido\">*<\/span><\/label><br \/>\n<span class=\"wpcf7-form-control-wrap\" data-name=\"mensaje\"><textarea cols=\"99\" rows=\"5\" class=\"wpcf7-form-control wpcf7-textarea form-control\" aria-invalid=\"false\" placeholder=\"Mensaje\" name=\"mensaje\"><\/textarea><\/span>\n\t\t<\/p>\n\t<\/div>\n<\/div>\n<div class=\"row mb20\">\n\t<div class=\"col-xs-12\">\n\t\t<p>*<small>Favor de marcar la casilla de verificaci\u00f3n<\/small>\n\t\t<\/p>\n\t<\/div>\n\t<div class=\"col-xs-12\">\n\t\n\t<\/div>\n\t<div class=\"col-xs-12\">\n\t\t<p><input class=\"wpcf7-form-control has-spinner wpcf7-submit btn btn-primary center-block\" type=\"submit\" value=\"Enviar\" \/>\n\t\t<\/p>\n\t<\/div>\n<\/div><div class=\"wpcf7-response-output\" aria-hidden=\"true\"><\/div>\n<\/form>\n<\/div>\n\n","protected":false},"excerpt":{"rendered":"<p>Sistema Estatal de Protecci\u00f3n Integral de los Derechos de Ni\u00f1as, Ni\u00f1os y Adolescentes Edificio Miguel Alem\u00e1n 16 Hidalgo y Ju\u00e1rez N\u00ba 144, C.P. 87000, Cd.\u2026<\/p>\n","protected":false},"author":52,"featured_media":0,"parent":0,"menu_order":0,"comment_status":"closed","ping_status":"closed","template":"","meta":{"footnotes":""},"class_list":["post-146","page","type-page","status-publish","hentry"],"publishpress_future_action":{"enabled":false,"date":"2026-04-11 11:08:19","action":"change-status","newStatus":"draft","terms":[],"taxonomy":""},"_links":{"self":[{"href":"https:\/\/www.tamaulipas.gob.mx\/sipinna\/wp-json\/wp\/v2\/pages\/146"}],"collection":[{"href":"https:\/\/www.tamaulipas.gob.mx\/sipinna\/wp-json\/wp\/v2\/pages"}],"about":[{"href":"https:\/\/www.tamaulipas.gob.mx\/sipinna\/wp-json\/wp\/v2\/types\/page"}],"author":[{"embeddable":true,"href":"https:\/\/www.tamaulipas.gob.mx\/sipinna\/wp-json\/wp\/v2\/users\/52"}],"replies":[{"embeddable":true,"href":"https:\/\/www.tamaulipas.gob.mx\/sipinna\/wp-json\/wp\/v2\/comments?post=146"}],"version-history":[{"count":5,"href":"https:\/\/www.tamaulipas.gob.mx\/sipinna\/wp-json\/wp\/v2\/pages\/146\/revisions"}],"predecessor-version":[{"id":152,"href":"https:\/\/www.tamaulipas.gob.mx\/sipinna\/wp-json\/wp\/v2\/pages\/146\/revisions\/152"}],"wp:attachment":[{"href":"https:\/\/www.tamaulipas.gob.mx\/sipinna\/wp-json\/wp\/v2\/media?parent=146"}],"curies":[{"name":"wp","href":"https:\/\/api.w.org\/{rel}","templated":true}]}}