{"id":14,"date":"2017-12-12T10:40:21","date_gmt":"2017-12-12T16:40:21","guid":{"rendered":"http:\/\/www.tamaulipas.gob.mx\/sipinna\/?page_id=14"},"modified":"2017-12-12T10:40:21","modified_gmt":"2017-12-12T16:40:21","slug":"quienes-lo-conforman","status":"publish","type":"page","link":"https:\/\/www.tamaulipas.gob.mx\/sipinna\/quienes-lo-conforman\/","title":{"rendered":"\u00bfQui\u00e9nes lo conforman?"},"content":{"rendered":"<p><span style=\"font-weight: 400\">I. Poder Ejecutivo Estatal:<\/span><\/p>\n<ul>\n<li>El Gobernador del Estado, quien lo presidir\u00e1<\/li>\n<li><span style=\"font-weight: 400\">Secretar\u00eda General de Gobierno<\/span><\/li>\n<li><span style=\"font-weight: 400\">Secretar\u00eda de Finanzas<\/span><\/li>\n<li><span style=\"font-weight: 400\">Secretar\u00eda \u00a0de Administraci\u00f3n<\/span><\/li>\n<li><span style=\"font-weight: 400\">Secretar\u00eda de Bienestar Social<\/span><\/li>\n<li><span style=\"font-weight: 400\">Secretar\u00eda de Educaci\u00f3n<\/span><\/li>\n<li><span style=\"font-weight: 400\">Secretar\u00eda de Salud<\/span><\/li>\n<li><span style=\"font-weight: 400\">Secretar\u00eda de Trabajo<\/span><\/li>\n<li><span style=\"font-weight: 400\">Procuradur\u00eda General de Justicia del Estado<\/span><\/li>\n<li><span style=\"font-weight: 400\">Direcci\u00f3n General del Sistema DIF Tamaulipas<\/span><\/li>\n<\/ul>\n<p><span style=\"font-weight: 400\">II. Delegaciones Federales: <\/span><\/p>\n<ul>\n<li><span style=\"font-weight: 400\">Secretar\u00eda de Relaciones Exteriores<\/span><\/li>\n<li><span style=\"font-weight: 400\">Secretar\u00eda de Comunicaciones y Transportes<\/span><\/li>\n<li><span style=\"font-weight: 400\">Instituto Nacional de Migraci\u00f3n<\/span><\/li>\n<\/ul>\n<p><span style=\"font-weight: 400\">III. Tres Presidentes municipales, uno representando a la Zona Norte, uno a la Centro y uno a la Sur; <\/span><\/p>\n<p><span style=\"font-weight: 400\">IV. Comisi\u00f3n de Derechos Humanos del Estado<\/span><\/p>\n<p><span style=\"font-weight: 400\">V. Representantes de la Sociedad Civil que ser\u00e1n nombrados por el propio Sistema Estatal de Protecci\u00f3n Integral.<\/span><\/p>\n<p><span style=\"font-weight: 400\">VI. Invitados permanentes <\/span><\/p>\n<ul>\n<li><span style=\"font-weight: 400\">Instituto Tamaulipeco de Becas y Est\u00edmulos Educativos <\/span><\/li>\n<li><span style=\"font-weight: 400\">Instituto Tamaulipeco para la Cultura y las Artes <\/span><\/li>\n<li><span style=\"font-weight: 400\">Instituto del Deporte de Tamaulipas<\/span><\/li>\n<li><span style=\"font-weight: 400\">Instituto de la Mujer Tamaulipeca<\/span><\/li>\n<li><span style=\"font-weight: 400\">Instituto de la Juventud<\/span><\/li>\n<\/ul>\n","protected":false},"excerpt":{"rendered":"<p>I. Poder Ejecutivo Estatal: El Gobernador del Estado, quien lo presidir\u00e1 Secretar\u00eda General de Gobierno Secretar\u00eda de Finanzas Secretar\u00eda \u00a0de Administraci\u00f3n Secretar\u00eda de Bienestar Social\u2026<\/p>\n","protected":false},"author":7,"featured_media":0,"parent":0,"menu_order":0,"comment_status":"closed","ping_status":"closed","template":"","meta":{"footnotes":""},"class_list":["post-14","page","type-page","status-publish","hentry"],"publishpress_future_action":{"enabled":false,"date":"2026-04-26 08:54:38","action":"change-status","newStatus":"draft","terms":[],"taxonomy":""},"_links":{"self":[{"href":"https:\/\/www.tamaulipas.gob.mx\/sipinna\/wp-json\/wp\/v2\/pages\/14"}],"collection":[{"href":"https:\/\/www.tamaulipas.gob.mx\/sipinna\/wp-json\/wp\/v2\/pages"}],"about":[{"href":"https:\/\/www.tamaulipas.gob.mx\/sipinna\/wp-json\/wp\/v2\/types\/page"}],"author":[{"embeddable":true,"href":"https:\/\/www.tamaulipas.gob.mx\/sipinna\/wp-json\/wp\/v2\/users\/7"}],"replies":[{"embeddable":true,"href":"https:\/\/www.tamaulipas.gob.mx\/sipinna\/wp-json\/wp\/v2\/comments?post=14"}],"version-history":[{"count":1,"href":"https:\/\/www.tamaulipas.gob.mx\/sipinna\/wp-json\/wp\/v2\/pages\/14\/revisions"}],"predecessor-version":[{"id":15,"href":"https:\/\/www.tamaulipas.gob.mx\/sipinna\/wp-json\/wp\/v2\/pages\/14\/revisions\/15"}],"wp:attachment":[{"href":"https:\/\/www.tamaulipas.gob.mx\/sipinna\/wp-json\/wp\/v2\/media?parent=14"}],"curies":[{"name":"wp","href":"https:\/\/api.w.org\/{rel}","templated":true}]}}