{"id":1131,"date":"2024-02-12T21:23:16","date_gmt":"2024-02-13T03:23:16","guid":{"rendered":"https:\/\/www.tamaulipas.gob.mx\/sipinna\/?page_id=1131"},"modified":"2026-01-28T15:10:24","modified_gmt":"2026-01-28T21:10:24","slug":"convenios-y-comisiones","status":"publish","type":"page","link":"https:\/\/www.tamaulipas.gob.mx\/sipinna\/convenios-y-comisiones\/","title":{"rendered":"CONVENIOS Y COMISIONES"},"content":{"rendered":"<p><a href=\"https:\/\/www.tamaulipas.gob.mx\/sipinna\/wp-content\/uploads\/sites\/32\/2024\/04\/20240412165307.pdf\">CONVENIO COLEGIO DE PSIC\u00d3LOGOS<\/a><\/p>\n<p><a href=\"https:\/\/www.tamaulipas.gob.mx\/sipinna\/wp-content\/uploads\/sites\/32\/2024\/04\/20240412165250.pdf\">CONVENIO SAVE THE CHILDREN<\/a><\/p>\n<p><a href=\"https:\/\/www.tamaulipas.gob.mx\/sipinna\/wp-content\/uploads\/sites\/32\/2024\/04\/20240412165152.pdf\">CONVENIO COLEGIO DE TAMAULIPAS<\/a><\/p>\n<p><a href=\"https:\/\/www.tamaulipas.gob.mx\/sipinna\/2024\/06\/comision-para-la-primera-infancia\/\">COMISI\u00d3N PARA LA PRIMERA INFANCIA<\/a><\/p>\n<p><a href=\"https:\/\/www.tamaulipas.gob.mx\/sipinna\/2024\/06\/instalacion-y-primera-sesion-de-la-comision-para-la-proteccion-integral-de-ninas-ninos-y-adolescentes-migrantes-y-solicitantes-de-la-condicion-de-refugiado\/\">INSTALACI\u00d3N Y PRIMERA SESI\u00d3N DE LA COMISI\u00d3N PARA LA PROTECCI\u00d3N INTEGRAL DE NI\u00d1AS, NI\u00d1OS Y ADOLESCENTES MIGRANTES Y SOLICITANTES DE LA CONDICI\u00d3N DE REFUGIADO<\/a><\/p>\n<p><a href=\"https:\/\/www.tamaulipas.gob.mx\/sipinna\/2025\/01\/comision-para-poner-fin-a-todo-tipo-de-violencia-contra-ninas-ninos-y-adolescentes\/\">COMISI\u00d3N PARA PONER FIN A TODO TIPO DE VIOLENCIA CONTRA NI\u00d1AS, NI\u00d1OS Y ADOLESCENTES<\/a><\/p>\n<p><a href=\"https:\/\/www.tamaulipas.gob.mx\/sipinna\/wp-content\/uploads\/sites\/32\/2026\/01\/1769551938993.pdf\">ACUERDO 03\/2024 COMISI\u00d3N DE EDUCACI\u00d3N INCLUSIVA<\/a><\/p>\n<p><a href=\"https:\/\/www.tamaulipas.gob.mx\/sipinna\/wp-content\/uploads\/sites\/32\/2026\/01\/20260128155745.pdf\">ACUERDO NO. 04\/2024 COMISI\u00d3N PARA LA IGUALDAD SUSTANTIVA ENTRE NI\u00d1AS, NI\u00d1OS Y ADOLESCENTES<\/a><\/p>\n<p><a href=\"https:\/\/www.tamaulipas.gob.mx\/sipinna\/wp-content\/uploads\/sites\/32\/2026\/01\/20260128155901.pdf\">CONVENIO CON SECRETAR\u00cdA DE EDUCACI\u00d3N EN TAMAULIPAS POR MEDIO DEL CENTRO REGIONAL DE FORMACI\u00d3N DOCENTE E INVESTIGACI\u00d3N EDUCATIVA (CRETAM)<\/a><\/p>\n<p><a href=\"https:\/\/www.tamaulipas.gob.mx\/sipinna\/wp-content\/uploads\/sites\/32\/2026\/01\/20260128155927.pdf\">CONVENIO DE PARQUES Y BIODIVERSIDAD ESPACIO CULTURAL (TAMUX)<\/a><\/p>\n","protected":false},"excerpt":{"rendered":"<p>CONVENIO COLEGIO DE PSIC\u00d3LOGOS CONVENIO SAVE THE CHILDREN CONVENIO COLEGIO DE TAMAULIPAS COMISI\u00d3N PARA LA PRIMERA INFANCIA INSTALACI\u00d3N Y PRIMERA SESI\u00d3N DE LA COMISI\u00d3N PARA\u2026<\/p>\n","protected":false},"author":358,"featured_media":0,"parent":0,"menu_order":0,"comment_status":"closed","ping_status":"closed","template":"","meta":{"footnotes":""},"class_list":["post-1131","page","type-page","status-publish","hentry"],"publishpress_future_action":{"enabled":false,"date":"2026-04-26 08:54:53","action":"change-status","newStatus":"draft","terms":[],"taxonomy":""},"_links":{"self":[{"href":"https:\/\/www.tamaulipas.gob.mx\/sipinna\/wp-json\/wp\/v2\/pages\/1131"}],"collection":[{"href":"https:\/\/www.tamaulipas.gob.mx\/sipinna\/wp-json\/wp\/v2\/pages"}],"about":[{"href":"https:\/\/www.tamaulipas.gob.mx\/sipinna\/wp-json\/wp\/v2\/types\/page"}],"author":[{"embeddable":true,"href":"https:\/\/www.tamaulipas.gob.mx\/sipinna\/wp-json\/wp\/v2\/users\/358"}],"replies":[{"embeddable":true,"href":"https:\/\/www.tamaulipas.gob.mx\/sipinna\/wp-json\/wp\/v2\/comments?post=1131"}],"version-history":[{"count":16,"href":"https:\/\/www.tamaulipas.gob.mx\/sipinna\/wp-json\/wp\/v2\/pages\/1131\/revisions"}],"predecessor-version":[{"id":2289,"href":"https:\/\/www.tamaulipas.gob.mx\/sipinna\/wp-json\/wp\/v2\/pages\/1131\/revisions\/2289"}],"wp:attachment":[{"href":"https:\/\/www.tamaulipas.gob.mx\/sipinna\/wp-json\/wp\/v2\/media?parent=1131"}],"curies":[{"name":"wp","href":"https:\/\/api.w.org\/{rel}","templated":true}]}}