{"id":10,"date":"2017-12-12T10:30:43","date_gmt":"2017-12-12T16:30:43","guid":{"rendered":"http:\/\/www.tamaulipas.gob.mx\/sipinna\/?page_id=10"},"modified":"2023-07-12T14:03:18","modified_gmt":"2023-07-12T20:03:18","slug":"quienes-somos","status":"publish","type":"page","link":"https:\/\/www.tamaulipas.gob.mx\/sipinna\/quienes-somos\/","title":{"rendered":"Quienes Somos"},"content":{"rendered":"<p>Un Sistema de Protecci\u00f3n Integral, conformado por las dependencias y entidades de la administraci\u00f3n del Estado y de los Municipios vinculada con la protecci\u00f3n de los derechos de ni\u00f1as, ni\u00f1os y adolescentes.<\/p>\n<p>Atendiendo lo que indica la Ley de los Derechos de Ni\u00f1as, Ni\u00f1os y Adolescentes del Estado de Tamaulipas y su Reglamento en el Cap\u00edtulo \u00danico, Art\u00edculo 2:<\/p>\n<p style=\"padding-left: 40px;\"><em>III. Crear y regular la integraci\u00f3n, organizaci\u00f3n y funcionamiento del Sistema Estatal de Protecci\u00f3n Integral, a efecto de garantizar la protecci\u00f3n, prevenci\u00f3n y restituci\u00f3n integrales de los derechos de ni\u00f1as, ni\u00f1os y adolescentes que hayan sido vulnerados.<\/em><\/p>\n<p>El 28 de Marzo del 2016 en Cd. Victoria Tamaulipas se llev\u00f3 acabo la Primera Sesi\u00f3n y de Instalaci\u00f3n del Sistema Estatal de Protecci\u00f3n\u00a0 Integral de los Derechos de Ni\u00f1as, Ni\u00f1os y Adolescentes, dando as\u00ed cumplimiento a dicha secci\u00f3n.<\/p>\n<p style=\"text-align: right;\">Descarga el <a href=\"https:\/\/www.tamaulipas.gob.mx\/sipinna\/wp-content\/uploads\/sites\/32\/2020\/09\/doc03496320200923094649.pdf\" target=\"_blank\" rel=\"noopener noreferrer\">Acta Relativa de la primera Sesi\u00f3n Ordinaria y de Instalaci\u00f3n del SIPINNA Estatal aqu\u00ed<\/a><\/p>\n<p>&nbsp;<\/p>\n","protected":false},"excerpt":{"rendered":"<p>Un Sistema de Protecci\u00f3n Integral, conformado por las dependencias y entidades de la administraci\u00f3n del Estado y de los Municipios vinculada con la protecci\u00f3n de\u2026<\/p>\n","protected":false},"author":7,"featured_media":0,"parent":0,"menu_order":0,"comment_status":"closed","ping_status":"closed","template":"","meta":{"footnotes":""},"class_list":["post-10","page","type-page","status-publish","hentry"],"publishpress_future_action":{"enabled":false,"date":"2026-04-26 10:21:14","action":"change-status","newStatus":"draft","terms":[],"taxonomy":""},"_links":{"self":[{"href":"https:\/\/www.tamaulipas.gob.mx\/sipinna\/wp-json\/wp\/v2\/pages\/10"}],"collection":[{"href":"https:\/\/www.tamaulipas.gob.mx\/sipinna\/wp-json\/wp\/v2\/pages"}],"about":[{"href":"https:\/\/www.tamaulipas.gob.mx\/sipinna\/wp-json\/wp\/v2\/types\/page"}],"author":[{"embeddable":true,"href":"https:\/\/www.tamaulipas.gob.mx\/sipinna\/wp-json\/wp\/v2\/users\/7"}],"replies":[{"embeddable":true,"href":"https:\/\/www.tamaulipas.gob.mx\/sipinna\/wp-json\/wp\/v2\/comments?post=10"}],"version-history":[{"count":5,"href":"https:\/\/www.tamaulipas.gob.mx\/sipinna\/wp-json\/wp\/v2\/pages\/10\/revisions"}],"predecessor-version":[{"id":1059,"href":"https:\/\/www.tamaulipas.gob.mx\/sipinna\/wp-json\/wp\/v2\/pages\/10\/revisions\/1059"}],"wp:attachment":[{"href":"https:\/\/www.tamaulipas.gob.mx\/sipinna\/wp-json\/wp\/v2\/media?parent=10"}],"curies":[{"name":"wp","href":"https:\/\/api.w.org\/{rel}","templated":true}]}}