{"id":51,"date":"2018-12-19T14:02:36","date_gmt":"2018-12-19T20:02:36","guid":{"rendered":"https:\/\/www.tamaulipas.gob.mx\/mejoraregulatoria\/?page_id=51"},"modified":"2024-12-12T14:21:47","modified_gmt":"2024-12-12T20:21:47","slug":"programas-de-mejora-regulatoria","status":"publish","type":"page","link":"https:\/\/www.tamaulipas.gob.mx\/simplificacionydigitalizacion\/programas-de-mejora-regulatoria\/","title":{"rendered":"Programas de Mejora Regulatoria"},"content":{"rendered":"<p>Son un complemento de las herramientas del Sistema Estatal de Mejora Regulatoria y contienen las acciones espec\u00edficas que los Sujetos Obligados llevar\u00e1n a cabo en el tema de simplificaci\u00f3n de Tr\u00e1mites y Servicios.<\/p>\n<h1>PROGRAMAS DE MEJORA REGULATORIA<\/h1>\n<ul>\n<li>\n<h3><a href=\"http:\/\/www.tamaulipas.gob.mx\/mejoraregulatoria\/wp-content\/uploads\/sites\/59\/2019\/01\/programa-estatal-mejora-regulatoria-2018.pdf\" target=\"_blank\" rel=\"noopener noreferrer\">PEMR 2018<\/a><\/h3>\n<\/li>\n<li>\n<h3><a href=\"http:\/\/www.tamaulipas.gob.mx\/mejoraregulatoria\/wp-content\/uploads\/sites\/59\/2019\/07\/programa-estatal-mejora-regulatoria-tamaulipas-2019.pdf\" target=\"_blank\" rel=\"noopener noreferrer\">PEMR 2019<\/a><\/h3>\n<\/li>\n<li>\n<h3><a href=\"https:\/\/drive.google.com\/file\/d\/1BpuVyLag4X-URE39fe-idqlUaXkn6S0E\/view?usp=sharing\" target=\"_blank\" rel=\"noopener noreferrer\">PEMR 2020<\/a><\/h3>\n<\/li>\n<li>\n<h3><a href=\"http:\/\/www.tamaulipas.gob.mx\/mejoraregulatoria\/wp-content\/uploads\/sites\/59\/2021\/02\/programa-de-mejora-regulatoria-2021-preliminar.pdf\" target=\"_blank\" rel=\"noopener\">PEMR 2021<\/a><\/h3>\n<\/li>\n<li>\n<h3><a href=\"http:\/\/www.tamaulipas.gob.mx\/mejoraregulatoria\/wp-content\/uploads\/sites\/59\/2022\/02\/pemr-2022-completo-con-dependencias-2do-ok-.pdf\" target=\"_blank\" rel=\"noopener\">PEMR 2022<\/a><\/h3>\n<\/li>\n<li>\n<h3><a href=\"http:\/\/www.tamaulipas.gob.mx\/mejoraregulatoria\/wp-content\/uploads\/sites\/59\/2023\/02\/anteproyecto-pemr-con-anexos.pdf\" target=\"_blank\" rel=\"noopener\">Anteproyecto 2023<\/a><\/h3>\n<\/li>\n<li>\n<h3><a href=\"http:\/\/www.tamaulipas.gob.mx\/mejoraregulatoria\/wp-content\/uploads\/sites\/59\/2023\/05\/pemr-2023-1.pdf\" target=\"_blank\" rel=\"noopener\">PEMR 2023<\/a><\/h3>\n<\/li>\n<li>\n<h3><a href=\"http:\/\/www.tamaulipas.gob.mx\/mejoraregulatoria\/wp-content\/uploads\/sites\/59\/2024\/03\/pemr-2024.pdf\" target=\"_blank\" rel=\"noopener\">Anteproyecto de PEMR 2024<\/a><\/h3>\n<\/li>\n<li>\n<h3><a href=\"http:\/\/www.tamaulipas.gob.mx\/mejoraregulatoria\/wp-content\/uploads\/sites\/59\/2024\/05\/pemr-2024.pdf\" target=\"_blank\" rel=\"noopener\">PEMR 2024<\/a><\/h3>\n<\/li>\n<li>\n<h3><a href=\"http:\/\/www.tamaulipas.gob.mx\/mejoraregulatoria\/wp-content\/uploads\/sites\/59\/2024\/12\/anteproyectos-dep-entid-y-mpios-2025.pdf\" target=\"_blank\" rel=\"noopener\">Anteproyecto de PEMR 2025<\/a><\/h3>\n<\/li>\n<\/ul>\n<p>Si deseas opinar sobre el Anteproyecto del Programa Estatal de Mejora Regulatoria 2025<\/p>\n<p>Participa del 22 de octubre al 29 de noviembre en nuestro <a href=\"https:\/\/forms.gle\/o4d9HdBLsxQ39MSv9\"><span style=\"text-decoration: underline;\">Foro de Consulta P\u00fablica<\/span><\/a><\/p>\n","protected":false},"excerpt":{"rendered":"<p>Son un complemento de las herramientas del Sistema Estatal de Mejora Regulatoria y contienen las acciones espec\u00edficas que los Sujetos Obligados llevar\u00e1n a cabo en\u2026<\/p>\n","protected":false},"author":1,"featured_media":0,"parent":0,"menu_order":0,"comment_status":"closed","ping_status":"closed","template":"","meta":{"footnotes":""},"class_list":["post-51","page","type-page","status-publish","hentry"],"publishpress_future_action":{"enabled":false,"date":"2026-04-28 03:43:08","action":"change-status","newStatus":"draft","terms":[],"taxonomy":""},"_links":{"self":[{"href":"https:\/\/www.tamaulipas.gob.mx\/simplificacionydigitalizacion\/wp-json\/wp\/v2\/pages\/51"}],"collection":[{"href":"https:\/\/www.tamaulipas.gob.mx\/simplificacionydigitalizacion\/wp-json\/wp\/v2\/pages"}],"about":[{"href":"https:\/\/www.tamaulipas.gob.mx\/simplificacionydigitalizacion\/wp-json\/wp\/v2\/types\/page"}],"author":[{"embeddable":true,"href":"https:\/\/www.tamaulipas.gob.mx\/simplificacionydigitalizacion\/wp-json\/wp\/v2\/users\/1"}],"replies":[{"embeddable":true,"href":"https:\/\/www.tamaulipas.gob.mx\/simplificacionydigitalizacion\/wp-json\/wp\/v2\/comments?post=51"}],"version-history":[{"count":46,"href":"https:\/\/www.tamaulipas.gob.mx\/simplificacionydigitalizacion\/wp-json\/wp\/v2\/pages\/51\/revisions"}],"predecessor-version":[{"id":2110,"href":"https:\/\/www.tamaulipas.gob.mx\/simplificacionydigitalizacion\/wp-json\/wp\/v2\/pages\/51\/revisions\/2110"}],"wp:attachment":[{"href":"https:\/\/www.tamaulipas.gob.mx\/simplificacionydigitalizacion\/wp-json\/wp\/v2\/media?parent=51"}],"curies":[{"name":"wp","href":"https:\/\/api.w.org\/{rel}","templated":true}]}}