{"id":48,"date":"2018-12-19T14:01:41","date_gmt":"2018-12-19T20:01:41","guid":{"rendered":"https:\/\/www.tamaulipas.gob.mx\/mejoraregulatoria\/?page_id=48"},"modified":"2025-01-21T11:13:00","modified_gmt":"2025-01-21T17:13:00","slug":"analisis-de-impacto-regulatorio","status":"publish","type":"page","link":"https:\/\/www.tamaulipas.gob.mx\/simplificacionydigitalizacion\/analisis-de-impacto-regulatorio\/","title":{"rendered":"An\u00e1lisis de Impacto Regulatorio"},"content":{"rendered":"<p>El An\u00e1lisis de impacto regulatorio, es un documento de planeaci\u00f3n que se realiza con el fin de conocer los impactos potenciales de una regulaci\u00f3n nueva, mediante el An\u00e1lisis de Impacto Regulatorio ex ante, o ya existente a trav\u00e9s de un An\u00e1lisis de Impacto Regulatorio ex post.<\/p>\n<p>La elaboraci\u00f3n de este an\u00e1lisis garantizar\u00e1 que los beneficios de una regulaci\u00f3n sean mayores a sus costos de cumplimiento que le representa a la poblaci\u00f3n a la que se dirige.<\/p>\n<ul>\n<li><span style=\"font-size: 24px;\"><a href=\"https:\/\/www.tamaulipas.gob.mx\/mejoraregulatoria\/air-2018\/\" rel=\"noopener noreferrer\">2018<\/a><\/span><\/li>\n<li><span style=\"font-size: 24px;\"><a href=\"https:\/\/www.tamaulipas.gob.mx\/mejoraregulatoria\/air-2019\/\">2019<\/a><\/span><\/li>\n<li><a title=\"AIR-2020\" href=\"https:\/\/www.tamaulipas.gob.mx\/mejoraregulatoria\/air-2020\/\"><span style=\"font-size: 24px;\">2020<\/span><\/a><\/li>\n<li><a title=\"AIR-2021\" href=\"https:\/\/www.tamaulipas.gob.mx\/mejoraregulatoria\/air-2021\/\"><span style=\"font-size: 24px;\">2021<\/span><\/a><\/li>\n<li><a title=\"AIR-2021\" href=\"https:\/\/www.tamaulipas.gob.mx\/mejoraregulatoria\/air-2022\/\"><span style=\"font-size: 24px;\">2022<\/span><\/a><\/li>\n<li><a title=\"AIR-2021\" href=\"https:\/\/www.tamaulipas.gob.mx\/mejoraregulatoria\/air-2023\/\"><span style=\"font-size: 24px;\">2023<\/span><\/a><\/li>\n<li><span style=\"font-size: 24px;\"><a href=\"https:\/\/www.tamaulipas.gob.mx\/mejoraregulatoria\/2024-2\/\">2024<\/a><\/span><\/li>\n<li><span style=\"font-size: 24px;\"><a href=\"https:\/\/www.tamaulipas.gob.mx\/mejoraregulatoria\/air-2025\/\">2025<\/a><\/span><\/li>\n<\/ul>\n<p>El contenido de los anteproyectos es responsabilidad de la Dependencia y\/o Entidad.<\/p>\n","protected":false},"excerpt":{"rendered":"<p>El An\u00e1lisis de impacto regulatorio, es un documento de planeaci\u00f3n que se realiza con el fin de conocer los impactos potenciales de una regulaci\u00f3n nueva,\u2026<\/p>\n","protected":false},"author":1,"featured_media":0,"parent":0,"menu_order":0,"comment_status":"closed","ping_status":"closed","template":"","meta":{"footnotes":""},"class_list":["post-48","page","type-page","status-publish","hentry"],"publishpress_future_action":{"enabled":false,"date":"2026-04-28 03:42:33","action":"change-status","newStatus":"draft","terms":[],"taxonomy":""},"_links":{"self":[{"href":"https:\/\/www.tamaulipas.gob.mx\/simplificacionydigitalizacion\/wp-json\/wp\/v2\/pages\/48"}],"collection":[{"href":"https:\/\/www.tamaulipas.gob.mx\/simplificacionydigitalizacion\/wp-json\/wp\/v2\/pages"}],"about":[{"href":"https:\/\/www.tamaulipas.gob.mx\/simplificacionydigitalizacion\/wp-json\/wp\/v2\/types\/page"}],"author":[{"embeddable":true,"href":"https:\/\/www.tamaulipas.gob.mx\/simplificacionydigitalizacion\/wp-json\/wp\/v2\/users\/1"}],"replies":[{"embeddable":true,"href":"https:\/\/www.tamaulipas.gob.mx\/simplificacionydigitalizacion\/wp-json\/wp\/v2\/comments?post=48"}],"version-history":[{"count":59,"href":"https:\/\/www.tamaulipas.gob.mx\/simplificacionydigitalizacion\/wp-json\/wp\/v2\/pages\/48\/revisions"}],"predecessor-version":[{"id":2128,"href":"https:\/\/www.tamaulipas.gob.mx\/simplificacionydigitalizacion\/wp-json\/wp\/v2\/pages\/48\/revisions\/2128"}],"wp:attachment":[{"href":"https:\/\/www.tamaulipas.gob.mx\/simplificacionydigitalizacion\/wp-json\/wp\/v2\/media?parent=48"}],"curies":[{"name":"wp","href":"https:\/\/api.w.org\/{rel}","templated":true}]}}