{"id":42,"date":"2018-12-19T13:57:50","date_gmt":"2018-12-19T19:57:50","guid":{"rendered":"https:\/\/www.tamaulipas.gob.mx\/mejoraregulatoria\/?page_id=42"},"modified":"2024-05-17T12:48:48","modified_gmt":"2024-05-17T18:48:48","slug":"catalogo-estatal","status":"publish","type":"page","link":"https:\/\/www.tamaulipas.gob.mx\/simplificacionydigitalizacion\/catalogo-estatal\/","title":{"rendered":"Cat\u00e1logo Estatal de Regulaciones, Tr\u00e1mites y Servicios"},"content":{"rendered":"<p>Conjunto de registros electr\u00f3nicos que tienen como objetivo propiciar certidumbre jur\u00eddica a la poblaci\u00f3n, facilitar el cumplimiento de las normas y fomentar el uso de las tecnolog\u00edas de la informaci\u00f3n.<\/p>\n<p>Este cat\u00e1logo se integrar\u00e1 por:<\/p>\n<ul>\n<li><a title=\"Registro Estatal de Regulaciones\" href=\"https:\/\/www.tamaulipas.gob.mx\/mejoraregulatoria\/registro-estatal-de-regulaciones\/\"><strong>El Registro Estatal de Regulaciones<\/strong><\/a>, como la compilaci\u00f3n ordenada de las normas del Estado, de acceso p\u00fablico mediante una ficha informativa que identifique a cada norma.<\/li>\n<li><a href=\"https:\/\/tramites.tamaulipas.gob.mx\/ciudadano\/\" target=\"_blank\" rel=\"noopener noreferrer\"><strong>El Registro Estatal de Tr\u00e1mites y Servicios<\/strong>,<\/a> que es una plataforma digital de acceso p\u00fablico y gratuito para que la poblaci\u00f3n localice en un mismo sitio, la informaci\u00f3n que necesita conocer de los Tr\u00e1mites y Servicios gubernamentales, desde los horarios de atenci\u00f3n y requisitos, hasta los lugares para su gesti\u00f3n y el monto del pago de derechos.<\/li>\n<li><a href=\"https:\/\/www.tamaulipas.gob.mx\/mejoraregulatoria\/registro-de-visitas-domiciliarias\/\" target=\"_blank\" rel=\"noopener noreferrer\"><strong>El Registro Estatal de Visitas Domiciliarias<\/strong><\/a>, que constituye una base de datos cuya informaci\u00f3n de contenido se refiere a un padr\u00f3n de las y los servidores p\u00fablicos facultados para llevar a cabo inspecciones, verificaciones y visitas domiciliarias;<\/li>\n<li><strong>El Registro de Personas Acreditadas<\/strong>, es la base de datos de las personas f\u00edsicas y morales que hayan sido acreditadas por la Comisi\u00f3n Estatal de Mejora Regulatoria.<\/li>\n<li><strong>El Expediente Estatal para Tr\u00e1mites y Servicios<\/strong>, ser\u00e1 parte del Cat\u00e1logo Estatal, con objeto de facilitar a trav\u00e9s de un expediente electr\u00f3nico, el acceso, consulta y transferencia de manera segura de las actuaciones electr\u00f3nicas que se genere con motivo de un Tr\u00e1mites o Servicio.<\/li>\n<li><a href=\"https:\/\/www.tamaulipas.gob.mx\/mejoraregulatoria\/protesta-ciudadana\/\" target=\"_blank\" rel=\"noopener\"><strong>La Protesta Ciudadana<\/strong>,<\/a> Sistema por medio del cual la poblaci\u00f3n podr\u00e1 presentar inconformidades cuando las y los servidores p\u00fablicos se nieguen sin causa justificada a gestionar un Tr\u00e1mites o Servicio, o bien cuando alteren la informaci\u00f3n que conste en los Registros Estatal de Tr\u00e1mites y Servicios, sobre la manera en que debe ofrecerse el Tr\u00e1mite o Servicio correspondiente.<\/li>\n<\/ul>\n","protected":false},"excerpt":{"rendered":"<p>Conjunto de registros electr\u00f3nicos que tienen como objetivo propiciar certidumbre jur\u00eddica a la poblaci\u00f3n, facilitar el cumplimiento de las normas y fomentar el uso de\u2026<\/p>\n","protected":false},"author":1,"featured_media":0,"parent":0,"menu_order":0,"comment_status":"closed","ping_status":"closed","template":"","meta":{"footnotes":""},"class_list":["post-42","page","type-page","status-publish","hentry"],"publishpress_future_action":{"enabled":false,"date":"2026-04-28 03:43:10","action":"change-status","newStatus":"draft","terms":[],"taxonomy":""},"_links":{"self":[{"href":"https:\/\/www.tamaulipas.gob.mx\/simplificacionydigitalizacion\/wp-json\/wp\/v2\/pages\/42"}],"collection":[{"href":"https:\/\/www.tamaulipas.gob.mx\/simplificacionydigitalizacion\/wp-json\/wp\/v2\/pages"}],"about":[{"href":"https:\/\/www.tamaulipas.gob.mx\/simplificacionydigitalizacion\/wp-json\/wp\/v2\/types\/page"}],"author":[{"embeddable":true,"href":"https:\/\/www.tamaulipas.gob.mx\/simplificacionydigitalizacion\/wp-json\/wp\/v2\/users\/1"}],"replies":[{"embeddable":true,"href":"https:\/\/www.tamaulipas.gob.mx\/simplificacionydigitalizacion\/wp-json\/wp\/v2\/comments?post=42"}],"version-history":[{"count":8,"href":"https:\/\/www.tamaulipas.gob.mx\/simplificacionydigitalizacion\/wp-json\/wp\/v2\/pages\/42\/revisions"}],"predecessor-version":[{"id":1944,"href":"https:\/\/www.tamaulipas.gob.mx\/simplificacionydigitalizacion\/wp-json\/wp\/v2\/pages\/42\/revisions\/1944"}],"wp:attachment":[{"href":"https:\/\/www.tamaulipas.gob.mx\/simplificacionydigitalizacion\/wp-json\/wp\/v2\/media?parent=42"}],"curies":[{"name":"wp","href":"https:\/\/api.w.org\/{rel}","templated":true}]}}