{"id":34,"date":"2018-12-19T13:48:36","date_gmt":"2018-12-19T19:48:36","guid":{"rendered":"https:\/\/www.tamaulipas.gob.mx\/mejoraregulatoria\/?page_id=34"},"modified":"2024-11-13T12:34:59","modified_gmt":"2024-11-13T18:34:59","slug":"consejo-estatal","status":"publish","type":"page","link":"https:\/\/www.tamaulipas.gob.mx\/simplificacionydigitalizacion\/consejo-estatal\/","title":{"rendered":"Consejo Estatal"},"content":{"rendered":"<p>Es el \u00f3rgano responsable de coordinar, consultar, analizar, deliberar y evaluar las pol\u00edticas p\u00fablicas en materia de mejora Regulatoria en Tamaulipas.<\/p>\n<ul>\n<li>\n<h1><span style=\"font-size: 24px; color: #333333;\"><strong>2018<\/strong><\/span><\/h1>\n<\/li>\n<\/ul>\n<p><a href=\"http:\/\/www.tamaulipas.gob.mx\/mejoraregulatoria\/wp-content\/uploads\/sites\/59\/2019\/06\/primer-sesion-cemr-2018.pdf\" target=\"_blank\" rel=\"noopener noreferrer\">Minuta Primera Sesi\u00f3n Ordinaria. 2018<\/a><\/p>\n<p><a href=\"http:\/\/www.tamaulipas.gob.mx\/mejoraregulatoria\/wp-content\/uploads\/sites\/59\/2019\/06\/segunda-sesion-cemr-2018.pdf\" target=\"_blank\" rel=\"noopener noreferrer\">Minuta Segunda Sesi\u00f3n Ordinaria. 2018<\/a><\/p>\n<ul>\n<li><span style=\"font-size: 24px;\"><strong>2019<\/strong><\/span><\/li>\n<\/ul>\n<p><a href=\"http:\/\/www.tamaulipas.gob.mx\/mejoraregulatoria\/wp-content\/uploads\/sites\/59\/2019\/02\/minuta-firmada-de-la-primera-sesion-ord.-2019-cemr.pdf\" target=\"_blank\" rel=\"noopener noreferrer\">Minuta Primera Sesi\u00f3n Ordinaria. 2019<\/a><\/p>\n<p><a href=\"http:\/\/www.tamaulipas.gob.mx\/mejoraregulatoria\/wp-content\/uploads\/sites\/59\/2019\/06\/pemr-2019.pdf\" target=\"_blank\" rel=\"noopener noreferrer\">Minuta Segunda Sesi\u00f3n Ordinaria. 2019<\/a><\/p>\n<ul>\n<li><span style=\"font-size: 24px;\"><strong>2020<\/strong><\/span><\/li>\n<\/ul>\n<p><a href=\"http:\/\/www.tamaulipas.gob.mx\/mejoraregulatoria\/wp-content\/uploads\/sites\/59\/2020\/12\/sesion-ord.-1-y-asistencia-.pdf\" target=\"_blank\" rel=\"noopener\">Minuta Primera Sesi\u00f3n Ordinaria 2020<\/a><\/p>\n<p><a href=\"http:\/\/www.tamaulipas.gob.mx\/mejoraregulatoria\/wp-content\/uploads\/sites\/59\/2020\/12\/sesion-ord.-2-y-asistencia-.pdf\" target=\"_blank\" rel=\"noopener\">Minuta Segunda Sesi\u00f3n Ordinaria 2020<\/a><\/p>\n<p><a href=\"http:\/\/www.tamaulipas.gob.mx\/mejoraregulatoria\/wp-content\/uploads\/sites\/59\/2021\/02\/informe-anual-consejo-estatal-mejora-regulatoria.pdf\" target=\"_blank\" rel=\"noopener\">Informe Anual de Actividades 2020<\/a><\/p>\n<ul>\n<li><span style=\"font-size: 24px;\"><strong>2021<\/strong><\/span><\/li>\n<\/ul>\n<p><a href=\"http:\/\/www.tamaulipas.gob.mx\/mejoraregulatoria\/wp-content\/uploads\/sites\/59\/2021\/03\/minuta-sesion-cemr-2021-1-final-ok-.pdf\" target=\"_blank\" rel=\"noopener\">Minuta Primera Sesi\u00f3n Ordinaria 2021<\/a><\/p>\n<p><a href=\"http:\/\/www.tamaulipas.gob.mx\/mejoraregulatoria\/wp-content\/uploads\/sites\/59\/2021\/06\/minuta-sesion-cemr-2021-2-final-.pdf\" target=\"_blank\" rel=\"noopener\">Minuta Segunda Sesi\u00f3n Ordinaria 2021<\/a><\/p>\n<p><a href=\"http:\/\/www.tamaulipas.gob.mx\/mejoraregulatoria\/wp-content\/uploads\/sites\/59\/2021\/12\/informe-anual-consejo-y-comision-1-1.pdf\" target=\"_blank\" rel=\"noopener\">Informe Anual de Actividades 2021<\/a><\/p>\n<ul>\n<li><span style=\"font-size: 24px;\"><strong>2022<\/strong><\/span><\/li>\n<\/ul>\n<p><a href=\"http:\/\/www.tamaulipas.gob.mx\/mejoraregulatoria\/wp-content\/uploads\/sites\/59\/2022\/03\/minuta-sesion-cemr-2022-2.pdf\" target=\"_blank\" rel=\"noopener\">Minuta Primera Sesi\u00f3n Ordinaria 2022<\/a><\/p>\n<p><a href=\"http:\/\/www.tamaulipas.gob.mx\/mejoraregulatoria\/wp-content\/uploads\/sites\/59\/2022\/09\/minuta-sesion-cemr-2022-2-segunda-sesion-de-consejo-estatal-de-mr-.pdf\" target=\"_blank\" rel=\"noopener\">Minuta Segunda Sesi\u00f3n Ordinaria 2022<\/a><\/p>\n<p><a href=\"http:\/\/www.tamaulipas.gob.mx\/mejoraregulatoria\/wp-content\/uploads\/sites\/59\/2022\/09\/informe-anual-de-actividades-2022-1.pdf\" target=\"_blank\" rel=\"noopener\">Informe Anual de Actividades 2022<\/a><\/p>\n<ul>\n<li><span style=\"font-size: 24px;\"><strong>2023<\/strong><\/span><\/li>\n<\/ul>\n<p><a href=\"http:\/\/www.tamaulipas.gob.mx\/mejoraregulatoria\/wp-content\/uploads\/sites\/59\/2023\/06\/acta-primera-sesion-ordinaria-2023-ok.pdf\" target=\"_blank\" rel=\"noopener\">Minuta Primera Sesi\u00f3n Ordinaria 2023<\/a><\/p>\n<p><a href=\"http:\/\/www.tamaulipas.gob.mx\/mejoraregulatoria\/wp-content\/uploads\/sites\/59\/2024\/05\/informe-anual-2023.pdf\" target=\"_blank\" rel=\"noopener\">Informe Anual de Actividades 2023<\/a><\/p>\n<ul>\n<li><span style=\"font-size: 24px;\"><strong>2024<\/strong><\/span><\/li>\n<\/ul>\n<p><a href=\"http:\/\/www.tamaulipas.gob.mx\/mejoraregulatoria\/wp-content\/uploads\/sites\/59\/2024\/11\/acta-primera-sesion-ordinaria-2024.pdf\">Minuta Primer Sesi\u00f3n Ordinaria 2024<\/a><\/p>\n<p>&nbsp;<\/p>\n","protected":false},"excerpt":{"rendered":"<p>Es el \u00f3rgano responsable de coordinar, consultar, analizar, deliberar y evaluar las pol\u00edticas p\u00fablicas en materia de mejora Regulatoria en Tamaulipas. 2018 Minuta Primera Sesi\u00f3n\u2026<\/p>\n","protected":false},"author":1,"featured_media":0,"parent":0,"menu_order":0,"comment_status":"closed","ping_status":"closed","template":"","meta":{"footnotes":""},"class_list":["post-34","page","type-page","status-publish","hentry"],"publishpress_future_action":{"enabled":false,"date":"2026-05-09 10:08:17","action":"change-status","newStatus":"draft","terms":[],"taxonomy":""},"_links":{"self":[{"href":"https:\/\/www.tamaulipas.gob.mx\/simplificacionydigitalizacion\/wp-json\/wp\/v2\/pages\/34"}],"collection":[{"href":"https:\/\/www.tamaulipas.gob.mx\/simplificacionydigitalizacion\/wp-json\/wp\/v2\/pages"}],"about":[{"href":"https:\/\/www.tamaulipas.gob.mx\/simplificacionydigitalizacion\/wp-json\/wp\/v2\/types\/page"}],"author":[{"embeddable":true,"href":"https:\/\/www.tamaulipas.gob.mx\/simplificacionydigitalizacion\/wp-json\/wp\/v2\/users\/1"}],"replies":[{"embeddable":true,"href":"https:\/\/www.tamaulipas.gob.mx\/simplificacionydigitalizacion\/wp-json\/wp\/v2\/comments?post=34"}],"version-history":[{"count":32,"href":"https:\/\/www.tamaulipas.gob.mx\/simplificacionydigitalizacion\/wp-json\/wp\/v2\/pages\/34\/revisions"}],"predecessor-version":[{"id":2053,"href":"https:\/\/www.tamaulipas.gob.mx\/simplificacionydigitalizacion\/wp-json\/wp\/v2\/pages\/34\/revisions\/2053"}],"wp:attachment":[{"href":"https:\/\/www.tamaulipas.gob.mx\/simplificacionydigitalizacion\/wp-json\/wp\/v2\/media?parent=34"}],"curies":[{"name":"wp","href":"https:\/\/api.w.org\/{rel}","templated":true}]}}