{"id":2466,"date":"2026-01-20T14:28:34","date_gmt":"2026-01-20T20:28:34","guid":{"rendered":"https:\/\/www.tamaulipas.gob.mx\/simplificacionydigitalizacion\/?page_id=2466"},"modified":"2026-01-20T16:37:11","modified_gmt":"2026-01-20T22:37:11","slug":"autoridades-municipales-de-simplificacion-y-digitalizacion","status":"publish","type":"page","link":"https:\/\/www.tamaulipas.gob.mx\/simplificacionydigitalizacion\/autoridades-municipales-de-simplificacion-y-digitalizacion\/","title":{"rendered":"Autoridades Municipales de Simplificaci\u00f3n y Digitalizaci\u00f3n"},"content":{"rendered":"<table class=\" table table-gobtam aligncenter\" style=\"height: 1824px; width: 64.8326%;\">\n<thead>\n<tr style=\"height: 24px;\">\n<td style=\"width: 57.7344px; height: 24px;\"><strong><span style=\"font-size: 14px;\">No.<\/span><\/strong><\/td>\n<td style=\"width: 260.828px; height: 24px;\"><span style=\"font-size: 14px;\"><strong>MUNICIPIO<\/strong><\/span><\/td>\n<td style=\"width: 554.766px; height: 24px;\"><span style=\"font-size: 14px;\"><strong>NOMBRE<\/strong><\/span><\/td>\n<\/tr>\n<\/thead>\n<tbody>\n<tr style=\"height: 24px;\">\n<td style=\"width: 57.7344px; height: 48px;\"><strong>1<\/strong><\/td>\n<td style=\"width: 260.828px; height: 48px;\">Abasolo<\/td>\n<td style=\"width: 554.766px; height: 48px;\">Lic. Pedro El\u00edas Faz Mora.<\/td>\n<\/tr>\n<tr style=\"height: 48px;\">\n<td style=\"width: 57.7344px; height: 48px;\"><strong>2<\/strong><\/td>\n<td style=\"width: 260.828px; height: 48px;\">Aldama<\/td>\n<td style=\"width: 554.766px; height: 48px;\">Lic. Hilda Valenzuela Mendoza<\/td>\n<\/tr>\n<tr style=\"height: 48px;\">\n<td style=\"width: 57.7344px; height: 48px;\"><strong>3<\/strong><\/td>\n<td style=\"width: 260.828px; height: 48px;\">Altamira<\/td>\n<td style=\"width: 554.766px; height: 48px;\">Mtro. Jos\u00e9 Mart\u00edn Ibarra Barr\u00f3n<\/td>\n<\/tr>\n<tr style=\"height: 48px;\">\n<td style=\"width: 57.7344px; height: 48px;\"><strong>4<\/strong><\/td>\n<td style=\"width: 260.828px; height: 48px;\">Antiguo Morelos<\/td>\n<td style=\"width: 554.766px; height: 48px;\">Lic. \u00c1ngel Armando Alvarado Balderas<\/td>\n<\/tr>\n<tr style=\"height: 48px;\">\n<td style=\"width: 57.7344px; height: 48px;\"><strong>5<\/strong><\/td>\n<td style=\"width: 260.828px; height: 48px;\">Burgos<\/td>\n<td style=\"width: 554.766px; height: 48px;\">Lic. Carlos Eduardo Garza Rivera<\/td>\n<\/tr>\n<tr style=\"height: 24px;\">\n<td style=\"width: 57.7344px; height: 48px;\"><strong>6<\/strong><\/td>\n<td style=\"width: 260.828px; height: 48px;\">Bustamante<\/td>\n<td style=\"width: 554.766px; height: 48px;\">Ing. Rold\u00e1n Verber Reyna<\/td>\n<\/tr>\n<tr style=\"height: 48px;\">\n<td style=\"width: 57.7344px; height: 48px;\"><strong>7<\/strong><\/td>\n<td style=\"width: 260.828px; height: 48px;\">Camargo<\/td>\n<td style=\"width: 554.766px; height: 48px;\">Lic. Abdiel Roberto \u00c1vila Castillo<\/td>\n<\/tr>\n<tr style=\"height: 24px;\">\n<td style=\"width: 57.7344px; height: 48px;\"><strong>8<\/strong><\/td>\n<td style=\"width: 260.828px; height: 48px;\">Casas<\/td>\n<td style=\"width: 554.766px; height: 48px;\">Lic. Ferm\u00edn Torres Escobar<\/td>\n<\/tr>\n<tr style=\"height: 24px;\">\n<td style=\"width: 57.7344px; height: 48px;\"><strong>9<\/strong><\/td>\n<td style=\"width: 260.828px; height: 48px;\">Madero<\/td>\n<td style=\"width: 554.766px; height: 48px;\">Ing. Francisco Galindo Lara<\/td>\n<\/tr>\n<tr style=\"height: 48px;\">\n<td style=\"width: 57.7344px; height: 48px;\"><strong>10<\/strong><\/td>\n<td style=\"width: 260.828px; height: 48px;\">Cruillas<\/td>\n<td style=\"width: 554.766px; height: 48px;\">C.P. Roberto De la Garza Garc\u00eda<\/td>\n<\/tr>\n<tr style=\"height: 48px;\">\n<td style=\"width: 57.7344px; height: 48px;\"><strong>11<\/strong><\/td>\n<td style=\"width: 260.828px; height: 48px;\">G\u00f3mez Farias<\/td>\n<td style=\"width: 554.766px; height: 48px;\">Lic. Jes\u00fas Emmanuel Torres Hern\u00e1ndez<\/td>\n<\/tr>\n<tr style=\"height: 24px;\">\n<td style=\"width: 57.7344px; height: 48px;\"><strong>12<\/strong><\/td>\n<td style=\"width: 260.828px; height: 48px;\">Gonz\u00e1lez<\/td>\n<td style=\"width: 554.766px; height: 48px;\">Lic. Irma Idalia Pulido Garc\u00eda<\/td>\n<\/tr>\n<tr style=\"height: 24px;\">\n<td style=\"width: 57.7344px; height: 48px;\"><strong>13<\/strong><\/td>\n<td style=\"width: 260.828px; height: 48px;\">G\u00fcemez<\/td>\n<td style=\"width: 554.766px; height: 48px;\">Lic. Daniela Jasso Rocha<\/td>\n<\/tr>\n<tr style=\"height: 48px;\">\n<td style=\"width: 57.7344px; height: 48px;\"><strong>14<\/strong><\/td>\n<td style=\"width: 260.828px; height: 48px;\">Guerrero<\/td>\n<td style=\"width: 554.766px; height: 48px;\">Lic. Jos\u00e9 Humberto Valadez Mu\u00f1oz<\/td>\n<\/tr>\n<tr style=\"height: 48px;\">\n<td style=\"width: 57.7344px; height: 48px;\"><strong>15<\/strong><\/td>\n<td style=\"width: 260.828px; height: 48px;\">Gustavo D\u00edaz Ordaz<\/td>\n<td style=\"width: 554.766px; height: 48px;\">Ing. Paola Cant\u00fa Sandoval<\/td>\n<\/tr>\n<tr style=\"height: 48px;\">\n<td style=\"width: 57.7344px; height: 48px;\"><strong>16<\/strong><\/td>\n<td style=\"width: 260.828px; height: 48px;\">Hidalgo<\/td>\n<td style=\"width: 554.766px; height: 48px;\">Lic. Jorge Enrique Lazcano Yado<\/td>\n<\/tr>\n<tr style=\"height: 48px;\">\n<td style=\"width: 57.7344px; height: 48px;\"><strong>17<\/strong><\/td>\n<td style=\"width: 260.828px; height: 48px;\">Jaumave<\/td>\n<td style=\"width: 554.766px; height: 48px;\">Ing. Aldo Gibr\u00e1n Reyna V\u00e1zquez<\/td>\n<\/tr>\n<tr style=\"height: 48px;\">\n<td style=\"width: 57.7344px; height: 48px;\"><strong>18<\/strong><\/td>\n<td style=\"width: 260.828px; height: 48px;\">Jim\u00e9nez<\/td>\n<td style=\"width: 554.766px; height: 48px;\">Lic. Ixamar Yamileth Cepeda Becerra<\/td>\n<\/tr>\n<tr style=\"height: 24px;\">\n<td style=\"width: 57.7344px; height: 24px;\"><strong>19<\/strong><\/td>\n<td style=\"width: 260.828px; height: 24px;\">Llera<\/td>\n<td style=\"width: 554.766px; height: 24px;\">Lic. Pedro P\u00e9rez de Le\u00f3n<\/td>\n<\/tr>\n<tr style=\"height: 48px;\">\n<td style=\"width: 57.7344px; height: 48px;\"><strong>20<\/strong><\/td>\n<td style=\"width: 260.828px; height: 48px;\">Mainero<\/td>\n<td style=\"width: 554.766px; height: 48px;\">Lic. Heriberto Mart\u00ednez Partlan<\/td>\n<\/tr>\n<tr style=\"height: 48px;\">\n<td style=\"width: 57.7344px; height: 48px;\"><strong>21<\/strong><\/td>\n<td style=\"width: 260.828px; height: 48px;\">Mante<\/td>\n<td style=\"width: 554.766px; height: 48px;\">Lic. Dulce Idalia Mireles V\u00e1zquez<\/td>\n<\/tr>\n<tr style=\"height: 24px;\">\n<td style=\"width: 57.7344px; height: 48px;\"><strong>22<\/strong><\/td>\n<td style=\"width: 260.828px; height: 48px;\">Matamoros<\/td>\n<td style=\"width: 554.766px; height: 48px;\">Lic. Miguel Machuca Mata<\/td>\n<\/tr>\n<tr style=\"height: 48px;\">\n<td style=\"width: 57.7344px; height: 48px;\"><strong>23<\/strong><\/td>\n<td style=\"width: 260.828px; height: 48px;\">M\u00e9ndez<\/td>\n<td style=\"width: 554.766px; height: 48px;\">Ing. Edgar de Jes\u00fas Escobedo Y\u00e1\u00f1ez<\/td>\n<\/tr>\n<tr style=\"height: 48px;\">\n<td style=\"width: 57.7344px; height: 48px;\"><strong>24<\/strong><\/td>\n<td style=\"width: 260.828px; height: 48px;\">Mier<\/td>\n<td style=\"width: 554.766px; height: 48px;\">Ing. Rub\u00e9n Guillermo Olivares Soto<\/td>\n<\/tr>\n<tr style=\"height: 48px;\">\n<td style=\"width: 57.7344px; height: 48px;\"><strong>25<\/strong><\/td>\n<td style=\"width: 260.828px; height: 48px;\">Miguel Alem\u00e1n<\/td>\n<td style=\"width: 554.766px; height: 48px;\">Ing. Miguel \u00c1ngel Mortero Carranza<\/td>\n<\/tr>\n<tr style=\"height: 48px;\">\n<td style=\"width: 57.7344px; height: 48px;\"><strong>26<\/strong><\/td>\n<td style=\"width: 260.828px; height: 48px;\">Miquihuana<\/td>\n<td style=\"width: 554.766px; height: 48px;\">Lic. Hern\u00e1n Rafael Bravo Bravo<\/td>\n<\/tr>\n<tr style=\"height: 48px;\">\n<td style=\"width: 57.7344px; height: 48px;\"><strong>27<\/strong><\/td>\n<td style=\"width: 260.828px; height: 48px;\">Nuevo Laredo<\/td>\n<td style=\"width: 554.766px; height: 48px;\">Lic. Elsa Judith L\u00f3pez P\u00e9rez<\/td>\n<\/tr>\n<tr style=\"height: 48px;\">\n<td style=\"width: 57.7344px; height: 48px;\"><strong>28<\/strong><\/td>\n<td style=\"width: 260.828px; height: 48px;\">Nuevo Morelos<\/td>\n<td style=\"width: 554.766px; height: 48px;\">C.P. Miriam Mares Trist\u00e1n<\/td>\n<\/tr>\n<tr style=\"height: 24px;\">\n<td style=\"width: 57.7344px; height: 48px;\"><strong>29<\/strong><\/td>\n<td style=\"width: 260.828px; height: 48px;\">Ocampo<\/td>\n<td style=\"width: 554.766px; height: 48px;\">Ing. Leonel Alfaro Le\u00f3n<\/td>\n<\/tr>\n<tr style=\"height: 48px;\">\n<td style=\"width: 57.7344px; height: 48px;\"><strong>30<\/strong><\/td>\n<td style=\"width: 260.828px; height: 48px;\">Padilla<\/td>\n<td style=\"width: 554.766px; height: 48px;\">Lic. Sanjuanita Garc\u00eda Gonz\u00e1lez<\/td>\n<\/tr>\n<tr style=\"height: 48px;\">\n<td style=\"width: 57.7344px; height: 48px;\"><strong>31<\/strong><\/td>\n<td style=\"width: 260.828px; height: 48px;\">Palmillas<\/td>\n<td style=\"width: 554.766px; height: 48px;\">Lic. Carlos Omar C\u00f3rdova Maldonado<\/td>\n<\/tr>\n<tr style=\"height: 48px;\">\n<td style=\"width: 57.7344px; height: 48px;\"><strong>32<\/strong><\/td>\n<td style=\"width: 260.828px; height: 48px;\">Reynosa<\/td>\n<td style=\"width: 554.766px; height: 48px;\">Lic. Ernesto G\u00f3mez de la Pe\u00f1a<\/td>\n<\/tr>\n<tr style=\"height: 24px;\">\n<td style=\"width: 57.7344px; height: 48px;\"><strong>33<\/strong><\/td>\n<td style=\"width: 260.828px; height: 48px;\">Rio Bravo<\/td>\n<td style=\"width: 554.766px; height: 48px;\">Lic. Salom\u00f3n Pecero del \u00c1ngel<\/td>\n<\/tr>\n<tr style=\"height: 24px;\">\n<td style=\"width: 57.7344px; height: 48px;\"><strong>34<\/strong><\/td>\n<td style=\"width: 260.828px; height: 48px;\">San Carlos<\/td>\n<td style=\"width: 554.766px; height: 48px;\">Lic. Mart\u00edn P\u00e9rez Flores<\/td>\n<\/tr>\n<tr style=\"height: 48px;\">\n<td style=\"width: 57.7344px; height: 48px;\"><strong>35<\/strong><\/td>\n<td style=\"width: 260.828px; height: 48px;\">San Fernando<\/td>\n<td style=\"width: 554.766px; height: 48px;\">Ing. Cristian Ren\u00e9 Guerrero Hern\u00e1ndez<\/td>\n<\/tr>\n<tr style=\"height: 48px;\">\n<td style=\"width: 57.7344px; height: 48px;\"><strong>36<\/strong><\/td>\n<td style=\"width: 260.828px; height: 48px;\">San Nicol\u00e1s<\/td>\n<td style=\"width: 554.766px; height: 48px;\">Lic. Ivone Alejandra Alaffita Ramirez<\/td>\n<\/tr>\n<tr style=\"height: 48px;\">\n<td style=\"width: 57.7344px; height: 48px;\"><strong>37<\/strong><\/td>\n<td style=\"width: 260.828px; height: 48px;\">Soto la Marina<\/td>\n<td style=\"width: 554.766px; height: 48px;\">Lic. Eduardo Daniel Porras Cervantes<\/td>\n<\/tr>\n<tr style=\"height: 48px;\">\n<td style=\"width: 57.7344px; height: 48px;\"><strong>38<\/strong><\/td>\n<td style=\"width: 260.828px; height: 48px;\">Tampico<\/td>\n<td style=\"width: 554.766px; height: 48px;\">Mtra. Martha Patricia Del \u00c1ngel Rivas<\/td>\n<\/tr>\n<tr style=\"height: 48px;\">\n<td style=\"width: 57.7344px; height: 48px;\"><strong>39<\/strong><\/td>\n<td style=\"width: 260.828px; height: 48px;\">Victoria<\/td>\n<td style=\"width: 554.766px; height: 48px;\">Lic. Heriberto Z\u00e1rate Cisneros<\/td>\n<\/tr>\n<tr style=\"height: 48px;\">\n<td style=\"width: 57.7344px; height: 48px;\"><strong>41<\/strong><\/td>\n<td style=\"width: 260.828px; height: 48px;\">Valle Hermoso<\/td>\n<td style=\"width: 554.766px; height: 48px;\">Prof. Juan Carlos Rivera D\u00e1vila<\/td>\n<\/tr>\n<tr style=\"height: 48px;\">\n<td style=\"width: 57.7344px; height: 48px;\"><strong>40<\/strong><\/td>\n<td style=\"width: 260.828px; height: 48px;\">Tula<\/td>\n<td style=\"width: 554.766px; height: 48px;\">Lic. Edgar Uriel Gonz\u00e1lez Z\u00fa\u00f1iga<\/td>\n<\/tr>\n<tr style=\"height: 48px;\">\n<td style=\"width: 57.7344px; height: 48px;\"><strong>42<\/strong><\/td>\n<td style=\"width: 260.828px; height: 48px;\">Villagr\u00e1n<\/td>\n<td style=\"width: 554.766px; height: 48px;\">Ing. Salvador de Jes\u00fas Cuevas Rodr\u00edguez<\/td>\n<\/tr>\n<tr style=\"height: 48px;\">\n<td style=\"width: 57.7344px; height: 48px;\"><strong>43<\/strong><\/td>\n<td style=\"width: 260.828px; height: 48px;\">Xicot\u00e9ncatl<\/td>\n<td style=\"width: 554.766px; height: 48px;\">Ing. Bryan Daniel Ledezma Viveros<\/td>\n<\/tr>\n<\/tbody>\n<\/table>\n<p>&nbsp;<\/p>\n","protected":false},"excerpt":{"rendered":"<p>No. MUNICIPIO NOMBRE 1 Abasolo Lic. Pedro El\u00edas Faz Mora. 2 Aldama Lic. Hilda Valenzuela Mendoza 3 Altamira Mtro. Jos\u00e9 Mart\u00edn Ibarra Barr\u00f3n 4 Antiguo\u2026<\/p>\n","protected":false},"author":300,"featured_media":0,"parent":0,"menu_order":0,"comment_status":"closed","ping_status":"closed","template":"","meta":{"footnotes":""},"class_list":["post-2466","page","type-page","status-publish","hentry"],"publishpress_future_action":{"enabled":false,"date":"2026-04-28 03:29:02","action":"change-status","newStatus":"draft","terms":[],"taxonomy":""},"_links":{"self":[{"href":"https:\/\/www.tamaulipas.gob.mx\/simplificacionydigitalizacion\/wp-json\/wp\/v2\/pages\/2466"}],"collection":[{"href":"https:\/\/www.tamaulipas.gob.mx\/simplificacionydigitalizacion\/wp-json\/wp\/v2\/pages"}],"about":[{"href":"https:\/\/www.tamaulipas.gob.mx\/simplificacionydigitalizacion\/wp-json\/wp\/v2\/types\/page"}],"author":[{"embeddable":true,"href":"https:\/\/www.tamaulipas.gob.mx\/simplificacionydigitalizacion\/wp-json\/wp\/v2\/users\/300"}],"replies":[{"embeddable":true,"href":"https:\/\/www.tamaulipas.gob.mx\/simplificacionydigitalizacion\/wp-json\/wp\/v2\/comments?post=2466"}],"version-history":[{"count":19,"href":"https:\/\/www.tamaulipas.gob.mx\/simplificacionydigitalizacion\/wp-json\/wp\/v2\/pages\/2466\/revisions"}],"predecessor-version":[{"id":2486,"href":"https:\/\/www.tamaulipas.gob.mx\/simplificacionydigitalizacion\/wp-json\/wp\/v2\/pages\/2466\/revisions\/2486"}],"wp:attachment":[{"href":"https:\/\/www.tamaulipas.gob.mx\/simplificacionydigitalizacion\/wp-json\/wp\/v2\/media?parent=2466"}],"curies":[{"name":"wp","href":"https:\/\/api.w.org\/{rel}","templated":true}]}}