{"id":2358,"date":"2025-08-12T19:10:38","date_gmt":"2025-08-13T01:10:38","guid":{"rendered":"https:\/\/www.tamaulipas.gob.mx\/mejoraregulatoria\/?page_id=2358"},"modified":"2026-04-16T18:29:27","modified_gmt":"2026-04-17T00:29:27","slug":"acuerdos-de-simplificacion","status":"publish","type":"page","link":"https:\/\/www.tamaulipas.gob.mx\/simplificacionydigitalizacion\/acuerdos-de-simplificacion\/","title":{"rendered":"Acuerdos de Simplificaci\u00f3n Estatal"},"content":{"rendered":"<p><span style=\"font-weight: 400;\">Es el instrumento normativo emitido por la autoridad competente, mediante el cual se establecen medidas, disposiciones o modificaciones orientadas a simplificar, digitalizar o eliminar tr\u00e1mites y servicios p\u00fablicos, con el fin de reducir cargas administrativas, acortar tiempos de respuesta y facilitar la interacci\u00f3n entre la ciudadan\u00eda y las instituciones gubernamentales.<\/span><\/p>\n<h3>Secretar\u00eda General de Gobierno<\/h3>\n<ul>\n<li><a href=\"http:\/\/www.tamaulipas.gob.mx\/mejoraregulatoria\/wp-content\/uploads\/sites\/59\/2025\/08\/doc-20250122-wa0015.pdf\" target=\"_blank\" rel=\"noopener\">Acuerdo de Simplificaci\u00f3n de la Coordinaci\u00f3n General del Registro Civil<\/a><\/li>\n<li><a href=\"http:\/\/www.tamaulipas.gob.mx\/mejoraregulatoria\/wp-content\/uploads\/sites\/59\/2025\/08\/cl-79-020725.pdf\" target=\"_blank\" rel=\"noopener\">Acuerdo de Simplificaci\u00f3n de la Coordinaci\u00f3n Instituto Registral y Catastral del Estado de Tamaulipas &#8211; Registro P\u00fablico de la Propiedad<\/a><\/li>\n<li><a href=\"http:\/\/www.tamaulipas.gob.mx\/mejoraregulatoria\/wp-content\/uploads\/sites\/59\/2025\/08\/cl-79-020725.pdf\" target=\"_blank\" rel=\"noopener\">Acuerdo de Simplificaci\u00f3n del Instituto Registral y Catastral del Estado de Tamaulipas &#8211; Catastro<\/a><\/li>\n<li><a href=\"http:\/\/www.tamaulipas.gob.mx\/simplificacionydigitalizacion\/wp-content\/uploads\/sites\/59\/2026\/01\/proteccioncivil.pdf\" target=\"_blank\" rel=\"noopener\">Acuerdo de Simplificaci\u00f3n de Protecci\u00f3n Civil<\/a><\/li>\n<\/ul>\n<p>&nbsp;<\/p>\n<h3>Secretar\u00eda de Finanzas<\/h3>\n<ul>\n<li><a href=\"http:\/\/www.tamaulipas.gob.mx\/simplificacionydigitalizacion\/wp-content\/uploads\/sites\/59\/2026\/01\/secretariafinanzas.pdf\" target=\"_blank\" rel=\"noopener\">Acuerdo de Simplificaci\u00f3n de la Secretar\u00eda de Finanzas<\/a><\/li>\n<\/ul>\n<p>&nbsp;<\/p>\n<h3>Secretar\u00eda de Obras P\u00fablicas<\/h3>\n<ul>\n<li><a href=\"http:\/\/www.tamaulipas.gob.mx\/simplificacionydigitalizacion\/wp-content\/uploads\/sites\/59\/2026\/01\/secretariaobraspublicas.pdf\" target=\"_blank\" rel=\"noopener\">Acuerdo de Simplificaci\u00f3n de Secretar\u00eda de Obras P\u00fablicas<\/a><\/li>\n<\/ul>\n<p>&nbsp;<\/p>\n<h3>Secretar\u00eda de Seguridad P\u00fablica<\/h3>\n<ul>\n<li><a href=\"http:\/\/www.tamaulipas.gob.mx\/simplificacionydigitalizacion\/wp-content\/uploads\/sites\/59\/2026\/01\/seguridadpublica.pdf\" target=\"_blank\" rel=\"noopener\">Acuerdo de Simplificaci\u00f3n de la Secretar\u00eda de Seguridad P\u00fablica<\/a><\/li>\n<\/ul>\n<p>&nbsp;<\/p>\n<h3>Secretar\u00eda de Salud<\/h3>\n<ul>\n<li><a href=\"http:\/\/www.tamaulipas.gob.mx\/simplificacionydigitalizacion\/wp-content\/uploads\/sites\/59\/2026\/01\/coepris.pdf\" target=\"_blank\" rel=\"noopener\">Acuerdo de Simplificaci\u00f3n de la COEPRIS<\/a><\/li>\n<\/ul>\n","protected":false},"excerpt":{"rendered":"<p>Es el instrumento normativo emitido por la autoridad competente, mediante el cual se establecen medidas, disposiciones o modificaciones orientadas a simplificar, digitalizar o eliminar tr\u00e1mites\u2026<\/p>\n","protected":false},"author":300,"featured_media":0,"parent":0,"menu_order":0,"comment_status":"closed","ping_status":"closed","template":"","meta":{"footnotes":""},"class_list":["post-2358","page","type-page","status-publish","hentry"],"publishpress_future_action":{"enabled":false,"date":"2026-04-28 01:39:40","action":"change-status","newStatus":"draft","terms":[],"taxonomy":""},"_links":{"self":[{"href":"https:\/\/www.tamaulipas.gob.mx\/simplificacionydigitalizacion\/wp-json\/wp\/v2\/pages\/2358"}],"collection":[{"href":"https:\/\/www.tamaulipas.gob.mx\/simplificacionydigitalizacion\/wp-json\/wp\/v2\/pages"}],"about":[{"href":"https:\/\/www.tamaulipas.gob.mx\/simplificacionydigitalizacion\/wp-json\/wp\/v2\/types\/page"}],"author":[{"embeddable":true,"href":"https:\/\/www.tamaulipas.gob.mx\/simplificacionydigitalizacion\/wp-json\/wp\/v2\/users\/300"}],"replies":[{"embeddable":true,"href":"https:\/\/www.tamaulipas.gob.mx\/simplificacionydigitalizacion\/wp-json\/wp\/v2\/comments?post=2358"}],"version-history":[{"count":14,"href":"https:\/\/www.tamaulipas.gob.mx\/simplificacionydigitalizacion\/wp-json\/wp\/v2\/pages\/2358\/revisions"}],"predecessor-version":[{"id":2804,"href":"https:\/\/www.tamaulipas.gob.mx\/simplificacionydigitalizacion\/wp-json\/wp\/v2\/pages\/2358\/revisions\/2804"}],"wp:attachment":[{"href":"https:\/\/www.tamaulipas.gob.mx\/simplificacionydigitalizacion\/wp-json\/wp\/v2\/media?parent=2358"}],"curies":[{"name":"wp","href":"https:\/\/api.w.org\/{rel}","templated":true}]}}