{"id":2351,"date":"2025-08-12T18:22:35","date_gmt":"2025-08-13T00:22:35","guid":{"rendered":"https:\/\/www.tamaulipas.gob.mx\/mejoraregulatoria\/?page_id=2351"},"modified":"2025-08-12T19:15:24","modified_gmt":"2025-08-13T01:15:24","slug":"historico","status":"publish","type":"page","link":"https:\/\/www.tamaulipas.gob.mx\/simplificacionydigitalizacion\/historico\/","title":{"rendered":"Hist\u00f3rico Mejora Regulatoria"},"content":{"rendered":"<p><a href=\"https:\/\/www.tamaulipas.gob.mx\/mejoraregulatoria\/catalogo-estatal\/\">Cat\u00e1logo Estatal de Regulaciones, Tr\u00e1mites y Servicios<\/a><\/p>\n<p><a href=\"https:\/\/www.tamaulipas.gob.mx\/mejoraregulatoria\/registro-de-visitas-domiciliarias\/\">Registro de Visitas Domiciliarias<\/a><\/p>\n<p><a href=\"https:\/\/www.tamaulipas.gob.mx\/mejoraregulatoria\/agenda\/\">Agenda regulatoria<\/a><\/p>\n<p><a href=\"https:\/\/www.tamaulipas.gob.mx\/mejoraregulatoria\/analisis-de-impacto-regulatorio\/\">An\u00e1lisis de Impacto Regulatorio<\/a><\/p>\n<p><a href=\"https:\/\/www.tamaulipas.gob.mx\/mejoraregulatoria\/protesta-ciudadana\/\">Protesta Ciudadana<\/a><\/p>\n<p><a href=\"https:\/\/www.tamaulipas.gob.mx\/mejoraregulatoria\/manual-de-procedimientos-de-mejora-regulatoria\/\">Manual de Procedimientos de Mejora Regulatoria<\/a><\/p>\n<p><a href=\"https:\/\/www.tamaulipas.gob.mx\/mejoraregulatoria\/programas-de-mejora-regulatoria\/\">Programas de Mejora Regulatoria<\/a><\/p>\n<p><a href=\"https:\/\/www.tamaulipas.gob.mx\/mejoraregulatoria\/programas-municipales-de-mejora-regulatoria\/\">Programas Municipales de Mejora Regulatoria<\/a><\/p>\n<p>Informaci\u00f3n Estad\u00edstica<\/p>\n<ul>\n<li><a href=\"https:\/\/www.onmr.org\/\">ONMR<\/a><\/li>\n<li><a href=\"https:\/\/www.inegi.org.mx\/programas\/encig\/2023\/\">INEGI<\/a><\/li>\n<\/ul>\n<p><a href=\"https:\/\/www.tamaulipas.gob.mx\/mejoraregulatoria\/registro-estatal-de-regulaciones\/\">Registro Estatal de Regulaciones<\/a><\/p>\n","protected":false},"excerpt":{"rendered":"<p>Cat\u00e1logo Estatal de Regulaciones, Tr\u00e1mites y Servicios Registro de Visitas Domiciliarias Agenda regulatoria An\u00e1lisis de Impacto Regulatorio Protesta Ciudadana Manual de Procedimientos de Mejora Regulatoria\u2026<\/p>\n","protected":false},"author":300,"featured_media":0,"parent":0,"menu_order":0,"comment_status":"closed","ping_status":"closed","template":"","meta":{"footnotes":""},"class_list":["post-2351","page","type-page","status-publish","hentry"],"publishpress_future_action":{"enabled":false,"date":"2026-04-28 01:57:59","action":"change-status","newStatus":"draft","terms":[],"taxonomy":""},"_links":{"self":[{"href":"https:\/\/www.tamaulipas.gob.mx\/simplificacionydigitalizacion\/wp-json\/wp\/v2\/pages\/2351"}],"collection":[{"href":"https:\/\/www.tamaulipas.gob.mx\/simplificacionydigitalizacion\/wp-json\/wp\/v2\/pages"}],"about":[{"href":"https:\/\/www.tamaulipas.gob.mx\/simplificacionydigitalizacion\/wp-json\/wp\/v2\/types\/page"}],"author":[{"embeddable":true,"href":"https:\/\/www.tamaulipas.gob.mx\/simplificacionydigitalizacion\/wp-json\/wp\/v2\/users\/300"}],"replies":[{"embeddable":true,"href":"https:\/\/www.tamaulipas.gob.mx\/simplificacionydigitalizacion\/wp-json\/wp\/v2\/comments?post=2351"}],"version-history":[{"count":2,"href":"https:\/\/www.tamaulipas.gob.mx\/simplificacionydigitalizacion\/wp-json\/wp\/v2\/pages\/2351\/revisions"}],"predecessor-version":[{"id":2366,"href":"https:\/\/www.tamaulipas.gob.mx\/simplificacionydigitalizacion\/wp-json\/wp\/v2\/pages\/2351\/revisions\/2366"}],"wp:attachment":[{"href":"https:\/\/www.tamaulipas.gob.mx\/simplificacionydigitalizacion\/wp-json\/wp\/v2\/media?parent=2351"}],"curies":[{"name":"wp","href":"https:\/\/api.w.org\/{rel}","templated":true}]}}