{"id":1908,"date":"2024-05-10T10:22:42","date_gmt":"2024-05-10T16:22:42","guid":{"rendered":"https:\/\/www.tamaulipas.gob.mx\/mejoraregulatoria\/?page_id=1908"},"modified":"2024-05-11T11:19:22","modified_gmt":"2024-05-11T17:19:22","slug":"manual-de-procedimientos-de-mejora-regulatoria","status":"publish","type":"page","link":"https:\/\/www.tamaulipas.gob.mx\/simplificacionydigitalizacion\/manual-de-procedimientos-de-mejora-regulatoria\/","title":{"rendered":"Manual de Procedimientos de Mejora Regulatoria"},"content":{"rendered":"<p style=\"text-align: justify;\">Promover la mejora en las regulaciones vigentes e implementar acciones de simplificaci\u00f3n de tr\u00e1mites y servicios de los Sujetos Obligados, considerando los Lineamientos para elaborar los Programas de Mejora Regulatoria de la Administraci\u00f3n P\u00fablica Estatal y Municipal, a fin de dar cumplimiento a la pol\u00edtica de mejora regulatoria en el Estado.<\/p>\n<h3 style=\"text-align: left;\"><a href=\"http:\/\/www.tamaulipas.gob.mx\/mejoraregulatoria\/wp-content\/uploads\/sites\/59\/2024\/05\/mp-mr-2023-observatorio.pdf\">Manual de Procedimientos de Herramientas de Mejora Regulatoria<\/a><\/h3>\n<ul>\n<li>Programa Estatal de Mejora Regulatoria<\/li>\n<li>Reporte de Avance Trimestral<\/li>\n<li>Informe Anual del Programa de Mejora Regulatoria<\/li>\n<li>Registro Estatal de Tr\u00e1mites y Servicios<\/li>\n<li>Registro Estatal de Visitas Domiciliarias<\/li>\n<li>Exenci\u00f3n del An\u00e1lisis de Impacto Regulatorio de las Reglas o Lineamientos de Operaci\u00f3n de los Programas Presupuestarios<\/li>\n<li>Agenda Regulatoria<\/li>\n<li>Protesta Ciudadana<\/li>\n<li>Programa de Simplificaci\u00f3n de Cargas Administrativas (SIMPLIFICA)<\/li>\n<li>M\u00e9todo Econ\u00f3mico y Jur\u00eddico de Reforma Administrativa (MEJORA)<\/li>\n<li>Programa Nacional de Juicios Orales (JOM)<\/li>\n<li>Sistema de Apertura R\u00e1pida de Empresas (SARE)<\/li>\n<li>Programa Reconocimiento y Operaci\u00f3n del Sistema de Apertura R\u00e1pida de Empresas (PROSARE)<\/li>\n<li>Ventanilla de Construcci\u00f3n Simplificada (VECS)<\/li>\n<li>Programa de Reforma a Sectores Prioritarios PROREFORMA)<\/li>\n<li>Foros, Conferencias, Asesor\u00edas y Programas de Capacitaci\u00f3n a Sujetos Obligados<\/li>\n<li>Encuestas a usuarios de Tr\u00e1mites, Regulaciones e Inspecciones<\/li>\n<\/ul>\n<div class=\"table-responsive\"><\/div>\n","protected":false},"excerpt":{"rendered":"<p>Promover la mejora en las regulaciones vigentes e implementar acciones de simplificaci\u00f3n de tr\u00e1mites y servicios de los Sujetos Obligados, considerando los Lineamientos para elaborar\u2026<\/p>\n","protected":false},"author":236,"featured_media":0,"parent":0,"menu_order":0,"comment_status":"closed","ping_status":"closed","template":"","meta":{"footnotes":""},"class_list":["post-1908","page","type-page","status-publish","hentry"],"publishpress_future_action":{"enabled":false,"date":"2026-04-28 03:40:56","action":"change-status","newStatus":"draft","terms":[],"taxonomy":""},"_links":{"self":[{"href":"https:\/\/www.tamaulipas.gob.mx\/simplificacionydigitalizacion\/wp-json\/wp\/v2\/pages\/1908"}],"collection":[{"href":"https:\/\/www.tamaulipas.gob.mx\/simplificacionydigitalizacion\/wp-json\/wp\/v2\/pages"}],"about":[{"href":"https:\/\/www.tamaulipas.gob.mx\/simplificacionydigitalizacion\/wp-json\/wp\/v2\/types\/page"}],"author":[{"embeddable":true,"href":"https:\/\/www.tamaulipas.gob.mx\/simplificacionydigitalizacion\/wp-json\/wp\/v2\/users\/236"}],"replies":[{"embeddable":true,"href":"https:\/\/www.tamaulipas.gob.mx\/simplificacionydigitalizacion\/wp-json\/wp\/v2\/comments?post=1908"}],"version-history":[{"count":7,"href":"https:\/\/www.tamaulipas.gob.mx\/simplificacionydigitalizacion\/wp-json\/wp\/v2\/pages\/1908\/revisions"}],"predecessor-version":[{"id":1925,"href":"https:\/\/www.tamaulipas.gob.mx\/simplificacionydigitalizacion\/wp-json\/wp\/v2\/pages\/1908\/revisions\/1925"}],"wp:attachment":[{"href":"https:\/\/www.tamaulipas.gob.mx\/simplificacionydigitalizacion\/wp-json\/wp\/v2\/media?parent=1908"}],"curies":[{"name":"wp","href":"https:\/\/api.w.org\/{rel}","templated":true}]}}