{"id":1879,"date":"2024-04-16T12:48:32","date_gmt":"2024-04-16T18:48:32","guid":{"rendered":"https:\/\/www.tamaulipas.gob.mx\/mejoraregulatoria\/?page_id=1879"},"modified":"2024-11-13T15:59:04","modified_gmt":"2024-11-13T21:59:04","slug":"protesta-ciudadana","status":"publish","type":"page","link":"https:\/\/www.tamaulipas.gob.mx\/simplificacionydigitalizacion\/protesta-ciudadana\/","title":{"rendered":"Protesta Ciudadana"},"content":{"rendered":"<h5 style=\"text-align: justify;\"><span style=\"font-size: 14px;\">La Protesta Ciudadana es el sistema por el cual la poblaci\u00f3n podr\u00e1 presentar inconformidades cuando las y los servidores p\u00fablicos se nieguen, sin causa justificada, a gestionar un Tr\u00e1mite o Servicio, o bien, cuando alteren la informaci\u00f3n que conste en el Registro Estatal de Tr\u00e1mites y Servicios, sobre la manera en que debe ofrecerse los mismos.<\/span><\/h5>\n<p>&nbsp;<\/p>\n<p>&nbsp;<\/p>\n<h1><span style=\"font-size: 28px;\"><a href=\"https:\/\/docs.google.com\/forms\/d\/e\/1FAIpQLSdU0syMULI7ns1hbd6M1acgjeC_trNav7KSMulrJZ7Om4EOfQ\/viewform\" target=\"_blank\" rel=\"noopener\">Realiza aqui tu Protesta Ciudadana<\/a><\/span><\/h1>\n<p>&nbsp;<\/p>\n<p>&nbsp;<\/p>\n<p>&nbsp;<\/p>\n","protected":false},"excerpt":{"rendered":"<p>La Protesta Ciudadana es el sistema por el cual la poblaci\u00f3n podr\u00e1 presentar inconformidades cuando las y los servidores p\u00fablicos se nieguen, sin causa justificada,\u2026<\/p>\n","protected":false},"author":236,"featured_media":0,"parent":0,"menu_order":0,"comment_status":"closed","ping_status":"closed","template":"","meta":{"footnotes":""},"class_list":["post-1879","page","type-page","status-publish","hentry"],"publishpress_future_action":{"enabled":false,"date":"2026-04-21 21:20:03","action":"change-status","newStatus":"draft","terms":[],"taxonomy":""},"_links":{"self":[{"href":"https:\/\/www.tamaulipas.gob.mx\/simplificacionydigitalizacion\/wp-json\/wp\/v2\/pages\/1879"}],"collection":[{"href":"https:\/\/www.tamaulipas.gob.mx\/simplificacionydigitalizacion\/wp-json\/wp\/v2\/pages"}],"about":[{"href":"https:\/\/www.tamaulipas.gob.mx\/simplificacionydigitalizacion\/wp-json\/wp\/v2\/types\/page"}],"author":[{"embeddable":true,"href":"https:\/\/www.tamaulipas.gob.mx\/simplificacionydigitalizacion\/wp-json\/wp\/v2\/users\/236"}],"replies":[{"embeddable":true,"href":"https:\/\/www.tamaulipas.gob.mx\/simplificacionydigitalizacion\/wp-json\/wp\/v2\/comments?post=1879"}],"version-history":[{"count":15,"href":"https:\/\/www.tamaulipas.gob.mx\/simplificacionydigitalizacion\/wp-json\/wp\/v2\/pages\/1879\/revisions"}],"predecessor-version":[{"id":2007,"href":"https:\/\/www.tamaulipas.gob.mx\/simplificacionydigitalizacion\/wp-json\/wp\/v2\/pages\/1879\/revisions\/2007"}],"wp:attachment":[{"href":"https:\/\/www.tamaulipas.gob.mx\/simplificacionydigitalizacion\/wp-json\/wp\/v2\/media?parent=1879"}],"curies":[{"name":"wp","href":"https:\/\/api.w.org\/{rel}","templated":true}]}}