{"id":16,"date":"2018-12-18T12:03:54","date_gmt":"2018-12-18T18:03:54","guid":{"rendered":"https:\/\/www.tamaulipas.gob.mx\/mejoraregulatoria\/?page_id=16"},"modified":"2025-08-14T10:42:04","modified_gmt":"2025-08-14T16:42:04","slug":"conocenos","status":"publish","type":"page","link":"https:\/\/www.tamaulipas.gob.mx\/simplificacionydigitalizacion\/conocenos\/","title":{"rendered":"Con\u00f3cenos"},"content":{"rendered":"<p>Es la instancia responsable de coordinar, implementar y supervisar en Tamaulipas las pol\u00edticas, estrategias y modelos nacionales de simplificaci\u00f3n administrativa y transformaci\u00f3n digital previstos en la Ley Nacional para Eliminar Tr\u00e1mites Burocr\u00e1ticos.<\/p>\n<p>Su funci\u00f3n es garantizar que los tr\u00e1mites y servicios p\u00fablicos sean claros, \u00e1giles, accesibles y digitales, reduciendo cargas administrativas y costos burocr\u00e1ticos, promoviendo la interoperabilidad entre instituciones y fortaleciendo la confianza ciudadana mediante procesos eficientes y transparentes.<\/p>\n","protected":false},"excerpt":{"rendered":"<p>Es la instancia responsable de coordinar, implementar y supervisar en Tamaulipas las pol\u00edticas, estrategias y modelos nacionales de simplificaci\u00f3n administrativa y transformaci\u00f3n digital previstos en\u2026<\/p>\n","protected":false},"author":1,"featured_media":0,"parent":0,"menu_order":0,"comment_status":"closed","ping_status":"closed","template":"","meta":{"footnotes":""},"class_list":["post-16","page","type-page","status-publish","hentry"],"publishpress_future_action":{"enabled":false,"date":"2026-04-21 10:17:04","action":"change-status","newStatus":"draft","terms":[],"taxonomy":""},"_links":{"self":[{"href":"https:\/\/www.tamaulipas.gob.mx\/simplificacionydigitalizacion\/wp-json\/wp\/v2\/pages\/16"}],"collection":[{"href":"https:\/\/www.tamaulipas.gob.mx\/simplificacionydigitalizacion\/wp-json\/wp\/v2\/pages"}],"about":[{"href":"https:\/\/www.tamaulipas.gob.mx\/simplificacionydigitalizacion\/wp-json\/wp\/v2\/types\/page"}],"author":[{"embeddable":true,"href":"https:\/\/www.tamaulipas.gob.mx\/simplificacionydigitalizacion\/wp-json\/wp\/v2\/users\/1"}],"replies":[{"embeddable":true,"href":"https:\/\/www.tamaulipas.gob.mx\/simplificacionydigitalizacion\/wp-json\/wp\/v2\/comments?post=16"}],"version-history":[{"count":7,"href":"https:\/\/www.tamaulipas.gob.mx\/simplificacionydigitalizacion\/wp-json\/wp\/v2\/pages\/16\/revisions"}],"predecessor-version":[{"id":2388,"href":"https:\/\/www.tamaulipas.gob.mx\/simplificacionydigitalizacion\/wp-json\/wp\/v2\/pages\/16\/revisions\/2388"}],"wp:attachment":[{"href":"https:\/\/www.tamaulipas.gob.mx\/simplificacionydigitalizacion\/wp-json\/wp\/v2\/media?parent=16"}],"curies":[{"name":"wp","href":"https:\/\/api.w.org\/{rel}","templated":true}]}}