{"id":465,"date":"2020-05-15T13:25:19","date_gmt":"2020-05-15T18:25:19","guid":{"rendered":"https:\/\/www.tamaulipas.gob.mx\/sesesp\/?page_id=465"},"modified":"2020-05-15T14:33:40","modified_gmt":"2020-05-15T19:33:40","slug":"metas-y-objetivos","status":"publish","type":"page","link":"https:\/\/www.tamaulipas.gob.mx\/sesesp\/metas-y-objetivos\/","title":{"rendered":"Metas y Objetivos"},"content":{"rendered":"<p><strong>Metas<\/strong><\/p>\n<ul style=\"list-style-type: disc;\">\n<li style=\"text-align: justify;\">Coadyuvar en los procedimientos de programaci\u00f3n y presupuesto anual de las instituciones de seguridad p\u00fablica, as\u00ed como en la gesti\u00f3n, administraci\u00f3n y control de los recursos provenientes del Fondo de Aportaciones para la Seguridad P\u00fablica y en lo conducente al subsidio federal a los municipios, en estricto apego al cumplimiento de metas, montos y compromisos pactados por el Estado, con la federaci\u00f3n en materia de seguridad p\u00fablica.<\/li>\n<li style=\"text-align: justify;\">Mantener en estricta supervisi\u00f3n la correcta aplicaci\u00f3n de los recursos provenientes de la federaci\u00f3n para las instituciones de seguridad p\u00fablica.<\/li>\n<li style=\"text-align: justify;\">Auxiliar continuamente a la poblaci\u00f3n mediante la administraci\u00f3n y operaci\u00f3n de la Red Estatal de Telecomunicaciones, a trav\u00e9s del n\u00famero de emergencias 9-1-1 y denuncia an\u00f3nima 089.<\/li>\n<li style=\"text-align: justify;\">Generar en la poblaci\u00f3n de la Entidad la convicci\u00f3n de encontrarse debidamente salvaguardada su seguridad p\u00fablica mediante la operaci\u00f3n y administraci\u00f3n del Sistema de Video Vigilancia.<\/li>\n<li style=\"text-align: justify;\">Coadyuvar en todo momento con las instituciones de car\u00e1cter ministerial y judicial proporcionando la informaci\u00f3n que obre resguardada en el Secretariado Ejecutivo.<\/li>\n<\/ul>\n<p style=\"text-align: justify;\"><strong>\u00a0<\/strong><strong>Objetivos<\/strong><\/p>\n<p style=\"text-align: justify;\">De conformidad a lo establecido en el art\u00edculo 19 bis de la Constituci\u00f3n Pol\u00edtica del Estado de Tamaulipas, el Sistema Estatal de Seguridad P\u00fablica se organiza en los t\u00e9rminos del art\u00edculo 21 de la Constituci\u00f3n Pol\u00edtica de los Estados Unidos Mexicanos y las disposiciones del Sistema Nacional de Seguridad P\u00fablica, por ello, el Secretariado Ejecutivo:<\/p>\n<ul style=\"list-style-type: disc;\">\n<li style=\"text-align: justify;\">Establece la regulaci\u00f3n de la selecci\u00f3n, ingreso, formaci\u00f3n, permanencia, evaluaci\u00f3n, reconocimiento y certificaci\u00f3n de los integrantes de las instituciones de seguridad p\u00fablica.<\/li>\n<li style=\"text-align: justify;\">Establece las bases de datos criminal\u00edsticos, de personal para las instituciones de seguridad p\u00fablica y el sistema \u00fanico de denuncia ciudadana depende del Secretariado Ejecutivo en los t\u00e9rminos de la Ley General del Sistema Nacional de Seguridad P\u00fablica, la Constituci\u00f3n Pol\u00edtica del Estado de Tamaulipas y la Ley de Coordinaci\u00f3n del Sistema de Seguridad P\u00fablica del Estado de Tamaulipas.<\/li>\n<li style=\"text-align: justify;\">Es la instancia de evaluaci\u00f3n de los programas y desempe\u00f1o de las instancias estatales y municipales de seguridad p\u00fablica. Puede emitir recomendaciones y lineamientos generales para la coordinaci\u00f3n operativa, as\u00ed como para el desarrollo de est\u00e1ndares de actuaci\u00f3n y de capacidades institucionales.<\/li>\n<\/ul>\n<p style=\"text-align: justify;\">El Secretario Ejecutivo del Sistema Estatal de Seguridad P\u00fablica tiene como facultades y obligaciones las establecidas en el art\u00edculo 30 de la Ley de Coordinaci\u00f3n del Sistema Estatal de Seguridad P\u00fablica.<\/p>\n","protected":false},"excerpt":{"rendered":"<p>Metas Coadyuvar en los procedimientos de programaci\u00f3n y presupuesto anual de las instituciones de seguridad p\u00fablica, as\u00ed como en la gesti\u00f3n, administraci\u00f3n y control de\u2026<\/p>\n","protected":false},"author":175,"featured_media":0,"parent":0,"menu_order":0,"comment_status":"closed","ping_status":"closed","template":"","meta":{"footnotes":""},"class_list":["post-465","page","type-page","status-publish","hentry"],"publishpress_future_action":{"enabled":false,"date":"2026-04-28 10:38:04","action":"change-status","newStatus":"draft","terms":[],"taxonomy":""},"_links":{"self":[{"href":"https:\/\/www.tamaulipas.gob.mx\/sesesp\/wp-json\/wp\/v2\/pages\/465"}],"collection":[{"href":"https:\/\/www.tamaulipas.gob.mx\/sesesp\/wp-json\/wp\/v2\/pages"}],"about":[{"href":"https:\/\/www.tamaulipas.gob.mx\/sesesp\/wp-json\/wp\/v2\/types\/page"}],"author":[{"embeddable":true,"href":"https:\/\/www.tamaulipas.gob.mx\/sesesp\/wp-json\/wp\/v2\/users\/175"}],"replies":[{"embeddable":true,"href":"https:\/\/www.tamaulipas.gob.mx\/sesesp\/wp-json\/wp\/v2\/comments?post=465"}],"version-history":[{"count":6,"href":"https:\/\/www.tamaulipas.gob.mx\/sesesp\/wp-json\/wp\/v2\/pages\/465\/revisions"}],"predecessor-version":[{"id":477,"href":"https:\/\/www.tamaulipas.gob.mx\/sesesp\/wp-json\/wp\/v2\/pages\/465\/revisions\/477"}],"wp:attachment":[{"href":"https:\/\/www.tamaulipas.gob.mx\/sesesp\/wp-json\/wp\/v2\/media?parent=465"}],"curies":[{"name":"wp","href":"https:\/\/api.w.org\/{rel}","templated":true}]}}