{"id":24,"date":"2017-05-19T10:28:55","date_gmt":"2017-05-19T15:28:55","guid":{"rendered":"http:\/\/www.tamaulipas.gob.mx\/c4\/?page_id=24"},"modified":"2023-01-12T13:31:27","modified_gmt":"2023-01-12T19:31:27","slug":"que-es","status":"publish","type":"page","link":"https:\/\/www.tamaulipas.gob.mx\/sesesp\/denuncia-anonima-089\/que-es\/","title":{"rendered":"\u00bfQu\u00e9 es el 089?"},"content":{"rendered":"<p>La l\u00ednea 089 Denuncia An\u00f3nima es para atenci\u00f3n ciudadana confidencial y an\u00f3nima que ha implementado el Gobierno Federal y Estatal con la finalidad de darle asesor\u00eda y atenci\u00f3n a las denuncias de secuestro, extorsi\u00f3n y delincuencia organizada, reportadas por la poblaci\u00f3n de Tamaulipas.<\/p>\n<p>Surge como una estrategia para fomentar la cultura de participaci\u00f3n ciudadana y crear as\u00ed un v\u00ednculo entre la ciudadan\u00eda y la autoridad competente para la persecuci\u00f3n e investigaci\u00f3n de los delitos, garantizar la seguridad y el anonimato al ciudadano ya que el servicio 089 no registra el tel\u00e9fono de donde se realiza la llamada y los datos del hecho delictivo son tomados de manera totalmente confidencial.<\/p>\n<img loading=\"lazy\" decoding=\"async\" class=\"alignnone size-full wp-image-1469 img-rounded  img-responsive\" src=\"https:\/\/www.tamaulipas.gob.mx\/sesesp\/wp-content\/uploads\/sites\/25\/2023\/01\/infografia-denuncia-anonima.png\" alt=\"\" width=\"976\" height=\"1200\">\n","protected":false},"excerpt":{"rendered":"<p>La l\u00ednea 089 Denuncia An\u00f3nima es para atenci\u00f3n ciudadana confidencial y an\u00f3nima que ha implementado el Gobierno Federal y Estatal con la finalidad de darle\u2026<\/p>\n","protected":false},"author":7,"featured_media":0,"parent":214,"menu_order":0,"comment_status":"closed","ping_status":"closed","template":"","meta":{"footnotes":""},"class_list":["post-24","page","type-page","status-publish","hentry"],"publishpress_future_action":{"enabled":false,"date":"2026-04-28 10:37:16","action":"change-status","newStatus":"draft","terms":[],"taxonomy":""},"_links":{"self":[{"href":"https:\/\/www.tamaulipas.gob.mx\/sesesp\/wp-json\/wp\/v2\/pages\/24"}],"collection":[{"href":"https:\/\/www.tamaulipas.gob.mx\/sesesp\/wp-json\/wp\/v2\/pages"}],"about":[{"href":"https:\/\/www.tamaulipas.gob.mx\/sesesp\/wp-json\/wp\/v2\/types\/page"}],"author":[{"embeddable":true,"href":"https:\/\/www.tamaulipas.gob.mx\/sesesp\/wp-json\/wp\/v2\/users\/7"}],"replies":[{"embeddable":true,"href":"https:\/\/www.tamaulipas.gob.mx\/sesesp\/wp-json\/wp\/v2\/comments?post=24"}],"version-history":[{"count":13,"href":"https:\/\/www.tamaulipas.gob.mx\/sesesp\/wp-json\/wp\/v2\/pages\/24\/revisions"}],"predecessor-version":[{"id":1471,"href":"https:\/\/www.tamaulipas.gob.mx\/sesesp\/wp-json\/wp\/v2\/pages\/24\/revisions\/1471"}],"up":[{"embeddable":true,"href":"https:\/\/www.tamaulipas.gob.mx\/sesesp\/wp-json\/wp\/v2\/pages\/214"}],"wp:attachment":[{"href":"https:\/\/www.tamaulipas.gob.mx\/sesesp\/wp-json\/wp\/v2\/media?parent=24"}],"curies":[{"name":"wp","href":"https:\/\/api.w.org\/{rel}","templated":true}]}}