{"id":2310,"date":"2025-11-26T14:35:52","date_gmt":"2025-11-26T20:35:52","guid":{"rendered":"https:\/\/www.tamaulipas.gob.mx\/sesesp\/?page_id=2310"},"modified":"2025-11-26T14:54:43","modified_gmt":"2025-11-26T20:54:43","slug":"tamaulipas-fortalece-acciones-para-la-proteccion-de-los-derechos-de-ninas-ninos-y-adolescentes","status":"publish","type":"page","link":"https:\/\/www.tamaulipas.gob.mx\/sesesp\/tamaulipas-fortalece-acciones-para-la-proteccion-de-los-derechos-de-ninas-ninos-y-adolescentes\/","title":{"rendered":"TAMAULIPAS FORTALECE ACCIONES PARA LA PROTECCI\u00d3N DE LOS DERECHOS DE NI\u00d1AS, NI\u00d1OS Y ADOLESCENTES"},"content":{"rendered":"<p>Noviembre 25 de 2025<\/p>\n<p>Ciudad Victoria, Tamaulipas.\u2014 El secretario ejecutivo del Sistema Estatal de Seguridad P\u00fablica, Willy Z\u00fa\u00f1iga Castillo, asisti\u00f3 a la Tercera Sesi\u00f3n del Sistema de Protecci\u00f3n Integral de los Derechos de Ni\u00f1as, Ni\u00f1os y Adolescentes (SIPINNA), en cumplimiento a las disposiciones de la Ley de los Derechos de Ni\u00f1as, Ni\u00f1os y Adolescentes de Tamaulipas.<\/p>\n<p>El encuentro tuvo lugar en las instalaciones del Polyforum \u201cDr. Rodolfo Torre Cant\u00fa\u201d, ubicado en el Parque Bicentenario de esta ciudad capital y cont\u00f3 con la representaci\u00f3n de autoridades de los tres \u00f3rdenes de gobierno, reafirmando el compromiso institucional para impulsar pol\u00edticas p\u00fablicas en favor de la ni\u00f1ez y adolescencia tamaulipeca.<\/p>\n<p>La sesi\u00f3n fue presidida por H\u00e9ctor Joel Villegas, secretario general de Gobierno, en representaci\u00f3n del gobernador Am\u00e9rico Villarreal Anaya, y presidente del SIPINNA Tamaulipas, cuyo liderazgo ha sido clave en el fortalecimiento de las acciones destinadas a garantizar los derechos y el bienestar de ni\u00f1as, ni\u00f1os y adolescentes en el estado.<\/p>\n<p>Durante su participaci\u00f3n, Willy Z\u00fa\u00f1iga llev\u00f3 a cabo la presentaci\u00f3n de la \u201cCartilla para la prevenci\u00f3n y respuesta ante la violencia sexual contra ni\u00f1as, ni\u00f1os y adolescentes\u201d, destacando la importancia de esta herramienta institucional.<\/p>\n<p>Al respecto, se\u00f1al\u00f3: \u201cEn este marco, es un honor presentar la xartilla para la prevenci\u00f3n y respuesta ante la violencia sexual contra ni\u00f1as, ni\u00f1os y adolescentes, una herramienta fundamental que resulta del esfuerzo coordinado entre la Secretar\u00eda General de Gobierno, a trav\u00e9s de SIPINNA Tamaulipas; el Secretariado Ejecutivo del Sistema Estatal de Seguridad P\u00fablica, que represento con orgullo; y el valioso acompa\u00f1amiento t\u00e9cnico de UNICEF\u201d.<\/p>\n<p>Explic\u00f3 que con acciones como esta, el Gobierno del Estado de Tamaulipas reafirma su compromiso con los principios establecidos en la Constituci\u00f3n y en los tratados internacionales de los que M\u00e9xico es parte, enfocando sus esfuerzos en la promoci\u00f3n, respeto, protecci\u00f3n y garant\u00eda de los derechos humanos de ni\u00f1as, ni\u00f1os y adolescentes.<\/p>\n<p><img loading=\"lazy\" decoding=\"async\" class=\"size-full wp-image-2309 aligncenter\" src=\"https:\/\/www.tamaulipas.gob.mx\/sesesp\/wp-content\/uploads\/sites\/25\/2025\/11\/pagina-web-10.png\" alt=\"\" width=\"1200\" height=\"662\" \/><\/p>\n<div class='owl-gallery'><div class='item'><a href='https:\/\/www.tamaulipas.gob.mx\/sesesp\/wp-content\/uploads\/sites\/25\/2025\/11\/dsc_0218.jpg' rel='galeria'><img src='https:\/\/www.tamaulipas.gob.mx\/sesesp\/wp-content\/uploads\/sites\/25\/2025\/11\/dsc_0218-850x500.jpg' srcset='' sizes='auto' alt=''><\/a><figcaption><\/figcaption><\/div><div class='item'><a href='https:\/\/www.tamaulipas.gob.mx\/sesesp\/wp-content\/uploads\/sites\/25\/2025\/11\/dsc_0241.jpg' rel='galeria'><img src='https:\/\/www.tamaulipas.gob.mx\/sesesp\/wp-content\/uploads\/sites\/25\/2025\/11\/dsc_0241-850x500.jpg' srcset='' sizes='auto' alt=''><\/a><figcaption><\/figcaption><\/div><div class='item'><a href='https:\/\/www.tamaulipas.gob.mx\/sesesp\/wp-content\/uploads\/sites\/25\/2025\/11\/whatsapp-image-2025-11-25-at-12.24.24-pm.jpeg' rel='galeria'><img src='https:\/\/www.tamaulipas.gob.mx\/sesesp\/wp-content\/uploads\/sites\/25\/2025\/11\/whatsapp-image-2025-11-25-at-12.24.24-pm-850x500.jpeg' srcset='' sizes='auto' alt=''><\/a><figcaption><\/figcaption><\/div><\/div>\n","protected":false},"excerpt":{"rendered":"<p>Noviembre 25 de 2025 Ciudad Victoria, Tamaulipas.\u2014 El secretario ejecutivo del Sistema Estatal de Seguridad P\u00fablica, Willy Z\u00fa\u00f1iga Castillo, asisti\u00f3 a la Tercera Sesi\u00f3n del\u2026<\/p>\n","protected":false},"author":250,"featured_media":0,"parent":0,"menu_order":0,"comment_status":"closed","ping_status":"closed","template":"","meta":{"footnotes":""},"class_list":["post-2310","page","type-page","status-publish","hentry"],"publishpress_future_action":{"enabled":false,"date":"2026-04-28 14:02:41","action":"change-status","newStatus":"draft","terms":[],"taxonomy":""},"_links":{"self":[{"href":"https:\/\/www.tamaulipas.gob.mx\/sesesp\/wp-json\/wp\/v2\/pages\/2310"}],"collection":[{"href":"https:\/\/www.tamaulipas.gob.mx\/sesesp\/wp-json\/wp\/v2\/pages"}],"about":[{"href":"https:\/\/www.tamaulipas.gob.mx\/sesesp\/wp-json\/wp\/v2\/types\/page"}],"author":[{"embeddable":true,"href":"https:\/\/www.tamaulipas.gob.mx\/sesesp\/wp-json\/wp\/v2\/users\/250"}],"replies":[{"embeddable":true,"href":"https:\/\/www.tamaulipas.gob.mx\/sesesp\/wp-json\/wp\/v2\/comments?post=2310"}],"version-history":[{"count":1,"href":"https:\/\/www.tamaulipas.gob.mx\/sesesp\/wp-json\/wp\/v2\/pages\/2310\/revisions"}],"predecessor-version":[{"id":2315,"href":"https:\/\/www.tamaulipas.gob.mx\/sesesp\/wp-json\/wp\/v2\/pages\/2310\/revisions\/2315"}],"wp:attachment":[{"href":"https:\/\/www.tamaulipas.gob.mx\/sesesp\/wp-json\/wp\/v2\/media?parent=2310"}],"curies":[{"name":"wp","href":"https:\/\/api.w.org\/{rel}","templated":true}]}}