{"id":2252,"date":"2025-10-23T10:58:36","date_gmt":"2025-10-23T16:58:36","guid":{"rendered":"https:\/\/www.tamaulipas.gob.mx\/sesesp\/?page_id=2252"},"modified":"2025-11-11T17:07:37","modified_gmt":"2025-11-11T23:07:37","slug":"inauguran-centros-de-mediacion-comunitarios-infonavit-y-tamul-arenal-en-tampico","status":"publish","type":"page","link":"https:\/\/www.tamaulipas.gob.mx\/sesesp\/inauguran-centros-de-mediacion-comunitarios-infonavit-y-tamul-arenal-en-tampico\/","title":{"rendered":"Inauguran Centros de Mediaci\u00f3n Comunitarios \u201cInfonavit\u201d y TAMUL \u00abArenal\u201d en Tampico"},"content":{"rendered":"<p>Octubre 22 de 2025<\/p>\n<p>Tampico, Tamaulipas.-\u00a0 Por instrucciones del gobernador del Estado, Am\u00e9rico Villarreal Anaya y en el marco del fortalecimiento del proyecto Mediadores de Paz, se llev\u00f3 a cabo la inauguraci\u00f3n de dos nuevos Centros de Mediaci\u00f3n Comunitarios, ubicados en el Fraccionamiento Infonavit y en el Centro TAMUL \u201cArenal\u201d, en el municipio de Tampico.<\/p>\n<p>El evento fue encabezado por la presidenta municipal de Tampico, M\u00f3nica Villarreal Anaya y Willy Z\u00fa\u00f1iga Castillo, secretario ejecutivo del Sistema Estatal de Seguridad P\u00fablica, quienes destacaron la importancia de contar con espacios destinados al di\u00e1logo, que permitan prevenir y resolver conflictos vecinales y familiares de manera pac\u00edfica y efectiva.<\/p>\n<p>Estos centros forman parte de una estrategia integral para promover la cultura de paz y la resoluci\u00f3n pac\u00edfica de conflictos en las comunidades. A trav\u00e9s del programa \u201cMediadores de Paz\u201d, se busca ofrecer atenci\u00f3n inmediata a las problem\u00e1ticas que surgen en el entorno familiar y vecinal, mediante la intervenci\u00f3n de personal capacitado y certificado en t\u00e9cnicas de mediaci\u00f3n y conciliaci\u00f3n.<\/p>\n<p>Z\u00fa\u00f1iga Castillo se\u00f1al\u00f3 que con la puesta en marcha de estos espacios, se reafirma el compromiso de las autoridades estatales y municipales con el fortalecimiento del tejido social, la prevenci\u00f3n de la violencia y el impulso de la participaci\u00f3n ciudadana como eje central de la seguridad comunitaria.<\/p>\n<p>Los Centros de Mediaci\u00f3n Comunitaria estar\u00e1n abiertos a toda la poblaci\u00f3n y ofrecer\u00e1n servicios gratuitos y confiables, priorizando el di\u00e1logo, el entendimiento y la reconstrucci\u00f3n de relaciones, en beneficio de la convivencia y armon\u00eda social.<\/p>\n<p><img loading=\"lazy\" decoding=\"async\" class=\"wp-image-2283 size-full aligncenter\" src=\"https:\/\/www.tamaulipas.gob.mx\/sesesp\/wp-content\/uploads\/sites\/25\/2025\/10\/pagina-web-1.1-06.png\" alt=\"\" width=\"1200\" height=\"662\" \/><\/p>\n<div class='owl-gallery'><div class='item'><a href='https:\/\/www.tamaulipas.gob.mx\/sesesp\/wp-content\/uploads\/sites\/25\/2025\/10\/ses-010-2025.-inauguran-centros-de-mediacion-comunitarios-infonavit-y-tamul-arenal-en-tampico-1.jpeg' rel='galeria'><img src='https:\/\/www.tamaulipas.gob.mx\/sesesp\/wp-content\/uploads\/sites\/25\/2025\/10\/ses-010-2025.-inauguran-centros-de-mediacion-comunitarios-infonavit-y-tamul-arenal-en-tampico-1-850x500.jpeg' srcset='' sizes='auto' alt=''><\/a><figcaption><\/figcaption><\/div><div class='item'><a href='https:\/\/www.tamaulipas.gob.mx\/sesesp\/wp-content\/uploads\/sites\/25\/2025\/10\/ses-010-2025.-inauguran-centros-de-mediacion-comunitarios-infonavit-y-tamul-arenal-en-tampico-2.jpeg' rel='galeria'><img src='https:\/\/www.tamaulipas.gob.mx\/sesesp\/wp-content\/uploads\/sites\/25\/2025\/10\/ses-010-2025.-inauguran-centros-de-mediacion-comunitarios-infonavit-y-tamul-arenal-en-tampico-2-850x500.jpeg' srcset='' sizes='auto' alt=''><\/a><figcaption><\/figcaption><\/div><div class='item'><a href='https:\/\/www.tamaulipas.gob.mx\/sesesp\/wp-content\/uploads\/sites\/25\/2025\/10\/ses-010-2025.-inauguran-centros-de-mediacion-comunitarios-infonavit-y-tamul-arenal-en-tampico-3.jpeg' rel='galeria'><img src='https:\/\/www.tamaulipas.gob.mx\/sesesp\/wp-content\/uploads\/sites\/25\/2025\/10\/ses-010-2025.-inauguran-centros-de-mediacion-comunitarios-infonavit-y-tamul-arenal-en-tampico-3-850x500.jpeg' srcset='' sizes='auto' alt=''><\/a><figcaption><\/figcaption><\/div><div class='item'><a href='https:\/\/www.tamaulipas.gob.mx\/sesesp\/wp-content\/uploads\/sites\/25\/2025\/10\/ses-010-2025.-inauguran-centros-de-mediacion-comunitarios-infonavit-y-tamul-arenal-en-tampico-4.jpeg' rel='galeria'><img src='https:\/\/www.tamaulipas.gob.mx\/sesesp\/wp-content\/uploads\/sites\/25\/2025\/10\/ses-010-2025.-inauguran-centros-de-mediacion-comunitarios-infonavit-y-tamul-arenal-en-tampico-4-675x500.jpeg' srcset='' sizes='auto' alt=''><\/a><figcaption><\/figcaption><\/div><div class='item'><a href='https:\/\/www.tamaulipas.gob.mx\/sesesp\/wp-content\/uploads\/sites\/25\/2025\/10\/ses-010-2025.-inauguran-centros-de-mediacion-comunitarios-infonavit-y-tamul-arenal-en-tampico-5.jpeg' rel='galeria'><img src='https:\/\/www.tamaulipas.gob.mx\/sesesp\/wp-content\/uploads\/sites\/25\/2025\/10\/ses-010-2025.-inauguran-centros-de-mediacion-comunitarios-infonavit-y-tamul-arenal-en-tampico-5-850x500.jpeg' srcset='' sizes='auto' alt=''><\/a><figcaption><\/figcaption><\/div><\/div>\n","protected":false},"excerpt":{"rendered":"<p>Octubre 22 de 2025 Tampico, Tamaulipas.-\u00a0 Por instrucciones del gobernador del Estado, Am\u00e9rico Villarreal Anaya y en el marco del fortalecimiento del proyecto Mediadores de\u2026<\/p>\n","protected":false},"author":250,"featured_media":0,"parent":0,"menu_order":0,"comment_status":"closed","ping_status":"closed","template":"","meta":{"footnotes":""},"class_list":["post-2252","page","type-page","status-publish","hentry"],"publishpress_future_action":{"enabled":false,"date":"2026-04-28 14:02:23","action":"change-status","newStatus":"draft","terms":[],"taxonomy":""},"_links":{"self":[{"href":"https:\/\/www.tamaulipas.gob.mx\/sesesp\/wp-json\/wp\/v2\/pages\/2252"}],"collection":[{"href":"https:\/\/www.tamaulipas.gob.mx\/sesesp\/wp-json\/wp\/v2\/pages"}],"about":[{"href":"https:\/\/www.tamaulipas.gob.mx\/sesesp\/wp-json\/wp\/v2\/types\/page"}],"author":[{"embeddable":true,"href":"https:\/\/www.tamaulipas.gob.mx\/sesesp\/wp-json\/wp\/v2\/users\/250"}],"replies":[{"embeddable":true,"href":"https:\/\/www.tamaulipas.gob.mx\/sesesp\/wp-json\/wp\/v2\/comments?post=2252"}],"version-history":[{"count":5,"href":"https:\/\/www.tamaulipas.gob.mx\/sesesp\/wp-json\/wp\/v2\/pages\/2252\/revisions"}],"predecessor-version":[{"id":2299,"href":"https:\/\/www.tamaulipas.gob.mx\/sesesp\/wp-json\/wp\/v2\/pages\/2252\/revisions\/2299"}],"wp:attachment":[{"href":"https:\/\/www.tamaulipas.gob.mx\/sesesp\/wp-json\/wp\/v2\/media?parent=2252"}],"curies":[{"name":"wp","href":"https:\/\/api.w.org\/{rel}","templated":true}]}}