{"id":2239,"date":"2025-10-14T17:27:16","date_gmt":"2025-10-14T23:27:16","guid":{"rendered":"https:\/\/www.tamaulipas.gob.mx\/sesesp\/?page_id=2239"},"modified":"2025-10-14T17:27:47","modified_gmt":"2025-10-14T23:27:47","slug":"refuerza-tamaulipas-estrategia-de-seguridad-en-la-region-sur-centro-con-recursos-del-fortamun","status":"publish","type":"page","link":"https:\/\/www.tamaulipas.gob.mx\/sesesp\/refuerza-tamaulipas-estrategia-de-seguridad-en-la-region-sur-centro-con-recursos-del-fortamun\/","title":{"rendered":"Refuerza Tamaulipas estrategia de seguridad en la regi\u00f3n sur-centro con recursos del FORTAMUN"},"content":{"rendered":"<p>Octubre 14 de 2025<\/p>\n<p style=\"text-align: justify;\">Ciudad Victoria, Tamaulipas. Con el firme compromiso de fortalecer la seguridad desde el \u00e1mbito local, por instrucciones del gobernador Am\u00e9rico Villarreal Anaya, se llev\u00f3 a cabo una reuni\u00f3n de trabajo con autoridades municipales de El Mante, Ocampo, G\u00f3mez Far\u00edas, Antiguo Morelos, Nuevo Morelos, Xicot\u00e9ncatl y Gonz\u00e1lez, enfocada en el uso estrat\u00e9gico del Fondo de Aportaciones para el Fortalecimiento de los Municipios y de las Demarcaciones Territoriales del Distrito Federal (FORTAMUN).<\/p>\n<p style=\"text-align: justify;\">El encuentro fue presidido por Willy Z\u00fa\u00f1iga Castillo, secretario ejecutivo del Sistema Estatal de Seguridad P\u00fablica, donde se analizaron l\u00edneas de acci\u00f3n orientadas a maximizar el impacto de los recursos destinados a la seguridad p\u00fablica.<\/p>\n<p style=\"text-align: justify;\">Durante la sesi\u00f3n se enfatiz\u00f3 la importancia de destinar al menos el 20% del FORTAMUN a programas y acciones que contribuyan al fortalecimiento de las capacidades locales en materia de seguridad, incluyendo \u00e1reas como la polic\u00eda de proximidad, justicia c\u00edvica, prevenci\u00f3n de la violencia, cuerpos de bomberos y protecci\u00f3n civil.<\/p>\n<p style=\"text-align: justify;\">Z\u00fa\u00f1iga Castillo subray\u00f3 que una gesti\u00f3n eficiente de estos recursos permite a los municipios afrontar con mayores herramientas los desaf\u00edos en materia de seguridad, promoviendo entornos m\u00e1s seguros y confiables para la ciudadan\u00eda.<\/p>\n<p style=\"text-align: justify;\">Los representantes municipales expresaron su disposici\u00f3n para mantener un trabajo coordinado con el Gobierno del Estado, en beneficio de sus comunidades.<\/p>\n<p style=\"text-align: justify;\">Indic\u00f3 que el Gobierno de Tamaulipas reafirma su compromiso con la seguridad y el desarrollo regional, impulsando una visi\u00f3n de colaboraci\u00f3n que permita consolidar un entorno de paz y bienestar para todas y todos los tamaulipecos.<\/p>\n<p><img loading=\"lazy\" decoding=\"async\" class=\"alignnone size-full wp-image-2240\" src=\"https:\/\/www.tamaulipas.gob.mx\/sesesp\/wp-content\/uploads\/sites\/25\/2025\/10\/certificado-23.png\" alt=\"\" width=\"1200\" height=\"834\" \/><\/p>\n<div class='owl-gallery'><div class='item'><a href='https:\/\/www.tamaulipas.gob.mx\/sesesp\/wp-content\/uploads\/sites\/25\/2025\/10\/ses-009-2025.-refuerza-tamaulipas-estrategia-de-seguridad-en-la-region-sur-centro-con-recursos-del-fortamun-1.jpeg' rel='galeria'><img src='https:\/\/www.tamaulipas.gob.mx\/sesesp\/wp-content\/uploads\/sites\/25\/2025\/10\/ses-009-2025.-refuerza-tamaulipas-estrategia-de-seguridad-en-la-region-sur-centro-con-recursos-del-fortamun-1-850x500.jpeg' srcset='' sizes='auto' alt=''><\/a><figcaption><\/figcaption><\/div><div class='item'><a href='https:\/\/www.tamaulipas.gob.mx\/sesesp\/wp-content\/uploads\/sites\/25\/2025\/10\/ses-009-2025.-refuerza-tamaulipas-estrategia-de-seguridad-en-la-region-sur-centro-con-recursos-del-fortamun-2.jpeg' rel='galeria'><img src='https:\/\/www.tamaulipas.gob.mx\/sesesp\/wp-content\/uploads\/sites\/25\/2025\/10\/ses-009-2025.-refuerza-tamaulipas-estrategia-de-seguridad-en-la-region-sur-centro-con-recursos-del-fortamun-2-850x500.jpeg' srcset='' sizes='auto' alt=''><\/a><figcaption><\/figcaption><\/div><div class='item'><a href='https:\/\/www.tamaulipas.gob.mx\/sesesp\/wp-content\/uploads\/sites\/25\/2025\/10\/ses-009-2025.-refuerza-tamaulipas-estrategia-de-seguridad-en-la-region-sur-centro-con-recursos-del-fortamun-3.jpeg' rel='galeria'><img src='https:\/\/www.tamaulipas.gob.mx\/sesesp\/wp-content\/uploads\/sites\/25\/2025\/10\/ses-009-2025.-refuerza-tamaulipas-estrategia-de-seguridad-en-la-region-sur-centro-con-recursos-del-fortamun-3-850x500.jpeg' srcset='' sizes='auto' alt=''><\/a><figcaption><\/figcaption><\/div><\/div>\n","protected":false},"excerpt":{"rendered":"<p>Octubre 14 de 2025 Ciudad Victoria, Tamaulipas. Con el firme compromiso de fortalecer la seguridad desde el \u00e1mbito local, por instrucciones del gobernador Am\u00e9rico Villarreal\u2026<\/p>\n","protected":false},"author":250,"featured_media":0,"parent":0,"menu_order":0,"comment_status":"closed","ping_status":"closed","template":"","meta":{"footnotes":""},"class_list":["post-2239","page","type-page","status-publish","hentry"],"publishpress_future_action":{"enabled":false,"date":"2026-04-28 14:02:22","action":"change-status","newStatus":"draft","terms":[],"taxonomy":""},"_links":{"self":[{"href":"https:\/\/www.tamaulipas.gob.mx\/sesesp\/wp-json\/wp\/v2\/pages\/2239"}],"collection":[{"href":"https:\/\/www.tamaulipas.gob.mx\/sesesp\/wp-json\/wp\/v2\/pages"}],"about":[{"href":"https:\/\/www.tamaulipas.gob.mx\/sesesp\/wp-json\/wp\/v2\/types\/page"}],"author":[{"embeddable":true,"href":"https:\/\/www.tamaulipas.gob.mx\/sesesp\/wp-json\/wp\/v2\/users\/250"}],"replies":[{"embeddable":true,"href":"https:\/\/www.tamaulipas.gob.mx\/sesesp\/wp-json\/wp\/v2\/comments?post=2239"}],"version-history":[{"count":2,"href":"https:\/\/www.tamaulipas.gob.mx\/sesesp\/wp-json\/wp\/v2\/pages\/2239\/revisions"}],"predecessor-version":[{"id":2246,"href":"https:\/\/www.tamaulipas.gob.mx\/sesesp\/wp-json\/wp\/v2\/pages\/2239\/revisions\/2246"}],"wp:attachment":[{"href":"https:\/\/www.tamaulipas.gob.mx\/sesesp\/wp-json\/wp\/v2\/media?parent=2239"}],"curies":[{"name":"wp","href":"https:\/\/api.w.org\/{rel}","templated":true}]}}