{"id":2215,"date":"2025-10-09T17:53:31","date_gmt":"2025-10-09T23:53:31","guid":{"rendered":"https:\/\/www.tamaulipas.gob.mx\/sesesp\/?page_id=2215"},"modified":"2025-10-09T17:53:31","modified_gmt":"2025-10-09T23:53:31","slug":"tamaulipas-avanza-con-el-impulso-y-uso-eficiente-del-fortamun-para-fortalecer-la-seguridad-publica-ahora-en-la-region-centro","status":"publish","type":"page","link":"https:\/\/www.tamaulipas.gob.mx\/sesesp\/tamaulipas-avanza-con-el-impulso-y-uso-eficiente-del-fortamun-para-fortalecer-la-seguridad-publica-ahora-en-la-region-centro\/","title":{"rendered":"TAMAULIPAS AVANZA CON EL IMPULSO Y USO EFICIENTE DEL FORTAMUN PARA FORTALECER LA SEGURIDAD P\u00daBLICA AHORA EN LA REGI\u00d3N CENTRO"},"content":{"rendered":"<p>Octubre 09 de 2025<\/p>\n<p>Ciudad Victoria, Tamaulipas.- Por instrucciones del gobernador Am\u00e9rico Villarreal Anaya y con el objetivo de fortalecer la seguridad p\u00fablica desde el nivel municipal, Willy Z\u00fa\u00f1iga Castillo, secretario ejecutivo del Sistema Estatal de Seguridad P\u00fablica de Tamaulipas, continu\u00f3 y encabez\u00f3 una reuni\u00f3n de trabajo con las y los alcaldes y representantes de 13 municipios de la regi\u00f3n centro del estado en las instalaciones del Centro Estatal de Evaluaci\u00f3n y Control de Confianza (C3).<\/p>\n<p>Durante el encuentro, se destac\u00f3 la importancia de optimizar el uso del Fondo de Aportaciones para el Fortalecimiento de los Municipios y de las Demarcaciones Territoriales del Distrito Federal (FORTAMUN), especialmente destinando al menos el 20% de estos recursos a acciones relacionadas con la seguridad p\u00fablica.<\/p>\n<p>Z\u00fa\u00f1iga Castillo subray\u00f3 que estos fondos pueden aplicarse no solo al fortalecimiento de las corporaciones policiacas, sino tambi\u00e9n a \u00e1reas clave como Protecci\u00f3n Civil, cuerpos de Bomberos, prevenci\u00f3n de la violencia, justicia c\u00edvica y polic\u00eda de proximidad. Estas estrategias buscan ampliar la cobertura y mejorar la capacidad de respuesta de las instituciones locales de seguridad tanto en temas y \u00f3rdenes administrativos como aquellos que pudieran impactar en la esfera delictiva.<\/p>\n<p>Los municipios participantes en esta jornada de coordinaci\u00f3n fueron: Victoria, Tula, Jaumave, Palmillas, Bustamante, Miquihuana, Llera, G\u00fc\u00e9mez, Padilla, Hidalgo, Villagr\u00e1n, Mainero y San Carlos.<\/p>\n<p>El funcionario se\u00f1al\u00f3 que el Gobierno del Estado de Tamaulipas, reitera su compromiso de trabajar de manera conjunta con los gobiernos municipales, colocando la seguridad de las y los tamaulipecos como eje fundamental del desarrollo y bienestar en la entidad.<\/p>\n<div class='owl-gallery'><div class='item'><a href='https:\/\/www.tamaulipas.gob.mx\/sesesp\/wp-content\/uploads\/sites\/25\/2025\/10\/pagina-web-03.png' rel='galeria'><img src='https:\/\/www.tamaulipas.gob.mx\/sesesp\/wp-content\/uploads\/sites\/25\/2025\/10\/pagina-web-03-850x500.png' srcset='' sizes='auto' alt=''><\/a><figcaption><\/figcaption><\/div><div class='item'><a href='https:\/\/www.tamaulipas.gob.mx\/sesesp\/wp-content\/uploads\/sites\/25\/2025\/10\/whatsapp-image-2025-10-09-at-3.59.05-pm-2.jpeg' rel='galeria'><img src='https:\/\/www.tamaulipas.gob.mx\/sesesp\/wp-content\/uploads\/sites\/25\/2025\/10\/whatsapp-image-2025-10-09-at-3.59.05-pm-2-850x500.jpeg' srcset='' sizes='auto' alt=''><\/a><figcaption><\/figcaption><\/div><div class='item'><a href='https:\/\/www.tamaulipas.gob.mx\/sesesp\/wp-content\/uploads\/sites\/25\/2025\/10\/whatsapp-image-2025-10-09-at-3.59.05-pm.jpeg' rel='galeria'><img src='https:\/\/www.tamaulipas.gob.mx\/sesesp\/wp-content\/uploads\/sites\/25\/2025\/10\/whatsapp-image-2025-10-09-at-3.59.05-pm-850x500.jpeg' srcset='' sizes='auto' alt=''><\/a><figcaption><\/figcaption><\/div><div class='item'><a href='https:\/\/www.tamaulipas.gob.mx\/sesesp\/wp-content\/uploads\/sites\/25\/2025\/10\/whatsapp-image-2025-10-09-at-3.59.06-pm-2.jpeg' rel='galeria'><img src='https:\/\/www.tamaulipas.gob.mx\/sesesp\/wp-content\/uploads\/sites\/25\/2025\/10\/whatsapp-image-2025-10-09-at-3.59.06-pm-2-850x500.jpeg' srcset='' sizes='auto' alt=''><\/a><figcaption><\/figcaption><\/div><\/div>\n","protected":false},"excerpt":{"rendered":"<p>Octubre 09 de 2025 Ciudad Victoria, Tamaulipas.- Por instrucciones del gobernador Am\u00e9rico Villarreal Anaya y con el objetivo de fortalecer la seguridad p\u00fablica desde el\u2026<\/p>\n","protected":false},"author":250,"featured_media":0,"parent":0,"menu_order":0,"comment_status":"closed","ping_status":"closed","template":"","meta":{"footnotes":""},"class_list":["post-2215","page","type-page","status-publish","hentry"],"publishpress_future_action":{"enabled":false,"date":"2026-04-28 14:02:42","action":"change-status","newStatus":"draft","terms":[],"taxonomy":""},"_links":{"self":[{"href":"https:\/\/www.tamaulipas.gob.mx\/sesesp\/wp-json\/wp\/v2\/pages\/2215"}],"collection":[{"href":"https:\/\/www.tamaulipas.gob.mx\/sesesp\/wp-json\/wp\/v2\/pages"}],"about":[{"href":"https:\/\/www.tamaulipas.gob.mx\/sesesp\/wp-json\/wp\/v2\/types\/page"}],"author":[{"embeddable":true,"href":"https:\/\/www.tamaulipas.gob.mx\/sesesp\/wp-json\/wp\/v2\/users\/250"}],"replies":[{"embeddable":true,"href":"https:\/\/www.tamaulipas.gob.mx\/sesesp\/wp-json\/wp\/v2\/comments?post=2215"}],"version-history":[{"count":1,"href":"https:\/\/www.tamaulipas.gob.mx\/sesesp\/wp-json\/wp\/v2\/pages\/2215\/revisions"}],"predecessor-version":[{"id":2219,"href":"https:\/\/www.tamaulipas.gob.mx\/sesesp\/wp-json\/wp\/v2\/pages\/2215\/revisions\/2219"}],"wp:attachment":[{"href":"https:\/\/www.tamaulipas.gob.mx\/sesesp\/wp-json\/wp\/v2\/media?parent=2215"}],"curies":[{"name":"wp","href":"https:\/\/api.w.org\/{rel}","templated":true}]}}