{"id":2181,"date":"2025-09-03T19:30:45","date_gmt":"2025-09-04T01:30:45","guid":{"rendered":"https:\/\/www.tamaulipas.gob.mx\/sesesp\/?page_id=2181"},"modified":"2025-09-03T19:39:39","modified_gmt":"2025-09-04T01:39:39","slug":"tercera-reunion-del-grupo-interdisciplinario","status":"publish","type":"page","link":"https:\/\/www.tamaulipas.gob.mx\/sesesp\/tercera-reunion-del-grupo-interdisciplinario\/","title":{"rendered":"Tercera Reuni\u00f3n del Grupo Interdisciplinario"},"content":{"rendered":"<p style=\"text-align: justify;\">El pasado 28 de agosto del a\u00f1o en curso, se celebr\u00f3 la tercera Reuni\u00f3n del Grupo Interdisciplinario del Secretariado Ejecutivo del Sistema Estatal de Seguridad P\u00fablica, en el Centro General de Coordinaci\u00f3n, Comando, Control, Comunicaciones, C\u00f3mputo e Inteligencia C5i subcentro Victoria,\u00a0 relativa a la implementaci\u00f3n de la Ley de Archivos en Tamaulipas, bajo la coordinaci\u00f3n de la Titular del \u00c1rea Coordinadora de Archivos.<\/p>\n<p style=\"text-align: justify;\">Al encuentro asistieron los Titulares miembros del Grupo Interdisciplinario, el Director General del Archivo General del Estado de Tamaulipas y su Coordinador de Archivos, quienes dieron puntual seguimiento a los trabajos de fortalecimiento en materia archiv\u00edstica.<\/p>\n<p style=\"text-align: justify;\">Durante la sesi\u00f3n se revisaron avances y nuevos acuerdos en materia de organizaci\u00f3n, conservaci\u00f3n y disposici\u00f3n documental. Asimismo, se subray\u00f3 que la correcta aplicaci\u00f3n de la normativa ha permitido reducir en m\u00e1s del 70% los acervos documentales, conservando \u00fanicamente aquellos con valor vigente. \u201cEsto nos permite garantizar la disponibilidad de la informaci\u00f3n y fortalecer el combate a la corrupci\u00f3n\u201d, destac\u00f3 el titular del AGET.<\/p>\n<p style=\"text-align: justify;\">Estas acciones consolidan al Secretariado como una de las primeras instituciones estatales en dar cumplimiento cabal a la normativa en la materia. Como parte de la sesi\u00f3n, se present\u00f3 la constancia de refrendo con vigencia anual, expedida por el Archivo General de la Naci\u00f3n (AGN), documento que respalda el compromiso institucional con la protecci\u00f3n, conservaci\u00f3n y acceso a la informaci\u00f3n p\u00fablica.<\/p>\n<p><img loading=\"lazy\" decoding=\"async\" class=\"alignnone size-full wp-image-2178\" src=\"https:\/\/www.tamaulipas.gob.mx\/sesesp\/wp-content\/uploads\/sites\/25\/2025\/08\/whatsapp-image-2025-09-03-at-7.18.20-pm.jpeg\" alt=\"\" width=\"1200\" height=\"834\" \/><\/p>\n<div class='owl-gallery'><div class='item'><a href='https:\/\/www.tamaulipas.gob.mx\/sesesp\/wp-content\/uploads\/sites\/25\/2025\/09\/img_8747-1.jpg' rel='galeria'><img src='https:\/\/www.tamaulipas.gob.mx\/sesesp\/wp-content\/uploads\/sites\/25\/2025\/09\/img_8747-1-850x500.jpg' srcset='' sizes='auto' alt=''><\/a><figcaption><\/figcaption><\/div><div class='item'><a href='https:\/\/www.tamaulipas.gob.mx\/sesesp\/wp-content\/uploads\/sites\/25\/2025\/09\/img_8758.jpg' rel='galeria'><img src='https:\/\/www.tamaulipas.gob.mx\/sesesp\/wp-content\/uploads\/sites\/25\/2025\/09\/img_8758-850x500.jpg' srcset='' sizes='auto' alt=''><\/a><figcaption><\/figcaption><\/div><div class='item'><a href='https:\/\/www.tamaulipas.gob.mx\/sesesp\/wp-content\/uploads\/sites\/25\/2025\/09\/img_8726.jpg' rel='galeria'><img src='https:\/\/www.tamaulipas.gob.mx\/sesesp\/wp-content\/uploads\/sites\/25\/2025\/09\/img_8726-850x500.jpg' srcset='' sizes='auto' alt=''><\/a><figcaption><\/figcaption><\/div><div class='item'><a href='https:\/\/www.tamaulipas.gob.mx\/sesesp\/wp-content\/uploads\/sites\/25\/2025\/09\/img_8676.jpg' rel='galeria'><img src='https:\/\/www.tamaulipas.gob.mx\/sesesp\/wp-content\/uploads\/sites\/25\/2025\/09\/img_8676-850x500.jpg' srcset='' sizes='auto' alt=''><\/a><figcaption><\/figcaption><\/div><\/div>\n","protected":false},"excerpt":{"rendered":"<p>El pasado 28 de agosto del a\u00f1o en curso, se celebr\u00f3 la tercera Reuni\u00f3n del Grupo Interdisciplinario del Secretariado Ejecutivo del Sistema Estatal de Seguridad\u2026<\/p>\n","protected":false},"author":250,"featured_media":0,"parent":0,"menu_order":0,"comment_status":"closed","ping_status":"closed","template":"","meta":{"footnotes":""},"class_list":["post-2181","page","type-page","status-publish","hentry"],"publishpress_future_action":{"enabled":false,"date":"2026-04-28 12:13:27","action":"change-status","newStatus":"draft","terms":[],"taxonomy":""},"_links":{"self":[{"href":"https:\/\/www.tamaulipas.gob.mx\/sesesp\/wp-json\/wp\/v2\/pages\/2181"}],"collection":[{"href":"https:\/\/www.tamaulipas.gob.mx\/sesesp\/wp-json\/wp\/v2\/pages"}],"about":[{"href":"https:\/\/www.tamaulipas.gob.mx\/sesesp\/wp-json\/wp\/v2\/types\/page"}],"author":[{"embeddable":true,"href":"https:\/\/www.tamaulipas.gob.mx\/sesesp\/wp-json\/wp\/v2\/users\/250"}],"replies":[{"embeddable":true,"href":"https:\/\/www.tamaulipas.gob.mx\/sesesp\/wp-json\/wp\/v2\/comments?post=2181"}],"version-history":[{"count":3,"href":"https:\/\/www.tamaulipas.gob.mx\/sesesp\/wp-json\/wp\/v2\/pages\/2181\/revisions"}],"predecessor-version":[{"id":2191,"href":"https:\/\/www.tamaulipas.gob.mx\/sesesp\/wp-json\/wp\/v2\/pages\/2181\/revisions\/2191"}],"wp:attachment":[{"href":"https:\/\/www.tamaulipas.gob.mx\/sesesp\/wp-json\/wp\/v2\/media?parent=2181"}],"curies":[{"name":"wp","href":"https:\/\/api.w.org\/{rel}","templated":true}]}}