{"id":2092,"date":"2025-01-30T17:09:42","date_gmt":"2025-01-30T23:09:42","guid":{"rendered":"https:\/\/www.tamaulipas.gob.mx\/sesesp\/?page_id=2092"},"modified":"2026-02-05T13:05:59","modified_gmt":"2026-02-05T19:05:59","slug":"area-coordinadora-de-archivos","status":"publish","type":"page","link":"https:\/\/www.tamaulipas.gob.mx\/sesesp\/area-coordinadora-de-archivos\/","title":{"rendered":"\u00c1rea Coordinadora de Archivos"},"content":{"rendered":"<p><!--more--><img loading=\"lazy\" decoding=\"async\" class=\"wp-image-2101 aligncenter\" src=\"https:\/\/www.tamaulipas.gob.mx\/sesesp\/wp-content\/uploads\/sites\/25\/2025\/01\/sistema.jpg\" alt=\"\" width=\"588\" height=\"392\" \/><\/p>\n<p><span style=\"font-size: 16px;\"><strong>Prop\u00f3sito<\/strong><strong>\u00a0\u00a0\u00a0\u00a0\u00a0\u00a0\u00a0\u00a0\u00a0\u00a0\u00a0\u00a0\u00a0\u00a0\u00a0\u00a0\u00a0\u00a0 <\/strong><\/span><\/p>\n<p style=\"text-align: justify;\"><span style=\"font-size: 16px;\">Garantizar una gesti\u00f3n documental eficiente, que facilite la consulta, el control y la protecci\u00f3n de la informaci\u00f3n del Secretariado Ejecutivo del Sistema Estatal de Seguridad P\u00fablica de Tamaulipas.<\/span><\/p>\n<p><span style=\"font-size: 16px;\"><strong>Gesti\u00f3n Documental y Administraci\u00f3n de Archivos<\/strong><\/span><\/p>\n<p style=\"text-align: justify;\"><span style=\"font-size: 16px;\">La Gesti\u00f3n documental es el proceso de organizar, conservar y administrar los documentos en apego a la Ley, para garantizar que la informaci\u00f3n sea accesible y preservada por el tiempo. La Administraci\u00f3n de Archivos es el conjunto de acciones que se realizan para manejar los documentos de manera ordenada y segura. Ambas actividades son complementarias durante el ciclo de vida de los documentos.<\/span><\/p>\n<p><span style=\"font-size: 16px;\"><strong>Sistema Institucional de Archivos<\/strong><strong>\u00a0\u00a0\u00a0 <\/strong><\/span><\/p>\n<p style=\"text-align: justify;\"><span style=\"font-size: 16px;\">Es definido en la Ley de Archivos para el Estado de Tamaulipas como: \u201cel conjunto de registros, procesos, procedimientos, criterios, estructuras, herramientas y funciones que desarrolla cada sujeto obligado y sustenta la actividad archiv\u00edstica, de acuerdo con los procesos de gesti\u00f3n documental\u201d.<\/span><\/p>\n<p><span style=\"font-size: 16px;\"><img loading=\"lazy\" decoding=\"async\" class=\"wp-image-2097 aligncenter\" src=\"https:\/\/www.tamaulipas.gob.mx\/sesesp\/wp-content\/uploads\/sites\/25\/2025\/01\/mapa.png\" alt=\"\" width=\"602\" height=\"486\" \/><\/span><\/p>\n<p><span style=\"font-size: 16px;\"><strong>Registro Nacional de Archivos<\/strong><\/span><\/p>\n<p style=\"text-align: justify;\"><span style=\"font-size: 16px;\">Es una aplicaci\u00f3n inform\u00e1tica administrada por el Archivo General de la Naci\u00f3n, cuyo objeto es obtener y concentrar informaci\u00f3n sobre los Sistemas Institucionales de Archivos de las entidades p\u00fablicas y de los archivos privados de inter\u00e9s p\u00fablico, as\u00ed como difundir el patrimonio documental resguardado en sus archivos.\u00a0<\/span><\/p>\n<p style=\"text-align: justify;\"><span style=\"font-size: 16px;\">La inscripci\u00f3n al Registro Nacional es mandatoria para los sujetos obligados por la Ley General de Archivos y por la Ley de Archivos para el Estado de Tamaulipas, la cual su informaci\u00f3n debe actualizarse de manera anual, con la que se podr\u00e1 conocer las estructuras, infraestructura y los recursos materiales y humanos que se ocupan en la gesti\u00f3n documental y administraci\u00f3n de archivos de las dependencias p\u00fablicas, as\u00ed como las caracter\u00edsticas generales de los acervos que conforman el patrimonio documental de dichas dependencias.<\/span><\/p>\n<p><span style=\"font-size: 16px;\"><strong>Programa Anual de Desarrollo Archiv\u00edstico <\/strong><\/span><\/p>\n<p style=\"text-align: justify;\"><span style=\"font-size: 16px;\">Es el instrumento estrat\u00e9gico que debe elaborar anualmente el Secretariado Ejecutivo del Sistema Estatal de Seguridad P\u00fablica del Estado de Tamaulipas, para planificar y gestionar las actividades relacionadas con la organizaci\u00f3n, conservaci\u00f3n, accesibilidad y disposici\u00f3n de sus archivos, con el fin de regular y coordinar la correcta administraci\u00f3n, en apego a los lineamientos y normativa aplicable. Mismo que deber\u00e1 publicarse en el portal electr\u00f3nico de la Instituci\u00f3n en los primeros 30 d\u00edas naturales del ejercicio fiscal correspondiente.\u00a0\u00a0\u00a0\u00a0<\/span><\/p>\n<div class=\"table-responsive\"><table style=\"width: 151%; height: 576px;\" class=\" table table table-gobtam\"><thead><tr style=\"height: 24px;\"><td style=\"height: 24px; width: 76.537014%;\">Secci&#xF3;n<\/td>\n<td style=\"width: 22.961104%; height: 24px;\"><\/td>\n<\/tr><\/thead><tbody><tr style=\"height: 96px;\"><td style=\"height: 96px; width: 76.537014%;\">SIA<\/td>\n<td style=\"height: 96px; width: 22.961104%;\"><a href=\"https:\/\/www.tamaulipas.gob.mx\/sesesp\/wp-content\/uploads\/sites\/25\/2025\/01\/sia.pdf\" class=\"btn btn-primary btn-sm\"> Ver informaci&#xF3;n <\/a><\/td>\n<\/tr><tr style=\"height: 96px;\"><td style=\"height: 96px; width: 76.537014%;\">AUTORIZACI&#xD3;N<\/td>\n<td style=\"height: 96px; width: 22.961104%;\"><a href=\"https:\/\/www.tamaulipas.gob.mx\/sesesp\/wp-content\/uploads\/sites\/25\/2025\/01\/autorizacion-sia.pdf\" class=\"btn btn-primary btn-sm\"> Ver informaci&#xF3;n <\/a><\/td>\n<\/tr><tr style=\"height: 96px;\"><td style=\"height: 96px; width: 76.537014%;\">RNA<\/td>\n<td style=\"height: 96px; width: 22.961104%;\"><a href=\"https:\/\/www.tamaulipas.gob.mx\/sesesp\/wp-content\/uploads\/sites\/25\/2025\/01\/rna.pdf\" class=\"btn btn-primary btn-sm\"> Ver informaci&#xF3;n <\/a><\/td>\n<\/tr><tr><td style=\"width: 76.537014%;\">&#xA0;\n<p>PADA 2025<\/p>\n<p>&#xA0;<\/p><\/td>\n<td style=\"width: 22.961104%;\"><a href=\"https:\/\/www.tamaulipas.gob.mx\/sesesp\/wp-content\/uploads\/sites\/25\/2025\/01\/pada-2025.pdf\" class=\"btn btn-primary btn-sm\"> Ver informaci&#xF3;n <\/a><\/td>\n<\/tr><tr><td style=\"width: 76.537014%;\">&#xA0;\n<p>PADA 2026<\/p>\n<p>&#xA0;<\/p><\/td>\n<td style=\"width: 22.961104%;\"><a href=\"https:\/\/www.tamaulipas.gob.mx\/sesesp\/wp-content\/uploads\/sites\/25\/2026\/02\/pada-2026-2.pdf\" class=\"btn btn-primary btn-sm\"> Ver informaci&#xF3;n <\/a><\/td>\n<\/tr><tr style=\"height: 168px;\"><td style=\"height: 168px; width: 76.537014%;\">Informe de Cumplimiento del Programa<br>\nAnual de Desarrollo Archiv&#xED;stico (PADA 2025)<\/td>\n<td style=\"height: 168px; width: 22.961104%;\"><a href=\"https:\/\/www.tamaulipas.gob.mx\/sesesp\/wp-content\/uploads\/sites\/25\/2026\/01\/informe-de-cumplimiento-del-programa-anual-de-desarrollo-archivistico-pada-2025.pdf\" class=\"btn btn-primary btn-sm\"> Ver informaci&#xF3;n <\/a><\/td>\n<\/tr><\/tbody><\/table><\/div><span style=\"font-size: 20px;\"><strong>\u00a0 \u00a0<\/strong><\/span><\/p>\n","protected":false},"excerpt":{"rendered":"","protected":false},"author":250,"featured_media":0,"parent":0,"menu_order":0,"comment_status":"closed","ping_status":"closed","template":"","meta":{"footnotes":""},"class_list":["post-2092","page","type-page","status-publish","hentry"],"publishpress_future_action":{"enabled":false,"date":"2026-05-12 11:30:48","action":"change-status","newStatus":"draft","terms":[],"taxonomy":""},"_links":{"self":[{"href":"https:\/\/www.tamaulipas.gob.mx\/sesesp\/wp-json\/wp\/v2\/pages\/2092"}],"collection":[{"href":"https:\/\/www.tamaulipas.gob.mx\/sesesp\/wp-json\/wp\/v2\/pages"}],"about":[{"href":"https:\/\/www.tamaulipas.gob.mx\/sesesp\/wp-json\/wp\/v2\/types\/page"}],"author":[{"embeddable":true,"href":"https:\/\/www.tamaulipas.gob.mx\/sesesp\/wp-json\/wp\/v2\/users\/250"}],"replies":[{"embeddable":true,"href":"https:\/\/www.tamaulipas.gob.mx\/sesesp\/wp-json\/wp\/v2\/comments?post=2092"}],"version-history":[{"count":15,"href":"https:\/\/www.tamaulipas.gob.mx\/sesesp\/wp-json\/wp\/v2\/pages\/2092\/revisions"}],"predecessor-version":[{"id":2370,"href":"https:\/\/www.tamaulipas.gob.mx\/sesesp\/wp-json\/wp\/v2\/pages\/2092\/revisions\/2370"}],"wp:attachment":[{"href":"https:\/\/www.tamaulipas.gob.mx\/sesesp\/wp-json\/wp\/v2\/media?parent=2092"}],"curies":[{"name":"wp","href":"https:\/\/api.w.org\/{rel}","templated":true}]}}