{"id":2034,"date":"2024-10-04T14:07:36","date_gmt":"2024-10-04T20:07:36","guid":{"rendered":"https:\/\/www.tamaulipas.gob.mx\/sesesp\/?page_id=2034"},"modified":"2024-10-04T14:29:19","modified_gmt":"2024-10-04T20:29:19","slug":"2do-foro-estatal-de-no-violencia-animal","status":"publish","type":"page","link":"https:\/\/www.tamaulipas.gob.mx\/sesesp\/2do-foro-estatal-de-no-violencia-animal\/","title":{"rendered":"2do Foro Estatal de No Violencia Animal"},"content":{"rendered":"<p style=\"text-align: justify;\">El <strong>Secretariado Ejecutivo del Sistema Estatal de Seguridad P\u00fablica<\/strong>, a trav\u00e9s de la Coordinaci\u00f3n General de Prevenci\u00f3n del Delito y Participaci\u00f3n Ciudadana, realiz\u00f3 el <strong>Segundo\u00a0Foro Estatal de No Violencia Animal<\/strong> el d\u00eda<strong> 03 de octubre<\/strong>\u00a0del presente a\u00f1o, en el <strong>Auditorio Alberto L\u00f3pez del Centro Cultural Tamaulipas<\/strong>, en punto de las <strong>10:00 horas<\/strong>.<\/p>\n<p style=\"text-align: justify;\">Sensibilizar sobre la conexi\u00f3n entre la violencia hacia animales y humanos, promoviendo la empat\u00eda y el respeto como herramientas clave para prevenir la propagaci\u00f3n de patrones violentos.<\/p>\n<p><img loading=\"lazy\" decoding=\"async\" class=\"wp-image-2035 aligncenter\" src=\"https:\/\/www.tamaulipas.gob.mx\/sesesp\/wp-content\/uploads\/sites\/25\/2024\/10\/461534354_902073115358978_7333575743658800669_n.jpg\" alt=\"\" width=\"807\" height=\"1009\" \/><\/p>\n<p>&nbsp;<\/p>\n<p><img loading=\"lazy\" decoding=\"async\" class=\"size-full wp-image-2036 aligncenter\" src=\"https:\/\/www.tamaulipas.gob.mx\/sesesp\/wp-content\/uploads\/sites\/25\/2024\/10\/img_8146.jpg\" alt=\"\" width=\"1200\" height=\"899\" \/><\/p>\n<div class='owl-gallery'><div class='item'><a href='https:\/\/www.tamaulipas.gob.mx\/sesesp\/wp-content\/uploads\/sites\/25\/2024\/10\/img_8185.jpg' rel='galeria'><img src='https:\/\/www.tamaulipas.gob.mx\/sesesp\/wp-content\/uploads\/sites\/25\/2024\/10\/img_8185-850x500.jpg' srcset='' sizes='auto' alt=''><\/a><figcaption><\/figcaption><\/div><div class='item'><a href='https:\/\/www.tamaulipas.gob.mx\/sesesp\/wp-content\/uploads\/sites\/25\/2024\/10\/img_6824.jpg' rel='galeria'><img src='https:\/\/www.tamaulipas.gob.mx\/sesesp\/wp-content\/uploads\/sites\/25\/2024\/10\/img_6824-850x500.jpg' srcset='' sizes='auto' alt=''><\/a><figcaption><\/figcaption><\/div><div class='item'><a href='https:\/\/www.tamaulipas.gob.mx\/sesesp\/wp-content\/uploads\/sites\/25\/2024\/10\/img_8160.jpg' rel='galeria'><img src='https:\/\/www.tamaulipas.gob.mx\/sesesp\/wp-content\/uploads\/sites\/25\/2024\/10\/img_8160-850x500.jpg' srcset='' sizes='auto' alt=''><\/a><figcaption><\/figcaption><\/div><div class='item'><a href='https:\/\/www.tamaulipas.gob.mx\/sesesp\/wp-content\/uploads\/sites\/25\/2024\/10\/img_8132.jpg' rel='galeria'><img src='https:\/\/www.tamaulipas.gob.mx\/sesesp\/wp-content\/uploads\/sites\/25\/2024\/10\/img_8132-850x500.jpg' srcset='' sizes='auto' alt=''><\/a><figcaption><\/figcaption><\/div><div class='item'><a href='https:\/\/www.tamaulipas.gob.mx\/sesesp\/wp-content\/uploads\/sites\/25\/2024\/10\/img_8120.jpg' rel='galeria'><img src='https:\/\/www.tamaulipas.gob.mx\/sesesp\/wp-content\/uploads\/sites\/25\/2024\/10\/img_8120-850x500.jpg' srcset='' sizes='auto' alt=''><\/a><figcaption><\/figcaption><\/div><div class='item'><a href='https:\/\/www.tamaulipas.gob.mx\/sesesp\/wp-content\/uploads\/sites\/25\/2024\/10\/img_6799.jpg' rel='galeria'><img src='https:\/\/www.tamaulipas.gob.mx\/sesesp\/wp-content\/uploads\/sites\/25\/2024\/10\/img_6799-850x500.jpg' srcset='' sizes='auto' alt=''><\/a><figcaption><\/figcaption><\/div><div class='item'><a href='https:\/\/www.tamaulipas.gob.mx\/sesesp\/wp-content\/uploads\/sites\/25\/2024\/10\/img_6895.jpg' rel='galeria'><img src='https:\/\/www.tamaulipas.gob.mx\/sesesp\/wp-content\/uploads\/sites\/25\/2024\/10\/img_6895-850x500.jpg' srcset='' sizes='auto' alt=''><\/a><figcaption><\/figcaption><\/div><div class='item'><a href='https:\/\/www.tamaulipas.gob.mx\/sesesp\/wp-content\/uploads\/sites\/25\/2024\/10\/img_7010.jpg' rel='galeria'><img src='https:\/\/www.tamaulipas.gob.mx\/sesesp\/wp-content\/uploads\/sites\/25\/2024\/10\/img_7010-850x500.jpg' srcset='' sizes='auto' alt=''><\/a><figcaption><\/figcaption><\/div><div class='item'><a href='https:\/\/www.tamaulipas.gob.mx\/sesesp\/wp-content\/uploads\/sites\/25\/2024\/10\/img_8186.jpg' rel='galeria'><img src='https:\/\/www.tamaulipas.gob.mx\/sesesp\/wp-content\/uploads\/sites\/25\/2024\/10\/img_8186-850x500.jpg' srcset='' sizes='auto' alt=''><\/a><figcaption><\/figcaption><\/div><div class='item'><a href='https:\/\/www.tamaulipas.gob.mx\/sesesp\/wp-content\/uploads\/sites\/25\/2024\/10\/img_6914.jpg' rel='galeria'><img src='https:\/\/www.tamaulipas.gob.mx\/sesesp\/wp-content\/uploads\/sites\/25\/2024\/10\/img_6914-850x500.jpg' srcset='' sizes='auto' alt=''><\/a><figcaption><\/figcaption><\/div><div class='item'><a href='https:\/\/www.tamaulipas.gob.mx\/sesesp\/wp-content\/uploads\/sites\/25\/2024\/10\/img_8154.jpg' rel='galeria'><img src='https:\/\/www.tamaulipas.gob.mx\/sesesp\/wp-content\/uploads\/sites\/25\/2024\/10\/img_8154-850x500.jpg' srcset='' sizes='auto' alt=''><\/a><figcaption><\/figcaption><\/div><div class='item'><a href='https:\/\/www.tamaulipas.gob.mx\/sesesp\/wp-content\/uploads\/sites\/25\/2024\/10\/img_6878.jpg' rel='galeria'><img src='https:\/\/www.tamaulipas.gob.mx\/sesesp\/wp-content\/uploads\/sites\/25\/2024\/10\/img_6878-850x500.jpg' srcset='' sizes='auto' alt=''><\/a><figcaption><\/figcaption><\/div><div class='item'><a href='https:\/\/www.tamaulipas.gob.mx\/sesesp\/wp-content\/uploads\/sites\/25\/2024\/10\/img_7107.jpg' rel='galeria'><img src='https:\/\/www.tamaulipas.gob.mx\/sesesp\/wp-content\/uploads\/sites\/25\/2024\/10\/img_7107-850x500.jpg' srcset='' sizes='auto' alt=''><\/a><figcaption><\/figcaption><\/div><div class='item'><a href='https:\/\/www.tamaulipas.gob.mx\/sesesp\/wp-content\/uploads\/sites\/25\/2024\/10\/img_7096.jpg' rel='galeria'><img src='https:\/\/www.tamaulipas.gob.mx\/sesesp\/wp-content\/uploads\/sites\/25\/2024\/10\/img_7096-850x500.jpg' srcset='' sizes='auto' alt=''><\/a><figcaption><\/figcaption><\/div><div class='item'><a href='https:\/\/www.tamaulipas.gob.mx\/sesesp\/wp-content\/uploads\/sites\/25\/2024\/10\/img_7134.jpg' rel='galeria'><img src='https:\/\/www.tamaulipas.gob.mx\/sesesp\/wp-content\/uploads\/sites\/25\/2024\/10\/img_7134-850x500.jpg' srcset='' sizes='auto' alt=''><\/a><figcaption><\/figcaption><\/div><div class='item'><a href='https:\/\/www.tamaulipas.gob.mx\/sesesp\/wp-content\/uploads\/sites\/25\/2024\/10\/img_7136.jpg' rel='galeria'><img src='https:\/\/www.tamaulipas.gob.mx\/sesesp\/wp-content\/uploads\/sites\/25\/2024\/10\/img_7136-850x500.jpg' srcset='' sizes='auto' alt=''><\/a><figcaption><\/figcaption><\/div><div class='item'><a href='https:\/\/www.tamaulipas.gob.mx\/sesesp\/wp-content\/uploads\/sites\/25\/2024\/10\/img_8240.jpg' rel='galeria'><img src='https:\/\/www.tamaulipas.gob.mx\/sesesp\/wp-content\/uploads\/sites\/25\/2024\/10\/img_8240-850x500.jpg' srcset='' sizes='auto' alt=''><\/a><figcaption><\/figcaption><\/div><div class='item'><a href='https:\/\/www.tamaulipas.gob.mx\/sesesp\/wp-content\/uploads\/sites\/25\/2024\/10\/whatsapp-image-2024-10-03-at-4.23.18-pm.jpeg' rel='galeria'><img src='https:\/\/www.tamaulipas.gob.mx\/sesesp\/wp-content\/uploads\/sites\/25\/2024\/10\/whatsapp-image-2024-10-03-at-4.23.18-pm-850x500.jpeg' srcset='' sizes='auto' alt=''><\/a><figcaption><\/figcaption><\/div><\/div>\n","protected":false},"excerpt":{"rendered":"<p>El Secretariado Ejecutivo del Sistema Estatal de Seguridad P\u00fablica, a trav\u00e9s de la Coordinaci\u00f3n General de Prevenci\u00f3n del Delito y Participaci\u00f3n Ciudadana, realiz\u00f3 el Segundo\u00a0Foro\u2026<\/p>\n","protected":false},"author":250,"featured_media":0,"parent":0,"menu_order":0,"comment_status":"closed","ping_status":"closed","template":"","meta":{"footnotes":""},"class_list":["post-2034","page","type-page","status-publish","hentry"],"publishpress_future_action":{"enabled":false,"date":"2026-04-28 12:13:46","action":"change-status","newStatus":"draft","terms":[],"taxonomy":""},"_links":{"self":[{"href":"https:\/\/www.tamaulipas.gob.mx\/sesesp\/wp-json\/wp\/v2\/pages\/2034"}],"collection":[{"href":"https:\/\/www.tamaulipas.gob.mx\/sesesp\/wp-json\/wp\/v2\/pages"}],"about":[{"href":"https:\/\/www.tamaulipas.gob.mx\/sesesp\/wp-json\/wp\/v2\/types\/page"}],"author":[{"embeddable":true,"href":"https:\/\/www.tamaulipas.gob.mx\/sesesp\/wp-json\/wp\/v2\/users\/250"}],"replies":[{"embeddable":true,"href":"https:\/\/www.tamaulipas.gob.mx\/sesesp\/wp-json\/wp\/v2\/comments?post=2034"}],"version-history":[{"count":3,"href":"https:\/\/www.tamaulipas.gob.mx\/sesesp\/wp-json\/wp\/v2\/pages\/2034\/revisions"}],"predecessor-version":[{"id":2063,"href":"https:\/\/www.tamaulipas.gob.mx\/sesesp\/wp-json\/wp\/v2\/pages\/2034\/revisions\/2063"}],"wp:attachment":[{"href":"https:\/\/www.tamaulipas.gob.mx\/sesesp\/wp-json\/wp\/v2\/media?parent=2034"}],"curies":[{"name":"wp","href":"https:\/\/api.w.org\/{rel}","templated":true}]}}