{"id":198,"date":"2019-08-23T10:25:57","date_gmt":"2019-08-23T15:25:57","guid":{"rendered":"https:\/\/www.tamaulipas.gob.mx\/c4\/?page_id=198"},"modified":"2019-08-28T13:08:38","modified_gmt":"2019-08-28T18:08:38","slug":"c3","status":"publish","type":"page","link":"https:\/\/www.tamaulipas.gob.mx\/sesesp\/unidades\/c3\/","title":{"rendered":"Centro Estatal de Evaluaci\u00f3n y Control de Confianza (C3)"},"content":{"rendered":"<p><strong>Misi\u00f3n<\/strong><\/p>\n<p>Fortalecer a las Instituciones de Seguridad P\u00fablica y de Procuraci\u00f3n de Justicia del Estado con elementos confiables y certificados, mediante un sistema de evaluaciones de control de confianza realizadas por personal certificado.<\/p>\n<p><strong>Visi\u00f3n<\/strong><\/p>\n<p>Continuar con la realizaci\u00f3n de evaluaciones de control de confianza de excelencia y dotar a las instituciones de Seguridad P\u00fablica y Procuraci\u00f3n de Justicia del Estado al servicio de la sociedad de elementos confiables, competentes y certificados.<\/p>\n","protected":false},"excerpt":{"rendered":"<p>Misi\u00f3n Fortalecer a las Instituciones de Seguridad P\u00fablica y de Procuraci\u00f3n de Justicia del Estado con elementos confiables y certificados, mediante un sistema de evaluaciones\u2026<\/p>\n","protected":false},"author":1,"featured_media":0,"parent":241,"menu_order":0,"comment_status":"closed","ping_status":"closed","template":"","meta":{"footnotes":""},"class_list":["post-198","page","type-page","status-publish","hentry"],"publishpress_future_action":{"enabled":false,"date":"2026-04-20 10:10:29","action":"change-status","newStatus":"draft","terms":[],"taxonomy":""},"_links":{"self":[{"href":"https:\/\/www.tamaulipas.gob.mx\/sesesp\/wp-json\/wp\/v2\/pages\/198"}],"collection":[{"href":"https:\/\/www.tamaulipas.gob.mx\/sesesp\/wp-json\/wp\/v2\/pages"}],"about":[{"href":"https:\/\/www.tamaulipas.gob.mx\/sesesp\/wp-json\/wp\/v2\/types\/page"}],"author":[{"embeddable":true,"href":"https:\/\/www.tamaulipas.gob.mx\/sesesp\/wp-json\/wp\/v2\/users\/1"}],"replies":[{"embeddable":true,"href":"https:\/\/www.tamaulipas.gob.mx\/sesesp\/wp-json\/wp\/v2\/comments?post=198"}],"version-history":[{"count":2,"href":"https:\/\/www.tamaulipas.gob.mx\/sesesp\/wp-json\/wp\/v2\/pages\/198\/revisions"}],"predecessor-version":[{"id":827,"href":"https:\/\/www.tamaulipas.gob.mx\/sesesp\/wp-json\/wp\/v2\/pages\/198\/revisions\/827"}],"up":[{"embeddable":true,"href":"https:\/\/www.tamaulipas.gob.mx\/sesesp\/wp-json\/wp\/v2\/pages\/241"}],"wp:attachment":[{"href":"https:\/\/www.tamaulipas.gob.mx\/sesesp\/wp-json\/wp\/v2\/media?parent=198"}],"curies":[{"name":"wp","href":"https:\/\/api.w.org\/{rel}","templated":true}]}}