{"id":195,"date":"2019-08-22T14:33:09","date_gmt":"2019-08-22T19:33:09","guid":{"rendered":"https:\/\/www.tamaulipas.gob.mx\/c4\/?page_id=195"},"modified":"2019-10-14T10:42:38","modified_gmt":"2019-10-14T15:42:38","slug":"cei","status":"publish","type":"page","link":"https:\/\/www.tamaulipas.gob.mx\/sesesp\/unidades\/cei\/","title":{"rendered":"Centro Estatal de Informaci\u00f3n"},"content":{"rendered":"<p><strong>Misi\u00f3n<\/strong><\/p>\n<p>Integrar y administrar de manera eficiente y oportuna las bases de datos criminal\u00edsticas y del personal de Seguridad P\u00fablica para establecer el intercambio de informaci\u00f3n en coordinaci\u00f3n con las instancias responsables; as\u00ed como implementar estrategias, protocolos y criterios que permitan la homologaci\u00f3n de los registros y el intercambio de datos. Emplear diferentes metodolog\u00edas de an\u00e1lisis con el prop\u00f3sito de sugerir pol\u00edticas de disuasi\u00f3n, contenci\u00f3n y prevenci\u00f3n del delito.<\/p>\n<p><strong>Visi\u00f3n<\/strong><\/p>\n<p>Ser una instituci\u00f3n de excelencia que sea reconocida por su organizaci\u00f3n mediante la homologaci\u00f3n de registros e intercambio de datos con profesionalismo, confiabilidad, honestidad y eficacia. Ser el referente nacional en materia de informaci\u00f3n relacionada con seguridad p\u00fablica, con el fin de coadyuvar en la mejora de las condiciones de seguridad de las y los tamaulipecos.<\/p>\n","protected":false},"excerpt":{"rendered":"<p>Misi\u00f3n Integrar y administrar de manera eficiente y oportuna las bases de datos criminal\u00edsticas y del personal de Seguridad P\u00fablica para establecer el intercambio de\u2026<\/p>\n","protected":false},"author":1,"featured_media":0,"parent":241,"menu_order":0,"comment_status":"closed","ping_status":"closed","template":"","meta":{"footnotes":""},"class_list":["post-195","page","type-page","status-publish","hentry"],"publishpress_future_action":{"enabled":false,"date":"2026-04-28 10:38:15","action":"change-status","newStatus":"draft","terms":[],"taxonomy":""},"_links":{"self":[{"href":"https:\/\/www.tamaulipas.gob.mx\/sesesp\/wp-json\/wp\/v2\/pages\/195"}],"collection":[{"href":"https:\/\/www.tamaulipas.gob.mx\/sesesp\/wp-json\/wp\/v2\/pages"}],"about":[{"href":"https:\/\/www.tamaulipas.gob.mx\/sesesp\/wp-json\/wp\/v2\/types\/page"}],"author":[{"embeddable":true,"href":"https:\/\/www.tamaulipas.gob.mx\/sesesp\/wp-json\/wp\/v2\/users\/1"}],"replies":[{"embeddable":true,"href":"https:\/\/www.tamaulipas.gob.mx\/sesesp\/wp-json\/wp\/v2\/comments?post=195"}],"version-history":[{"count":2,"href":"https:\/\/www.tamaulipas.gob.mx\/sesesp\/wp-json\/wp\/v2\/pages\/195\/revisions"}],"predecessor-version":[{"id":323,"href":"https:\/\/www.tamaulipas.gob.mx\/sesesp\/wp-json\/wp\/v2\/pages\/195\/revisions\/323"}],"up":[{"embeddable":true,"href":"https:\/\/www.tamaulipas.gob.mx\/sesesp\/wp-json\/wp\/v2\/pages\/241"}],"wp:attachment":[{"href":"https:\/\/www.tamaulipas.gob.mx\/sesesp\/wp-json\/wp\/v2\/media?parent=195"}],"curies":[{"name":"wp","href":"https:\/\/api.w.org\/{rel}","templated":true}]}}