{"id":1819,"date":"2023-10-04T13:09:28","date_gmt":"2023-10-04T19:09:28","guid":{"rendered":"https:\/\/www.tamaulipas.gob.mx\/sesesp\/?page_id=1819"},"modified":"2026-01-16T15:33:54","modified_gmt":"2026-01-16T21:33:54","slug":"coordinacion-general-de-prevencion-del-delito-y-vinculacion-ciudadana","status":"publish","type":"page","link":"https:\/\/www.tamaulipas.gob.mx\/sesesp\/coordinacion-general-de-prevencion-del-delito-y-vinculacion-ciudadana\/","title":{"rendered":"Coordinaci\u00f3n General de Vinculaci\u00f3n Ciudadana"},"content":{"rendered":"<p><strong>Misi\u00f3n\u00a0 <\/strong><\/p>\n<p style=\"text-align: justify;\">Dise\u00f1ar, implementar y llevar a cabo intervenciones integrales de prevenci\u00f3n social de la violencia en el Estado, en conjunto con instituciones gubernamentales de los tres \u00f3rdenes de gobierno, con \u00e9nfasis en aquellos grupos o comunidades en situaci\u00f3n de riesgo o de vulnerabilidad, que permitan reducir los factores que generen violencia y delincuencia, fomentando iniciativas en combate frontal a sus or\u00edgenes.<\/p>\n<p><strong>Visi\u00f3n<\/strong><\/p>\n<p style=\"text-align: justify;\">Disminuir los \u00edndices delictivos en los municipios del Estado de Tamaulipas, articulando acciones de los distintos \u00f3rdenes de Gobierno, incluidas las de justicia, seguridad p\u00fablica, desarrollo social, econom\u00eda, cultura y derechos humanos, en las comunidades, las familias, las ni\u00f1as y ni\u00f1os, las mujeres, as\u00ed como los j\u00f3venes en situaci\u00f3n de riesgo, a fin de lograr equidad de condiciones para participar en la vida pol\u00edtica, social, econ\u00f3mica y cultural del Estado, aumentando con ello el bienestar de la sociedad y la familia.<\/p>\n","protected":false},"excerpt":{"rendered":"<p>Misi\u00f3n\u00a0 Dise\u00f1ar, implementar y llevar a cabo intervenciones integrales de prevenci\u00f3n social de la violencia en el Estado, en conjunto con instituciones gubernamentales de los\u2026<\/p>\n","protected":false},"author":250,"featured_media":0,"parent":0,"menu_order":0,"comment_status":"closed","ping_status":"closed","template":"","meta":{"footnotes":""},"class_list":["post-1819","page","type-page","status-publish","hentry"],"publishpress_future_action":{"enabled":false,"date":"2026-04-28 10:38:15","action":"change-status","newStatus":"draft","terms":[],"taxonomy":""},"_links":{"self":[{"href":"https:\/\/www.tamaulipas.gob.mx\/sesesp\/wp-json\/wp\/v2\/pages\/1819"}],"collection":[{"href":"https:\/\/www.tamaulipas.gob.mx\/sesesp\/wp-json\/wp\/v2\/pages"}],"about":[{"href":"https:\/\/www.tamaulipas.gob.mx\/sesesp\/wp-json\/wp\/v2\/types\/page"}],"author":[{"embeddable":true,"href":"https:\/\/www.tamaulipas.gob.mx\/sesesp\/wp-json\/wp\/v2\/users\/250"}],"replies":[{"embeddable":true,"href":"https:\/\/www.tamaulipas.gob.mx\/sesesp\/wp-json\/wp\/v2\/comments?post=1819"}],"version-history":[{"count":5,"href":"https:\/\/www.tamaulipas.gob.mx\/sesesp\/wp-json\/wp\/v2\/pages\/1819\/revisions"}],"predecessor-version":[{"id":2336,"href":"https:\/\/www.tamaulipas.gob.mx\/sesesp\/wp-json\/wp\/v2\/pages\/1819\/revisions\/2336"}],"wp:attachment":[{"href":"https:\/\/www.tamaulipas.gob.mx\/sesesp\/wp-json\/wp\/v2\/media?parent=1819"}],"curies":[{"name":"wp","href":"https:\/\/api.w.org\/{rel}","templated":true}]}}