{"id":1808,"date":"2023-10-04T11:05:00","date_gmt":"2023-10-04T17:05:00","guid":{"rendered":"https:\/\/www.tamaulipas.gob.mx\/sesesp\/?page_id=1808"},"modified":"2024-09-23T14:10:29","modified_gmt":"2024-09-23T20:10:29","slug":"mujeres-constructoras-de-paz","status":"publish","type":"page","link":"https:\/\/www.tamaulipas.gob.mx\/sesesp\/mujeres-constructoras-de-paz\/","title":{"rendered":"Mujeres Constructoras de Paz"},"content":{"rendered":"<p style=\"text-align: justify;\">Con el prop\u00f3sito de promover la participaci\u00f3n de las mujeres en los procesos de resoluci\u00f3n de conflictos en comunidades, el Secretariado Ejecutivo del Sistema Estatal de Seguridad P\u00fablica implement\u00f3 el programa \u201cMujeres Constructoras de Paz\u201d en los municipios de R\u00edo Bravo, Matamoros, Reynosa, Victoria y Ciudad Madero, en donde se realizan actividades culturales, art\u00edsticas y deportivas dirigidas a la comunidad.<\/p>\n<table style=\"border-collapse: collapse; width: 100.217%; height: 646px;\">\n<tbody>\n<tr style=\"height: 646px;\">\n<td style=\"width: 33.3333%; height: 646px;\"><\/td>\n<td style=\"width: 33.3333%; height: 646px;\">&nbsp;<\/p>\n<div style=\"width: 480px;\" class=\"wp-video\"><!--[if lt IE 9]><script>document.createElement('video');<\/script><![endif]-->\n<video class=\"wp-video-shortcode\" id=\"video-1808-1\" width=\"480\" height=\"848\" preload=\"metadata\" controls=\"controls\"><source type=\"video\/mp4\" src=\"https:\/\/www.tamaulipas.gob.mx\/sesesp\/wp-content\/uploads\/sites\/25\/2024\/09\/aqpqmfdutdvbwztafcyiw6mhhut52c7tf4dspd1pk3xkth-qvekolgnda61lqvqvxovil8n5kkdozbznv4cr6xpg-1.mp4?_=1\" \/><a href=\"https:\/\/www.tamaulipas.gob.mx\/sesesp\/wp-content\/uploads\/sites\/25\/2024\/09\/aqpqmfdutdvbwztafcyiw6mhhut52c7tf4dspd1pk3xkth-qvekolgnda61lqvqvxovil8n5kkdozbznv4cr6xpg-1.mp4\">https:\/\/www.tamaulipas.gob.mx\/sesesp\/wp-content\/uploads\/sites\/25\/2024\/09\/aqpqmfdutdvbwztafcyiw6mhhut52c7tf4dspd1pk3xkth-qvekolgnda61lqvqvxovil8n5kkdozbznv4cr6xpg-1.mp4<\/a><\/video><\/div><\/td>\n<td style=\"width: 33.3333%; height: 646px; text-align: center;\"><\/td>\n<\/tr>\n<\/tbody>\n<\/table>\n<p>&nbsp;<\/p>\n<p>&nbsp;<\/p>\n<div class='owl-gallery'><div class='item'><a href='https:\/\/www.tamaulipas.gob.mx\/sesesp\/wp-content\/uploads\/sites\/25\/2024\/09\/img_6161-2.jpg' rel='galeria'><img src='https:\/\/www.tamaulipas.gob.mx\/sesesp\/wp-content\/uploads\/sites\/25\/2024\/09\/img_6161-2-850x500.jpg' srcset='' sizes='auto' alt=''><\/a><figcaption><\/figcaption><\/div><div class='item'><a href='https:\/\/www.tamaulipas.gob.mx\/sesesp\/wp-content\/uploads\/sites\/25\/2024\/09\/img_6111-2.jpg' rel='galeria'><img src='https:\/\/www.tamaulipas.gob.mx\/sesesp\/wp-content\/uploads\/sites\/25\/2024\/09\/img_6111-2-850x500.jpg' srcset='' sizes='auto' alt=''><\/a><figcaption><\/figcaption><\/div><div class='item'><a href='https:\/\/www.tamaulipas.gob.mx\/sesesp\/wp-content\/uploads\/sites\/25\/2024\/09\/img_6041-2.jpg' rel='galeria'><img src='https:\/\/www.tamaulipas.gob.mx\/sesesp\/wp-content\/uploads\/sites\/25\/2024\/09\/img_6041-2-850x500.jpg' srcset='' sizes='auto' alt=''><\/a><figcaption><\/figcaption><\/div><div class='item'><a href='https:\/\/www.tamaulipas.gob.mx\/sesesp\/wp-content\/uploads\/sites\/25\/2024\/09\/img_6068-2.jpg' rel='galeria'><img src='https:\/\/www.tamaulipas.gob.mx\/sesesp\/wp-content\/uploads\/sites\/25\/2024\/09\/img_6068-2-850x500.jpg' srcset='' sizes='auto' alt=''><\/a><figcaption><\/figcaption><\/div><div class='item'><a href='https:\/\/www.tamaulipas.gob.mx\/sesesp\/wp-content\/uploads\/sites\/25\/2024\/09\/img_6098-2.jpg' rel='galeria'><img src='https:\/\/www.tamaulipas.gob.mx\/sesesp\/wp-content\/uploads\/sites\/25\/2024\/09\/img_6098-2-850x500.jpg' srcset='' sizes='auto' alt=''><\/a><figcaption><\/figcaption><\/div><div class='item'><a href='https:\/\/www.tamaulipas.gob.mx\/sesesp\/wp-content\/uploads\/sites\/25\/2024\/09\/img_6109-2.jpg' rel='galeria'><img src='https:\/\/www.tamaulipas.gob.mx\/sesesp\/wp-content\/uploads\/sites\/25\/2024\/09\/img_6109-2-850x500.jpg' srcset='' sizes='auto' alt=''><\/a><figcaption><\/figcaption><\/div><div class='item'><a href='https:\/\/www.tamaulipas.gob.mx\/sesesp\/wp-content\/uploads\/sites\/25\/2023\/10\/whatsapp-image-2023-10-04-at-10.52.02-am-1.jpeg' rel='galeria'><img src='https:\/\/www.tamaulipas.gob.mx\/sesesp\/wp-content\/uploads\/sites\/25\/2023\/10\/whatsapp-image-2023-10-04-at-10.52.02-am-1-850x500.jpeg' srcset='' sizes='auto' alt=''><\/a><figcaption><\/figcaption><\/div><div class='item'><a href='https:\/\/www.tamaulipas.gob.mx\/sesesp\/wp-content\/uploads\/sites\/25\/2023\/10\/whatsapp-image-2023-10-04-at-10.52.02-am.jpeg' rel='galeria'><img src='https:\/\/www.tamaulipas.gob.mx\/sesesp\/wp-content\/uploads\/sites\/25\/2023\/10\/whatsapp-image-2023-10-04-at-10.52.02-am-850x500.jpeg' srcset='' sizes='auto' alt=''><\/a><figcaption><\/figcaption><\/div><div class='item'><a href='https:\/\/www.tamaulipas.gob.mx\/sesesp\/wp-content\/uploads\/sites\/25\/2023\/10\/whatsapp-image-2023-10-04-at-10.52.01-am-4.jpeg' rel='galeria'><img src='https:\/\/www.tamaulipas.gob.mx\/sesesp\/wp-content\/uploads\/sites\/25\/2023\/10\/whatsapp-image-2023-10-04-at-10.52.01-am-4-850x500.jpeg' srcset='' sizes='auto' alt=''><\/a><figcaption><\/figcaption><\/div><div class='item'><a href='https:\/\/www.tamaulipas.gob.mx\/sesesp\/wp-content\/uploads\/sites\/25\/2023\/10\/img_20231004_124734.jpg' rel='galeria'><img src='https:\/\/www.tamaulipas.gob.mx\/sesesp\/wp-content\/uploads\/sites\/25\/2023\/10\/img_20231004_124734-850x500.jpg' srcset='' sizes='auto' alt=''><\/a><figcaption><\/figcaption><\/div><div class='item'><a href='https:\/\/www.tamaulipas.gob.mx\/sesesp\/wp-content\/uploads\/sites\/25\/2023\/10\/foto-de-laura-rosales.jpg' rel='galeria'><img src='https:\/\/www.tamaulipas.gob.mx\/sesesp\/wp-content\/uploads\/sites\/25\/2023\/10\/foto-de-laura-rosales-850x500.jpg' srcset='' sizes='auto' alt=''><\/a><figcaption><\/figcaption><\/div><\/div>\n","protected":false},"excerpt":{"rendered":"<p>Con el prop\u00f3sito de promover la participaci\u00f3n de las mujeres en los procesos de resoluci\u00f3n de conflictos en comunidades, el Secretariado Ejecutivo del Sistema Estatal\u2026<\/p>\n","protected":false},"author":250,"featured_media":0,"parent":0,"menu_order":0,"comment_status":"closed","ping_status":"closed","template":"","meta":{"footnotes":""},"class_list":["post-1808","page","type-page","status-publish","hentry"],"publishpress_future_action":{"enabled":false,"date":"2026-04-28 12:13:28","action":"change-status","newStatus":"draft","terms":[],"taxonomy":""},"_links":{"self":[{"href":"https:\/\/www.tamaulipas.gob.mx\/sesesp\/wp-json\/wp\/v2\/pages\/1808"}],"collection":[{"href":"https:\/\/www.tamaulipas.gob.mx\/sesesp\/wp-json\/wp\/v2\/pages"}],"about":[{"href":"https:\/\/www.tamaulipas.gob.mx\/sesesp\/wp-json\/wp\/v2\/types\/page"}],"author":[{"embeddable":true,"href":"https:\/\/www.tamaulipas.gob.mx\/sesesp\/wp-json\/wp\/v2\/users\/250"}],"replies":[{"embeddable":true,"href":"https:\/\/www.tamaulipas.gob.mx\/sesesp\/wp-json\/wp\/v2\/comments?post=1808"}],"version-history":[{"count":6,"href":"https:\/\/www.tamaulipas.gob.mx\/sesesp\/wp-json\/wp\/v2\/pages\/1808\/revisions"}],"predecessor-version":[{"id":2013,"href":"https:\/\/www.tamaulipas.gob.mx\/sesesp\/wp-json\/wp\/v2\/pages\/1808\/revisions\/2013"}],"wp:attachment":[{"href":"https:\/\/www.tamaulipas.gob.mx\/sesesp\/wp-json\/wp\/v2\/media?parent=1808"}],"curies":[{"name":"wp","href":"https:\/\/api.w.org\/{rel}","templated":true}]}}