{"id":1751,"date":"2023-10-03T16:36:02","date_gmt":"2023-10-03T22:36:02","guid":{"rendered":"https:\/\/www.tamaulipas.gob.mx\/sesesp\/?page_id=1751"},"modified":"2023-10-03T17:01:17","modified_gmt":"2023-10-03T23:01:17","slug":"mujeres-de-acero-2","status":"publish","type":"page","link":"https:\/\/www.tamaulipas.gob.mx\/sesesp\/mujeres-de-acero-2\/","title":{"rendered":"Mujeres de Acero"},"content":{"rendered":"<div class=\"xdj266r x11i5rnm xat24cr x1mh8g0r x1vvkbs x126k92a\">\n<div dir=\"auto\">El SESESP, en conjunto con <a class=\"x1i10hfl xjbqb8w x6umtig x1b1mbwd xaqea5y xav7gou x9f619 x1ypdohk xt0psk2 xe8uvvx xdj266r x11i5rnm xat24cr x1mh8g0r xexx8yu x4uap5 x18d9i69 xkhd6sd x16tdsg8 x1hl2dhg xggy1nq x1a2a7pz xt0b8zv x1qq9wsj xo1l8bm\" tabindex=\"0\" role=\"link\" href=\"https:\/\/www.facebook.com\/MujeresTamps?__cft__[0]=AZUfYa2PjTe_CYeVwSqX5g4VFKzggk6NmCzmzbsd-NysQJFYNznz3_U6XDd_W6T1C2sYZlGDexTmp0wha969THz43i2a8bqxI1iEfKNTWs6uK2pBvM-EbBBqaFidspYXxbmCS7j8UvY3KSqFjO-rtc90a00SYZutw9tRsBun1ef7M3tE2GkYtyby9yC_NZf-940&amp;__tn__=-]K-R\"><span class=\"xt0psk2\">Mujeres Tamaulipas<\/span><\/a>, han implementado en el municipio de Matamoros el proyecto \u201cMujeres de Acero\u201d, el cual busca desarrollar las destrezas y actitudes en el desempe\u00f1o de trabajos de soldadura, rompiendo estereotipos que por generaciones han etiquetado actividades \u00fanicamente del g\u00e9nero masculino.<\/div>\n<div dir=\"auto\"><\/div>\n<\/div>\n<div class=\"x11i5rnm xat24cr x1mh8g0r x1vvkbs xtlvy1s x126k92a\">\n<div dir=\"auto\">Te compartimos algunas im\u00e1genes de las actividades que realizan.<\/div>\n<\/div>\n<div dir=\"auto\"><\/div>\n<div dir=\"auto\"><\/div>\n<div dir=\"auto\">\n<p><img decoding=\"async\" class=\"alignnone size-full wp-image-1752\" src=\"https:\/\/www.tamaulipas.gob.mx\/sesesp\/wp-content\/uploads\/sites\/25\/2023\/10\/img-20230908-wa0006.jpg\" alt=\"\" width=\"1200\" \/><\/p>\n<div class='owl-gallery'><div class='item'><a href='https:\/\/www.tamaulipas.gob.mx\/sesesp\/wp-content\/uploads\/sites\/25\/2023\/10\/imagen1-1.jpg' rel='galeria'><img src='https:\/\/www.tamaulipas.gob.mx\/sesesp\/wp-content\/uploads\/sites\/25\/2023\/10\/imagen1-1.jpg' srcset='' sizes='auto' alt=''><\/a><figcaption><\/figcaption><\/div><div class='item'><a href='https:\/\/www.tamaulipas.gob.mx\/sesesp\/wp-content\/uploads\/sites\/25\/2023\/10\/imagen5-1.jpg' rel='galeria'><img src='https:\/\/www.tamaulipas.gob.mx\/sesesp\/wp-content\/uploads\/sites\/25\/2023\/10\/imagen5-1-639x500.jpg' srcset='' sizes='auto' alt=''><\/a><figcaption><\/figcaption><\/div><div class='item'><a href='https:\/\/www.tamaulipas.gob.mx\/sesesp\/wp-content\/uploads\/sites\/25\/2023\/10\/imagen6-1.jpg' rel='galeria'><img src='https:\/\/www.tamaulipas.gob.mx\/sesesp\/wp-content\/uploads\/sites\/25\/2023\/10\/imagen6-1-639x500.jpg' srcset='' sizes='auto' alt=''><\/a><figcaption><\/figcaption><\/div><div class='item'><a href='https:\/\/www.tamaulipas.gob.mx\/sesesp\/wp-content\/uploads\/sites\/25\/2023\/10\/imagen7-1.jpg' rel='galeria'><img src='https:\/\/www.tamaulipas.gob.mx\/sesesp\/wp-content\/uploads\/sites\/25\/2023\/10\/imagen7-1.jpg' srcset='' sizes='auto' alt=''><\/a><figcaption><\/figcaption><\/div><div class='item'><a href='https:\/\/www.tamaulipas.gob.mx\/sesesp\/wp-content\/uploads\/sites\/25\/2023\/10\/imagen8-1.jpg' rel='galeria'><img src='https:\/\/www.tamaulipas.gob.mx\/sesesp\/wp-content\/uploads\/sites\/25\/2023\/10\/imagen8-1.jpg' srcset='' sizes='auto' alt=''><\/a><figcaption><\/figcaption><\/div><div class='item'><a href='https:\/\/www.tamaulipas.gob.mx\/sesesp\/wp-content\/uploads\/sites\/25\/2023\/10\/imagen9.jpg' rel='galeria'><img src='https:\/\/www.tamaulipas.gob.mx\/sesesp\/wp-content\/uploads\/sites\/25\/2023\/10\/imagen9-850x500.jpg' srcset='' sizes='auto' alt=''><\/a><figcaption><\/figcaption><\/div><div class='item'><a href='https:\/\/www.tamaulipas.gob.mx\/sesesp\/wp-content\/uploads\/sites\/25\/2023\/10\/imagen10.jpg' rel='galeria'><img src='https:\/\/www.tamaulipas.gob.mx\/sesesp\/wp-content\/uploads\/sites\/25\/2023\/10\/imagen10-850x500.jpg' srcset='' sizes='auto' alt=''><\/a><figcaption><\/figcaption><\/div><\/div>\n<\/div>\n","protected":false},"excerpt":{"rendered":"<p>El SESESP, en conjunto con Mujeres Tamaulipas, han implementado en el municipio de Matamoros el proyecto \u201cMujeres de Acero\u201d, el cual busca desarrollar las destrezas\u2026<\/p>\n","protected":false},"author":250,"featured_media":0,"parent":0,"menu_order":0,"comment_status":"closed","ping_status":"closed","template":"","meta":{"footnotes":""},"class_list":["post-1751","page","type-page","status-publish","hentry"],"publishpress_future_action":{"enabled":false,"date":"2026-04-11 11:23:33","action":"change-status","newStatus":"draft","terms":[],"taxonomy":""},"_links":{"self":[{"href":"https:\/\/www.tamaulipas.gob.mx\/sesesp\/wp-json\/wp\/v2\/pages\/1751"}],"collection":[{"href":"https:\/\/www.tamaulipas.gob.mx\/sesesp\/wp-json\/wp\/v2\/pages"}],"about":[{"href":"https:\/\/www.tamaulipas.gob.mx\/sesesp\/wp-json\/wp\/v2\/types\/page"}],"author":[{"embeddable":true,"href":"https:\/\/www.tamaulipas.gob.mx\/sesesp\/wp-json\/wp\/v2\/users\/250"}],"replies":[{"embeddable":true,"href":"https:\/\/www.tamaulipas.gob.mx\/sesesp\/wp-json\/wp\/v2\/comments?post=1751"}],"version-history":[{"count":6,"href":"https:\/\/www.tamaulipas.gob.mx\/sesesp\/wp-json\/wp\/v2\/pages\/1751\/revisions"}],"predecessor-version":[{"id":1777,"href":"https:\/\/www.tamaulipas.gob.mx\/sesesp\/wp-json\/wp\/v2\/pages\/1751\/revisions\/1777"}],"wp:attachment":[{"href":"https:\/\/www.tamaulipas.gob.mx\/sesesp\/wp-json\/wp\/v2\/media?parent=1751"}],"curies":[{"name":"wp","href":"https:\/\/api.w.org\/{rel}","templated":true}]}}