{"id":1663,"date":"2023-09-19T16:03:34","date_gmt":"2023-09-19T22:03:34","guid":{"rendered":"https:\/\/www.tamaulipas.gob.mx\/sesesp\/?page_id=1663"},"modified":"2023-09-25T16:55:11","modified_gmt":"2023-09-25T22:55:11","slug":"curso-de-capacitacion-y-actualizacion-para-la-implementacion-de-la-justicia-civica-en-los-municipios-de-tamaulipas","status":"publish","type":"page","link":"https:\/\/www.tamaulipas.gob.mx\/sesesp\/curso-de-capacitacion-y-actualizacion-para-la-implementacion-de-la-justicia-civica-en-los-municipios-de-tamaulipas\/","title":{"rendered":"Curso de capacitaci\u00f3n y actualizaci\u00f3n para la implementaci\u00f3n de la Justicia C\u00edvica en los municipios de Tamaulipas"},"content":{"rendered":"<p style=\"text-align: justify;\"><span style=\"font-weight: 400;\">El pasado mes de abril, la <strong>secretaria ejecutiva<\/strong> del <strong>Sistema Nacional de Seguridad P\u00fablica<\/strong>, <strong>Clara Luz Flores Carrales<\/strong>, encabez\u00f3 junto con el <strong>gobernador Am\u00e9rico Villarreal Anaya<\/strong> y las y los presidentes municipales, la presentaci\u00f3n de un nuevo <strong>Modelo de Justicia C\u00edvica<\/strong>, como el conjunto de procedimientos e instrumentos de Buen Gobierno, orientados a fomentar la cultura de la legalidad y a dar soluci\u00f3n de forma pronta, transparente y expedita a conflictos comunitarios que se presentan en la convivencia cotidiana, migrando del Reglamento de Bando de Polic\u00eda y Buen Gobierno al Reglamento de Justicia C\u00edvica.<\/span><\/p>\n<p style=\"text-align: justify;\"><span style=\"font-weight: 400;\">El <strong>gobernador Am\u00e9rico Villarreal Anaya<\/strong> refrend\u00f3 su apoyo para que en el Estado de Tamaulipas se implemente el <strong>Modelo Nacional de Polic\u00eda y Justicia C\u00edvica<\/strong>, pues consider\u00f3 que esta nueva estrategia ser\u00e1 \u00fatil en Tamaulipas, ya que viene a fortalecer las acciones emprendidas en materia de seguridad.<\/span><\/p>\n<p style=\"text-align: justify;\"><span style=\"font-weight: 400;\">Por lo que con el prop\u00f3sito de acompa\u00f1ar a los municipios en este proceso, el <strong>Secretariado Ejecutivo del Sistema Estatal de Seguridad P\u00fablica<\/strong>, a trav\u00e9s de la <strong>Coordinaci\u00f3n General de Prevenci\u00f3n del delito y vinculaci\u00f3n ciudadana<\/strong>, organiz\u00f3 la <strong>Primer capacitaci\u00f3n a jueces calificadores\/c\u00edvicos<\/strong> el <strong>21 y 22 de septiembre<\/strong> del presente a\u00f1o.<\/span><\/p>\n<p><img loading=\"lazy\" decoding=\"async\" class=\"alignnone size-full wp-image-1676\" src=\"https:\/\/www.tamaulipas.gob.mx\/sesesp\/wp-content\/uploads\/sites\/25\/2023\/09\/whatsapp-image-2023-09-21-at-12.25.35-pm.jpg\" alt=\"\" width=\"1200\" height=\"900\" \/><\/p>\n<div class='owl-gallery'><div class='item'><a href='https:\/\/www.tamaulipas.gob.mx\/sesesp\/wp-content\/uploads\/sites\/25\/2023\/09\/4.jpg' rel='galeria'><img src='https:\/\/www.tamaulipas.gob.mx\/sesesp\/wp-content\/uploads\/sites\/25\/2023\/09\/4-850x500.jpg' srcset='' sizes='auto' alt=''><\/a><figcaption><\/figcaption><\/div><div class='item'><a href='https:\/\/www.tamaulipas.gob.mx\/sesesp\/wp-content\/uploads\/sites\/25\/2023\/09\/1.jpg' rel='galeria'><img src='https:\/\/www.tamaulipas.gob.mx\/sesesp\/wp-content\/uploads\/sites\/25\/2023\/09\/1-850x500.jpg' srcset='' sizes='auto' alt=''><\/a><figcaption><\/figcaption><\/div><div class='item'><a href='https:\/\/www.tamaulipas.gob.mx\/sesesp\/wp-content\/uploads\/sites\/25\/2023\/09\/2.jpg' rel='galeria'><img src='https:\/\/www.tamaulipas.gob.mx\/sesesp\/wp-content\/uploads\/sites\/25\/2023\/09\/2-850x500.jpg' srcset='' sizes='auto' alt=''><\/a><figcaption><\/figcaption><\/div><div class='item'><a href='https:\/\/www.tamaulipas.gob.mx\/sesesp\/wp-content\/uploads\/sites\/25\/2023\/09\/3.jpg' rel='galeria'><img src='https:\/\/www.tamaulipas.gob.mx\/sesesp\/wp-content\/uploads\/sites\/25\/2023\/09\/3-850x500.jpg' srcset='' sizes='auto' alt=''><\/a><figcaption><\/figcaption><\/div><div class='item'><a href='https:\/\/www.tamaulipas.gob.mx\/sesesp\/wp-content\/uploads\/sites\/25\/2023\/09\/5.jpg' rel='galeria'><img src='https:\/\/www.tamaulipas.gob.mx\/sesesp\/wp-content\/uploads\/sites\/25\/2023\/09\/5-850x500.jpg' srcset='' sizes='auto' alt=''><\/a><figcaption><\/figcaption><\/div><div class='item'><a href='https:\/\/www.tamaulipas.gob.mx\/sesesp\/wp-content\/uploads\/sites\/25\/2023\/09\/6.jpg' rel='galeria'><img src='https:\/\/www.tamaulipas.gob.mx\/sesesp\/wp-content\/uploads\/sites\/25\/2023\/09\/6-850x500.jpg' srcset='' sizes='auto' alt=''><\/a><figcaption><\/figcaption><\/div><div class='item'><a href='https:\/\/www.tamaulipas.gob.mx\/sesesp\/wp-content\/uploads\/sites\/25\/2023\/09\/7.jpg' rel='galeria'><img src='https:\/\/www.tamaulipas.gob.mx\/sesesp\/wp-content\/uploads\/sites\/25\/2023\/09\/7-850x500.jpg' srcset='' sizes='auto' alt=''><\/a><figcaption><\/figcaption><\/div><div class='item'><a href='https:\/\/www.tamaulipas.gob.mx\/sesesp\/wp-content\/uploads\/sites\/25\/2023\/09\/8.jpg' rel='galeria'><img src='https:\/\/www.tamaulipas.gob.mx\/sesesp\/wp-content\/uploads\/sites\/25\/2023\/09\/8-850x500.jpg' srcset='' sizes='auto' alt=''><\/a><figcaption><\/figcaption><\/div><div class='item'><a href='https:\/\/www.tamaulipas.gob.mx\/sesesp\/wp-content\/uploads\/sites\/25\/2023\/09\/9.jpg' rel='galeria'><img src='https:\/\/www.tamaulipas.gob.mx\/sesesp\/wp-content\/uploads\/sites\/25\/2023\/09\/9-850x500.jpg' srcset='' sizes='auto' alt=''><\/a><figcaption><\/figcaption><\/div><div class='item'><a href='https:\/\/www.tamaulipas.gob.mx\/sesesp\/wp-content\/uploads\/sites\/25\/2023\/09\/10.jpg' rel='galeria'><img src='https:\/\/www.tamaulipas.gob.mx\/sesesp\/wp-content\/uploads\/sites\/25\/2023\/09\/10-850x500.jpg' srcset='' sizes='auto' alt=''><\/a><figcaption><\/figcaption><\/div><div class='item'><a href='https:\/\/www.tamaulipas.gob.mx\/sesesp\/wp-content\/uploads\/sites\/25\/2023\/09\/11.jpg' rel='galeria'><img src='https:\/\/www.tamaulipas.gob.mx\/sesesp\/wp-content\/uploads\/sites\/25\/2023\/09\/11-850x500.jpg' srcset='' sizes='auto' alt=''><\/a><figcaption><\/figcaption><\/div><div class='item'><a href='https:\/\/www.tamaulipas.gob.mx\/sesesp\/wp-content\/uploads\/sites\/25\/2023\/09\/12.jpg' rel='galeria'><img src='https:\/\/www.tamaulipas.gob.mx\/sesesp\/wp-content\/uploads\/sites\/25\/2023\/09\/12-850x492.jpg' srcset='' sizes='auto' alt=''><\/a><figcaption><\/figcaption><\/div><\/div>\n<p>&nbsp;<\/p>\n<div style=\"width: 1280px;\" class=\"wp-video\"><!--[if lt IE 9]><script>document.createElement('video');<\/script><![endif]-->\n<video class=\"wp-video-shortcode\" id=\"video-1663-1\" width=\"1280\" height=\"720\" preload=\"metadata\" controls=\"controls\"><source type=\"video\/mp4\" src=\"https:\/\/www.tamaulipas.gob.mx\/sesesp\/wp-content\/uploads\/sites\/25\/2023\/09\/video-15.mp4?_=1\" \/><a href=\"https:\/\/www.tamaulipas.gob.mx\/sesesp\/wp-content\/uploads\/sites\/25\/2023\/09\/video-15.mp4\">https:\/\/www.tamaulipas.gob.mx\/sesesp\/wp-content\/uploads\/sites\/25\/2023\/09\/video-15.mp4<\/a><\/video><\/div>\n","protected":false},"excerpt":{"rendered":"<p>El pasado mes de abril, la secretaria ejecutiva del Sistema Nacional de Seguridad P\u00fablica, Clara Luz Flores Carrales, encabez\u00f3 junto con el gobernador Am\u00e9rico Villarreal\u2026<\/p>\n","protected":false},"author":250,"featured_media":0,"parent":0,"menu_order":0,"comment_status":"closed","ping_status":"closed","template":"","meta":{"footnotes":""},"class_list":["post-1663","page","type-page","status-publish","hentry"],"publishpress_future_action":{"enabled":false,"date":"2026-04-28 12:40:00","action":"change-status","newStatus":"draft","terms":[],"taxonomy":""},"_links":{"self":[{"href":"https:\/\/www.tamaulipas.gob.mx\/sesesp\/wp-json\/wp\/v2\/pages\/1663"}],"collection":[{"href":"https:\/\/www.tamaulipas.gob.mx\/sesesp\/wp-json\/wp\/v2\/pages"}],"about":[{"href":"https:\/\/www.tamaulipas.gob.mx\/sesesp\/wp-json\/wp\/v2\/types\/page"}],"author":[{"embeddable":true,"href":"https:\/\/www.tamaulipas.gob.mx\/sesesp\/wp-json\/wp\/v2\/users\/250"}],"replies":[{"embeddable":true,"href":"https:\/\/www.tamaulipas.gob.mx\/sesesp\/wp-json\/wp\/v2\/comments?post=1663"}],"version-history":[{"count":8,"href":"https:\/\/www.tamaulipas.gob.mx\/sesesp\/wp-json\/wp\/v2\/pages\/1663\/revisions"}],"predecessor-version":[{"id":1692,"href":"https:\/\/www.tamaulipas.gob.mx\/sesesp\/wp-json\/wp\/v2\/pages\/1663\/revisions\/1692"}],"wp:attachment":[{"href":"https:\/\/www.tamaulipas.gob.mx\/sesesp\/wp-json\/wp\/v2\/media?parent=1663"}],"curies":[{"name":"wp","href":"https:\/\/api.w.org\/{rel}","templated":true}]}}