{"id":1658,"date":"2023-09-19T15:15:25","date_gmt":"2023-09-19T21:15:25","guid":{"rendered":"https:\/\/www.tamaulipas.gob.mx\/sesesp\/?page_id=1658"},"modified":"2024-10-04T14:05:30","modified_gmt":"2024-10-04T20:05:30","slug":"1er-foro-estatal-de-no-violencia-animal","status":"publish","type":"page","link":"https:\/\/www.tamaulipas.gob.mx\/sesesp\/1er-foro-estatal-de-no-violencia-animal\/","title":{"rendered":"1er Foro Estatal de No Violencia Animal"},"content":{"rendered":"<p style=\"text-align: justify;\">La violencia inhibe el desarrollo de las personas y puede causar da\u00f1os irreversibles, adopta diferentes formas de expresi\u00f3n, por lo que es necesario que exista un esfuerzo integrado de autoridades de los tres \u00f3rdenes de gobierno, padres de familia, maestros, organizaciones civiles y l\u00edderes de opini\u00f3n, para prevenir el maltrato a los animales y su posterior transformaci\u00f3n en violencia social.<\/p>\n<p style=\"text-align: justify;\">El <strong>Secretariado Ejecutivo del Sistema Estatal de Seguridad P\u00fablica<\/strong>, a trav\u00e9s de la Coordinaci\u00f3n General de Prevenci\u00f3n del Delito y Participaci\u00f3n Ciudadana, realiz\u00f3 el <strong>Primer Foro Estatal de No Violencia Animal<\/strong> el d\u00eda <strong>27 de septiembre<\/strong> del presente a\u00f1o, en el <strong>Auditorio Alberto L\u00f3pez del Centro Cultural Tamaulipas<\/strong>, en punto de las <strong>10:00 horas<\/strong>.<\/p>\n<p style=\"text-align: justify;\">Sensibilizar sobre la conexi\u00f3n entre la violencia hacia animales y humanos, promoviendo la empat\u00eda y el respeto como herramientas clave para prevenir la propagaci\u00f3n de patrones violentos.<\/p>\n<p>&nbsp;<\/p>\n<p><img loading=\"lazy\" decoding=\"async\" class=\"alignnone size-full wp-image-1659\" src=\"https:\/\/www.tamaulipas.gob.mx\/sesesp\/wp-content\/uploads\/sites\/25\/2023\/09\/foro-contra-la-violencia-animal.jpeg\" alt=\"\" width=\"960\" height=\"1200\" \/><\/p>\n<p><img loading=\"lazy\" decoding=\"async\" class=\"alignnone size-full wp-image-1695\" src=\"https:\/\/www.tamaulipas.gob.mx\/sesesp\/wp-content\/uploads\/sites\/25\/2023\/09\/dsc_1003.jpg\" alt=\"\" width=\"1200\" height=\"800\" \/><\/p>\n<p>&nbsp;<\/p>\n<div class='owl-gallery'><div class='item'><a href='https:\/\/www.tamaulipas.gob.mx\/sesesp\/wp-content\/uploads\/sites\/25\/2023\/09\/2-1.jpg' rel='galeria'><img src='https:\/\/www.tamaulipas.gob.mx\/sesesp\/wp-content\/uploads\/sites\/25\/2023\/09\/2-1-850x500.jpg' srcset='' sizes='auto' alt=''><\/a><figcaption><\/figcaption><\/div><div class='item'><a href='https:\/\/www.tamaulipas.gob.mx\/sesesp\/wp-content\/uploads\/sites\/25\/2023\/09\/4-1.jpg' rel='galeria'><img src='https:\/\/www.tamaulipas.gob.mx\/sesesp\/wp-content\/uploads\/sites\/25\/2023\/09\/4-1-850x500.jpg' srcset='' sizes='auto' alt=''><\/a><figcaption><\/figcaption><\/div><div class='item'><a href='https:\/\/www.tamaulipas.gob.mx\/sesesp\/wp-content\/uploads\/sites\/25\/2023\/09\/5-1.jpg' rel='galeria'><img src='https:\/\/www.tamaulipas.gob.mx\/sesesp\/wp-content\/uploads\/sites\/25\/2023\/09\/5-1-850x500.jpg' srcset='' sizes='auto' alt=''><\/a><figcaption><\/figcaption><\/div><div class='item'><a href='https:\/\/www.tamaulipas.gob.mx\/sesesp\/wp-content\/uploads\/sites\/25\/2023\/09\/6-1.jpg' rel='galeria'><img src='https:\/\/www.tamaulipas.gob.mx\/sesesp\/wp-content\/uploads\/sites\/25\/2023\/09\/6-1-850x500.jpg' srcset='' sizes='auto' alt=''><\/a><figcaption><\/figcaption><\/div><div class='item'><a href='https:\/\/www.tamaulipas.gob.mx\/sesesp\/wp-content\/uploads\/sites\/25\/2023\/09\/7-1.jpg' rel='galeria'><img src='https:\/\/www.tamaulipas.gob.mx\/sesesp\/wp-content\/uploads\/sites\/25\/2023\/09\/7-1-850x500.jpg' srcset='' sizes='auto' alt=''><\/a><figcaption><\/figcaption><\/div><div class='item'><a href='https:\/\/www.tamaulipas.gob.mx\/sesesp\/wp-content\/uploads\/sites\/25\/2023\/09\/8-1.jpg' rel='galeria'><img src='https:\/\/www.tamaulipas.gob.mx\/sesesp\/wp-content\/uploads\/sites\/25\/2023\/09\/8-1-850x500.jpg' srcset='' sizes='auto' alt=''><\/a><figcaption><\/figcaption><\/div><div class='item'><a href='https:\/\/www.tamaulipas.gob.mx\/sesesp\/wp-content\/uploads\/sites\/25\/2023\/09\/9-1.jpg' rel='galeria'><img src='https:\/\/www.tamaulipas.gob.mx\/sesesp\/wp-content\/uploads\/sites\/25\/2023\/09\/9-1-850x500.jpg' srcset='' sizes='auto' alt=''><\/a><figcaption><\/figcaption><\/div><div class='item'><a href='https:\/\/www.tamaulipas.gob.mx\/sesesp\/wp-content\/uploads\/sites\/25\/2023\/09\/10-1.jpg' rel='galeria'><img src='https:\/\/www.tamaulipas.gob.mx\/sesesp\/wp-content\/uploads\/sites\/25\/2023\/09\/10-1-850x500.jpg' srcset='' sizes='auto' alt=''><\/a><figcaption><\/figcaption><\/div><div class='item'><a href='https:\/\/www.tamaulipas.gob.mx\/sesesp\/wp-content\/uploads\/sites\/25\/2023\/09\/11-1.jpg' rel='galeria'><img src='https:\/\/www.tamaulipas.gob.mx\/sesesp\/wp-content\/uploads\/sites\/25\/2023\/09\/11-1-850x500.jpg' srcset='' sizes='auto' alt=''><\/a><figcaption><\/figcaption><\/div><div class='item'><a href='https:\/\/www.tamaulipas.gob.mx\/sesesp\/wp-content\/uploads\/sites\/25\/2023\/09\/12-1.jpg' rel='galeria'><img src='https:\/\/www.tamaulipas.gob.mx\/sesesp\/wp-content\/uploads\/sites\/25\/2023\/09\/12-1-850x500.jpg' srcset='' sizes='auto' alt=''><\/a><figcaption><\/figcaption><\/div><div class='item'><a href='https:\/\/www.tamaulipas.gob.mx\/sesesp\/wp-content\/uploads\/sites\/25\/2023\/09\/13.jpg' rel='galeria'><img src='https:\/\/www.tamaulipas.gob.mx\/sesesp\/wp-content\/uploads\/sites\/25\/2023\/09\/13-850x500.jpg' srcset='' sizes='auto' alt=''><\/a><figcaption><\/figcaption><\/div><div class='item'><a href='https:\/\/www.tamaulipas.gob.mx\/sesesp\/wp-content\/uploads\/sites\/25\/2023\/09\/14.jpg' rel='galeria'><img src='https:\/\/www.tamaulipas.gob.mx\/sesesp\/wp-content\/uploads\/sites\/25\/2023\/09\/14-850x500.jpg' srcset='' sizes='auto' alt=''><\/a><figcaption><\/figcaption><\/div><div class='item'><a href='https:\/\/www.tamaulipas.gob.mx\/sesesp\/wp-content\/uploads\/sites\/25\/2023\/09\/15.jpg' rel='galeria'><img src='https:\/\/www.tamaulipas.gob.mx\/sesesp\/wp-content\/uploads\/sites\/25\/2023\/09\/15-850x500.jpg' srcset='' sizes='auto' alt=''><\/a><figcaption><\/figcaption><\/div><div class='item'><a href='https:\/\/www.tamaulipas.gob.mx\/sesesp\/wp-content\/uploads\/sites\/25\/2023\/09\/16.jpg' rel='galeria'><img src='https:\/\/www.tamaulipas.gob.mx\/sesesp\/wp-content\/uploads\/sites\/25\/2023\/09\/16-850x500.jpg' srcset='' sizes='auto' alt=''><\/a><figcaption><\/figcaption><\/div><div class='item'><a href='https:\/\/www.tamaulipas.gob.mx\/sesesp\/wp-content\/uploads\/sites\/25\/2023\/09\/17.jpg' rel='galeria'><img src='https:\/\/www.tamaulipas.gob.mx\/sesesp\/wp-content\/uploads\/sites\/25\/2023\/09\/17-850x500.jpg' srcset='' sizes='auto' alt=''><\/a><figcaption><\/figcaption><\/div><\/div>\n","protected":false},"excerpt":{"rendered":"<p>La violencia inhibe el desarrollo de las personas y puede causar da\u00f1os irreversibles, adopta diferentes formas de expresi\u00f3n, por lo que es necesario que exista\u2026<\/p>\n","protected":false},"author":250,"featured_media":0,"parent":0,"menu_order":0,"comment_status":"closed","ping_status":"closed","template":"","meta":{"footnotes":""},"class_list":["post-1658","page","type-page","status-publish","hentry"],"publishpress_future_action":{"enabled":false,"date":"2026-04-28 14:02:42","action":"change-status","newStatus":"draft","terms":[],"taxonomy":""},"_links":{"self":[{"href":"https:\/\/www.tamaulipas.gob.mx\/sesesp\/wp-json\/wp\/v2\/pages\/1658"}],"collection":[{"href":"https:\/\/www.tamaulipas.gob.mx\/sesesp\/wp-json\/wp\/v2\/pages"}],"about":[{"href":"https:\/\/www.tamaulipas.gob.mx\/sesesp\/wp-json\/wp\/v2\/types\/page"}],"author":[{"embeddable":true,"href":"https:\/\/www.tamaulipas.gob.mx\/sesesp\/wp-json\/wp\/v2\/users\/250"}],"replies":[{"embeddable":true,"href":"https:\/\/www.tamaulipas.gob.mx\/sesesp\/wp-json\/wp\/v2\/comments?post=1658"}],"version-history":[{"count":9,"href":"https:\/\/www.tamaulipas.gob.mx\/sesesp\/wp-json\/wp\/v2\/pages\/1658\/revisions"}],"predecessor-version":[{"id":2050,"href":"https:\/\/www.tamaulipas.gob.mx\/sesesp\/wp-json\/wp\/v2\/pages\/1658\/revisions\/2050"}],"wp:attachment":[{"href":"https:\/\/www.tamaulipas.gob.mx\/sesesp\/wp-json\/wp\/v2\/media?parent=1658"}],"curies":[{"name":"wp","href":"https:\/\/api.w.org\/{rel}","templated":true}]}}