{"id":134,"date":"2017-10-03T11:16:51","date_gmt":"2017-10-03T16:16:51","guid":{"rendered":"http:\/\/www.tamaulipas.gob.mx\/c4\/?page_id=134"},"modified":"2023-02-10T10:40:10","modified_gmt":"2023-02-10T16:40:10","slug":"c4","status":"publish","type":"page","link":"https:\/\/www.tamaulipas.gob.mx\/sesesp\/unidades\/c4\/","title":{"rendered":"Centro General de Coordinaci\u00f3n, Comando, Control, Comunicaciones, C\u00f3mputo e Inteligencia (C5i)"},"content":{"rendered":"<p><strong>Misi\u00f3n<\/strong><\/p>\n<p>Proporcionar a trav\u00e9s del Secretariado Ejecutivo del Sistema Estatal de Seguridad P\u00fablica un servicio de apoyo a la ciudadan\u00eda con rapidez y eficacia.<\/p>\n<p><strong>Visi\u00f3n<\/strong><\/p>\n<p>Ser el \u00fanico conducto para reportar cualquier emergencia que tenga la ciudadan\u00eda alcanzando la excelencia a trav\u00e9s de la conjunci\u00f3n de esfuerzos y con un compromiso permanente\u00a0\u00a0en servicio y colaboraci\u00f3n.<\/p>\n","protected":false},"excerpt":{"rendered":"<p>Misi\u00f3n Proporcionar a trav\u00e9s del Secretariado Ejecutivo del Sistema Estatal de Seguridad P\u00fablica un servicio de apoyo a la ciudadan\u00eda con rapidez y eficacia. Visi\u00f3n\u2026<\/p>\n","protected":false},"author":1,"featured_media":0,"parent":241,"menu_order":0,"comment_status":"closed","ping_status":"closed","template":"","meta":{"footnotes":""},"class_list":["post-134","page","type-page","status-publish","hentry"],"publishpress_future_action":{"enabled":false,"date":"2026-05-07 10:21:15","action":"change-status","newStatus":"draft","terms":[],"taxonomy":""},"_links":{"self":[{"href":"https:\/\/www.tamaulipas.gob.mx\/sesesp\/wp-json\/wp\/v2\/pages\/134"}],"collection":[{"href":"https:\/\/www.tamaulipas.gob.mx\/sesesp\/wp-json\/wp\/v2\/pages"}],"about":[{"href":"https:\/\/www.tamaulipas.gob.mx\/sesesp\/wp-json\/wp\/v2\/types\/page"}],"author":[{"embeddable":true,"href":"https:\/\/www.tamaulipas.gob.mx\/sesesp\/wp-json\/wp\/v2\/users\/1"}],"replies":[{"embeddable":true,"href":"https:\/\/www.tamaulipas.gob.mx\/sesesp\/wp-json\/wp\/v2\/comments?post=134"}],"version-history":[{"count":5,"href":"https:\/\/www.tamaulipas.gob.mx\/sesesp\/wp-json\/wp\/v2\/pages\/134\/revisions"}],"predecessor-version":[{"id":1498,"href":"https:\/\/www.tamaulipas.gob.mx\/sesesp\/wp-json\/wp\/v2\/pages\/134\/revisions\/1498"}],"up":[{"embeddable":true,"href":"https:\/\/www.tamaulipas.gob.mx\/sesesp\/wp-json\/wp\/v2\/pages\/241"}],"wp:attachment":[{"href":"https:\/\/www.tamaulipas.gob.mx\/sesesp\/wp-json\/wp\/v2\/media?parent=134"}],"curies":[{"name":"wp","href":"https:\/\/api.w.org\/{rel}","templated":true}]}}