{"id":108,"date":"2017-07-10T08:38:13","date_gmt":"2017-07-10T13:38:13","guid":{"rendered":"http:\/\/www.tamaulipas.gob.mx\/c4\/?page_id=108"},"modified":"2024-10-04T13:36:05","modified_gmt":"2024-10-04T19:36:05","slug":"denuncia-anonima","status":"publish","type":"page","link":"https:\/\/www.tamaulipas.gob.mx\/sesesp\/denuncia-anonima-089\/denuncia-anonima\/","title":{"rendered":"Denuncia An\u00f3nima"},"content":{"rendered":"<p style=\"text-align: justify;\">El apartado de Denuncia An\u00f3nima fue implementado para promover la denuncia por incidentes como secuestro, extorsi\u00f3n, delincuencia organizada, entre otros. Los reportes son generados de manera an\u00f3nima, por lo cual no produce riesgos a las personas que denuncien el incidente.<\/p>\n<p style=\"text-align: justify;\">Es importante que proporciones la informaci\u00f3n lo m\u00e1s completa posible para que las autoridades correspondientes puedan dar seguimiento al evento.<\/p>\n<p>&nbsp;<\/p>\n\n<div class=\"wpcf7 no-js\" id=\"wpcf7-f482-o1\" lang=\"es-ES\" dir=\"ltr\">\n<div class=\"screen-reader-response\"><p role=\"status\" aria-live=\"polite\" aria-atomic=\"true\"><\/p> <ul><\/ul><\/div>\n<form action=\"\/sesesp\/wp-json\/wp\/v2\/pages\/108#wpcf7-f482-o1\" method=\"post\" class=\"wpcf7-form init\" aria-label=\"Formulario de contacto\" enctype=\"multipart\/form-data\" novalidate=\"novalidate\" data-status=\"init\">\n<div style=\"display: none;\">\n<input type=\"hidden\" name=\"_wpcf7\" value=\"482\" \/>\n<input type=\"hidden\" name=\"_wpcf7_version\" value=\"5.7.6\" \/>\n<input type=\"hidden\" name=\"_wpcf7_locale\" value=\"es_ES\" \/>\n<input type=\"hidden\" name=\"_wpcf7_unit_tag\" value=\"wpcf7-f482-o1\" \/>\n<input type=\"hidden\" name=\"_wpcf7_container_post\" value=\"0\" \/>\n<input type=\"hidden\" name=\"_wpcf7_posted_data_hash\" value=\"\" \/>\n<input type=\"hidden\" name=\"_wpcf7_recaptcha_response\" value=\"\" \/>\n<\/div>\n<div class=\"row mb20\">\n\t<div class=\"col-sm-6\">\n\t\t<p><label for=\"municipio\">Municipio <span class=\"requerido\">*<\/span><\/label><br \/>\n<span class=\"wpcf7-form-control-wrap\" data-name=\"municipios\"><select class=\"wpcf7-form-control wpcf7-select wpcf7-validates-as-required form-control\" aria-required=\"true\" aria-invalid=\"false\" name=\"municipios\"><option value=\"\">&#8212;Por favor, elige una opci\u00f3n&#8212;<\/option><option value=\"Abasolo\">Abasolo<\/option><option value=\"Aldama\">Aldama<\/option><option value=\"Altamira\">Altamira<\/option><option value=\"Antiguo Morelos\">Antiguo Morelos<\/option><option value=\"Burgos\">Burgos<\/option><option value=\"Bustamante\">Bustamante<\/option><option value=\"Camargo\">Camargo<\/option><option value=\"Casas\">Casas<\/option><option value=\"Ciudad Madero\">Ciudad Madero<\/option><option value=\"Cruillas\">Cruillas<\/option><option value=\"Gomez Far\u00edas\">Gomez Far\u00edas<\/option><option value=\"Gonz\u00e1lez\">Gonz\u00e1lez<\/option><option value=\"G\u00fc\u00e9mez\">G\u00fc\u00e9mez<\/option><option value=\"Guerrero\">Guerrero<\/option><option value=\"Gustavo D\u00edaz Ordaz\">Gustavo D\u00edaz Ordaz<\/option><option value=\"Hidalgo\">Hidalgo<\/option><option value=\"Jaumave\">Jaumave<\/option><option value=\"Jim\u00e9nez\">Jim\u00e9nez<\/option><option value=\"Llera\">Llera<\/option><option value=\"Mainero\">Mainero<\/option><option value=\"El Mante\">El Mante<\/option><option value=\"Matamoros\">Matamoros<\/option><option value=\"M\u00e9ndez\">M\u00e9ndez<\/option><option value=\"Mier\">Mier<\/option><option value=\"Miguel Alem\u00e1n\">Miguel Alem\u00e1n<\/option><option value=\"Miquihuana\">Miquihuana<\/option><option value=\"Nuevo Laredo\">Nuevo Laredo<\/option><option value=\"Nuevo Morelos\">Nuevo Morelos<\/option><option value=\"Ocampo\">Ocampo<\/option><option value=\"Padilla\">Padilla<\/option><option value=\"Palmillas\">Palmillas<\/option><option value=\"Reynosa\">Reynosa<\/option><option value=\"R\u00edo Bravo\">R\u00edo Bravo<\/option><option value=\"San Carlos\">San Carlos<\/option><option value=\"San Fernando\">San Fernando<\/option><option value=\"San Nicol\u00e1s\">San Nicol\u00e1s<\/option><option value=\"Soto la Marina\">Soto la Marina<\/option><option value=\"Tampico\">Tampico<\/option><option value=\"Tula\">Tula<\/option><option value=\"Valle Hermoso\">Valle Hermoso<\/option><option value=\"Victoria\">Victoria<\/option><option value=\"Villagr\u00e1n\">Villagr\u00e1n<\/option><option value=\"Xicot\u00e9ncatl\">Xicot\u00e9ncatl<\/option><\/select><\/span>\n\t\t<\/p>\n\t<\/div>\n\t<div class=\"col-sm-6\">\n\t\t<p><label for=\"evento\">Cat\u00e1logo de Eventos <span class=\"requerido\">*<\/span><\/label><br \/>\n<span class=\"wpcf7-form-control-wrap\" data-name=\"Eventos\"><select class=\"wpcf7-form-control wpcf7-select wpcf7-validates-as-required form-control\" aria-required=\"true\" aria-invalid=\"false\" name=\"Eventos\"><option value=\"\">&#8212;Por favor, elige una opci\u00f3n&#8212;<\/option><option value=\"Abuso de autoridad\">Abuso de autoridad<\/option><option value=\"Abuso de confianza\">Abuso de confianza<\/option><option value=\"Abuso Sexual\">Abuso Sexual<\/option><option value=\"Abuso sexual contra ni\u00f1as, ni\u00f1os y adolescentes\">Abuso sexual contra ni\u00f1as, ni\u00f1os y adolescentes<\/option><option value=\"Acciones contra animales en peligro de extinci\u00f3n\">Acciones contra animales en peligro de extinci\u00f3n<\/option><option value=\"Acopio y tr\u00e1fico de armas\">Acopio y tr\u00e1fico de armas<\/option><option value=\"Acoso cibern\u00e9tico\">Acoso cibern\u00e9tico<\/option><option value=\"Acoso y hostigamiento sexual\">Acoso y hostigamiento sexual<\/option><option value=\"Actividades il\u00edcitas dentro de Centros Penitenciarios\">Actividades il\u00edcitas dentro de Centros Penitenciarios<\/option><option value=\"Actividades irregulares en centros privados o comercios\">Actividades irregulares en centros privados o comercios<\/option><option value=\"Actos contra otros bienes jur\u00eddicos\">Actos contra otros bienes jur\u00eddicos<\/option><option value=\"Actos que atentan contra la seguridad del estado o la naci\u00f3n\">Actos que atentan contra la seguridad del estado o la naci\u00f3n<\/option><option value=\"Actos relacionados a la delincuencia organizada\">Actos relacionados a la delincuencia organizada<\/option><option value=\"Allanamiento de morada\">Allanamiento de morada<\/option><option value=\"Amenazas\">Amenazas<\/option><option value=\"Asociaci\u00f3n delictuosa o delincuencia organizada\">Asociaci\u00f3n delictuosa o delincuencia organizada<\/option><option value=\"Ataque a sistemas inform\u00e1ticos (Cracking)\">Ataque a sistemas inform\u00e1ticos (Cracking)<\/option><option value=\"Ataques a las v\u00edas de comunicaci\u00f3n\">Ataques a las v\u00edas de comunicaci\u00f3n<\/option><option value=\"Atentados o amenazas en plantel educativo u oficina de gobierno\">Atentados o amenazas en plantel educativo u oficina de gobierno<\/option><option value=\"Casa de seguridad\">Casa de seguridad<\/option><option value=\"Cohecho\">Cohecho<\/option><option value=\"Complementar denuncia\">Complementar denuncia<\/option><option value=\"Compra y venta ilegal de hidrocarburos\">Compra y venta ilegal de hidrocarburos<\/option><option value=\"Concusi\u00f3n\">Concusi\u00f3n<\/option><option value=\"Contra el medio ambiente\">Contra el medio ambiente<\/option><option value=\"Corrupci\u00f3n de menores\">Corrupci\u00f3n de menores<\/option><option value=\"Da\u00f1os a propiedad ajena\">Da\u00f1os a propiedad ajena<\/option><option value=\"Da\u00f1os a propiedad ajena a monumentos arqueol\u00f3gicos, art\u00edsticos o hist\u00f3ricos o lugares considerados como patrimonio cultural mexicano\">Da\u00f1os a propiedad ajena a monumentos arqueol\u00f3gicos, art\u00edsticos o hist\u00f3ricos o lugares considerados como patrimonio cultural mexicano<\/option><option value=\"Defraudaci\u00f3n fiscal\">Defraudaci\u00f3n fiscal<\/option><option value=\"Delito por pandilla\">Delito por pandilla<\/option><option value=\"Delitos cibern\u00e9ticos\">Delitos cibern\u00e9ticos<\/option><option value=\"Delitos cometidos en el ejercicio de actividades profesionales o t\u00e9cnicas\">Delitos cometidos en el ejercicio de actividades profesionales o t\u00e9cnicas<\/option><option value=\"Delitos electorales\">Delitos electorales<\/option><option value=\"Desobediencia o resistencia\">Desobediencia o resistencia<\/option><option value=\"Detonaciones de arma de fuego\">Detonaciones de arma de fuego<\/option><option value=\"Discriminaci\u00f3n\">Discriminaci\u00f3n<\/option><option value=\"Distribuci\u00f3n, venta y producci\u00f3n de art\u00edculos sin derechos de autor\">Distribuci\u00f3n, venta y producci\u00f3n de art\u00edculos sin derechos de autor<\/option><option value=\"Ejercicio indebido de funciones p\u00fablicas\">Ejercicio indebido de funciones p\u00fablicas<\/option><option value=\"Encubrimiento\">Encubrimiento<\/option><option value=\"Enriquecimiento il\u00edcito\">Enriquecimiento il\u00edcito<\/option><option value=\"Evasi\u00f3n de presos\">Evasi\u00f3n de presos<\/option><option value=\"Extorsi\u00f3n\">Extorsi\u00f3n<\/option><option value=\"Extracci\u00f3n de datos (Hacking)\">Extracci\u00f3n de datos (Hacking)<\/option><option value=\"Fabricaci\u00f3n o venta de armas\">Fabricaci\u00f3n o venta de armas<\/option><option value=\"Falsificaci\u00f3n\">Falsificaci\u00f3n<\/option><option value=\"Falsificaci\u00f3n de documentos\">Falsificaci\u00f3n de documentos<\/option><option value=\"Falsificaci\u00f3n, alteraci\u00f3n y destrucci\u00f3n de moneda\">Falsificaci\u00f3n, alteraci\u00f3n y destrucci\u00f3n de moneda<\/option><option value=\"Faltas administrativas\">Faltas administrativas<\/option><option value=\"Feminicidio\">Feminicidio<\/option><option value=\"Fosa clandestina\">Fosa clandestina<\/option><option value=\"Fraude electr\u00f3nico\">Fraude electr\u00f3nico<\/option><option value=\"Fraude procesal\">Fraude procesal<\/option><option value=\"Fraude\/Estafa\">Fraude\/Estafa<\/option><option value=\"Genocidio\">Genocidio<\/option><option value=\"Homicidio culposo\">Homicidio culposo<\/option><option value=\"Homicidio doloso\">Homicidio doloso<\/option><option value=\"Identificaci\u00f3n y ubicaci\u00f3n de delincuente\">Identificaci\u00f3n y ubicaci\u00f3n de delincuente<\/option><option value=\"Inducci\u00f3n al suicidio\">Inducci\u00f3n al suicidio<\/option><option value=\"Lavado de dinero\">Lavado de dinero<\/option><option value=\"Lenocinio\">Lenocinio<\/option><option value=\"Lenocinio de personas menores\">Lenocinio de personas menores<\/option><option value=\"Lesiones dolosas\">Lesiones dolosas<\/option><option value=\"Llamada de broma\">Llamada de broma<\/option><option value=\"Llamada de seguimiento\">Llamada de seguimiento<\/option><option value=\"Llamada muda, incompleta o cancelada\">Llamada muda, incompleta o cancelada<\/option><option value=\"Lugares con actividad clandestina\">Lugares con actividad clandestina<\/option><option value=\"Maltrato animal\">Maltrato animal<\/option><option value=\"Maltrato de ni\u00f1as, ni\u00f1os y adolescentes\">Maltrato de ni\u00f1as, ni\u00f1os y adolescentes<\/option><option value=\"Mot\u00edn\">Mot\u00edn<\/option><option value=\"Narcomenudeo\">Narcomenudeo<\/option><option value=\"Noticias Falsas (Fake News)\">Noticias Falsas (Fake News)<\/option><option value=\"Notificaci\u00f3n de hallazgo\">Notificaci\u00f3n de hallazgo<\/option><option value=\"Persona desaparecida\">Persona desaparecida<\/option><option value=\"Omisi\u00f3n de auxilio\">Omisi\u00f3n de auxilio<\/option><option value=\"Omisi\u00f3n del cuidado\">Omisi\u00f3n del cuidado<\/option><option value=\"Otras llamadas de no denuncia\">Otras llamadas de no denuncia<\/option><option value=\"Otros actos cometidos por personas servidoras p\u00fablicas\">Otros actos cometidos por personas servidoras p\u00fablicas<\/option><option value=\"Otros actos que atentan contra la libertad personal\">Otros actos que atentan contra la libertad personal<\/option><option value=\"Otros actos que atentan contra la libertad y la seguridad sexual\">Otros actos que atentan contra la libertad y la seguridad sexual<\/option><option value=\"Otros actos que atentan contra la seguridad p\u00fablica\">Otros actos que atentan contra la seguridad p\u00fablica<\/option><option value=\"Otros actos que atentan contra la vida y la integridad personal\">Otros actos que atentan contra la vida y la integridad personal<\/option><option value=\"Otros actos que atentan contra las familias\">Otros actos que atentan contra las familias<\/option><option value=\"Otros actos que atentan contra las ni\u00f1as, ni\u00f1os y adolescentes\">Otros actos que atentan contra las ni\u00f1as, ni\u00f1os y adolescentes<\/option><option value=\"Otros actos relacionados con el patrimonio\">Otros actos relacionados con el patrimonio<\/option><option value=\"Pederastia\">Pederastia<\/option><option value=\"Pelea clandestina de perros\">Pelea clandestina de perros<\/option><option value=\"Pornograf\u00eda Infantil\">Pornograf\u00eda Infantil<\/option><option value=\"Portaci\u00f3n de armas\">Portaci\u00f3n de armas<\/option><option value=\"Prestaci\u00f3n il\u00edcita del servicio p\u00fablico de transporte de pasajeros\">Prestaci\u00f3n il\u00edcita del servicio p\u00fablico de transporte de pasajeros<\/option><option value=\"Privaci\u00f3n ilegal de la libertad\">Privaci\u00f3n ilegal de la libertad<\/option><option value=\"Persona inv. crimen organizado\">Persona inv. crimen organizado<\/option><option value=\"Personas armadas\">Personas armadas<\/option><option value=\"Personas decapitadas\">Personas decapitadas<\/option><option value=\"Personas ejecutadas\">Personas ejecutadas<\/option><option value=\"Poncha llantas\">Poncha llantas<\/option><option value=\"Presunta fuga de reos\">Presunta fuga de reos<\/option><option value=\"Privaci\u00f3n ilegal de la libertad\">Privaci\u00f3n ilegal de la libertad<\/option><option value=\"Producci\u00f3n y almacenamiento de drogas\">Producci\u00f3n y almacenamiento de drogas<\/option><option value=\"Quebrantamiento de penas no privativas de la libertad y medidas de seguridad\">Quebrantamiento de penas no privativas de la libertad y medidas de seguridad<\/option><option value=\"Quebrantamiento de sellos\">Quebrantamiento de sellos<\/option><option value=\"Residuos peligrosos\">Residuos peligrosos<\/option><option value=\"Robo a casa habitaci\u00f3n\">Robo a casa habitaci\u00f3n<\/option><option value=\"Robo a instituci\u00f3n bancaria\">Robo a instituci\u00f3n bancaria<\/option><option value=\"Robo a negocio\">Robo a negocio<\/option><option value=\"Robo a transe\u00fante en espacio abierto al p\u00fablico\">Robo a transe\u00fante en espacio abierto al p\u00fablico<\/option><option value=\"Robo a transe\u00fante en v\u00eda p\u00fablica\">Robo a transe\u00fante en v\u00eda p\u00fablica<\/option><option value=\"Robo a transportista\">Robo a transportista<\/option><option value=\"Robo de art\u00edculos considerados como patrimonio cultural mexicano\">Robo de art\u00edculos considerados como patrimonio cultural mexicano<\/option><option value=\"Robo de autopartes\">Robo de autopartes<\/option><option value=\"Robo de embarcaciones\">Robo de embarcaciones<\/option><option value=\"Robo de ganado\">Robo de ganado<\/option><option value=\"Robo de motocicleta\">Robo de motocicleta<\/option><option value=\"Robo de veh\u00edculo automotor de cuatro ruedas\">Robo de veh\u00edculo automotor de cuatro ruedas<\/option><option value=\"Robo en transporte individual\">Robo en transporte individual<\/option><option value=\"Robo en transporte p\u00fablico colectivo\">Robo en transporte p\u00fablico colectivo<\/option><option value=\"Robo en transporte p\u00fablico individual\">Robo en transporte p\u00fablico individual<\/option><option value=\"Secuestro\">Secuestro<\/option><option value=\"Secuestro de informaci\u00f3n (Ransomware)\">Secuestro de informaci\u00f3n (Ransomware)<\/option><option value=\"Sextorsi\u00f3n\">Sextorsi\u00f3n<\/option><option value=\"Simulaci\u00f3n de veh\u00edculo oficial perteneciente a instituci\u00f3n de seguridad p\u00fablica o al servicio p\u00fablico de emergencia\">Simulaci\u00f3n de veh\u00edculo oficial perteneciente a instituci\u00f3n de seguridad p\u00fablica o al servicio p\u00fablico de emergencia<\/option><option value=\"Suplantaci\u00f3n de identidad (Phishing)\">Suplantaci\u00f3n de identidad (Phishing)<\/option><option value=\"Sustracci\u00f3n y aprovechamiento ilegal de hidrocarburos\">Sustracci\u00f3n y aprovechamiento ilegal de hidrocarburos<\/option><option value=\"Tala clandestina\">Tala clandestina<\/option><option value=\"Terrorismo\">Terrorismo<\/option><option value=\"Tr\u00e1fico de influencias\">Tr\u00e1fico de influencias<\/option><option value=\"Tr\u00e1fico de ni\u00f1as, ni\u00f1os y adolescentes\">Tr\u00e1fico de ni\u00f1as, ni\u00f1os y adolescentes<\/option><option value=\"Tr\u00e1fico de \u00f3rganos\">Tr\u00e1fico de \u00f3rganos<\/option><option value=\"Tr\u00e1fico de personas\">Tr\u00e1fico de personas<\/option><option value=\"Transferencia de llamadas\">Transferencia de llamadas<\/option><option value=\"Transportaci\u00f3n y tr\u00e1fico de drogas\">Transportaci\u00f3n y tr\u00e1fico de drogas<\/option><option value=\"Transportaci\u00f3n, almacenamiento o venta ilegal de alcohol\">Transportaci\u00f3n, almacenamiento o venta ilegal de alcohol<\/option><option value=\"Transporte y almacenamiento ilegal de hidrocarburos\">Transporte y almacenamiento ilegal de hidrocarburos<\/option><option value=\"Trata de personas\">Trata de personas<\/option><option value=\"Uso indebido de uniformes, insignias, distintivos o condecorados\">Uso indebido de uniformes, insignias, distintivos o condecorados<\/option><option value=\"Variaci\u00f3n de nombre, domicilio o nacionalidad\">Variaci\u00f3n de nombre, domicilio o nacionalidad<\/option><option value=\"Venta de mercanc\u00eda robada\">Venta de mercanc\u00eda robada<\/option><option value=\"Venta ilegal de medicamentos\">Venta ilegal de medicamentos<\/option><option value=\"Venta ilegal en internet\">Venta ilegal en internet<\/option><option value=\"Violaci\u00f3n\">Violaci\u00f3n<\/option><option value=\"Violaci\u00f3n a la intimidad sexual\">Violaci\u00f3n a la intimidad sexual<\/option><option value=\"Violencia familiar\">Violencia familiar<\/option><option value=\"Venta de droga\">Venta de droga<\/option><option value=\"Violencia por raz\u00f3n de g\u00e9nero\">Violencia por raz\u00f3n de g\u00e9nero<\/option><\/select><\/span>\n\t\t<\/p>\n\t<\/div>\n<\/div>\n<div class=\"row mb20\">\n\t<div class=\"col-sm-6\">\n\t\t<p><label for=\"Colonia\">Colonia<\/label><br \/>\n<span class=\"wpcf7-form-control-wrap\" data-name=\"Colonia\"><input size=\"40\" class=\"wpcf7-form-control wpcf7-text form-control\" aria-invalid=\"false\" value=\"\" type=\"text\" name=\"Colonia\" \/><\/span>\n\t\t<\/p>\n\t<\/div>\n\t<div class=\"col-sm-6\">\n\t\t<p><label for=\"Calle\">Calle<\/label><br \/>\n<span class=\"wpcf7-form-control-wrap\" data-name=\"Calle\"><input size=\"40\" class=\"wpcf7-form-control wpcf7-text form-control\" aria-invalid=\"false\" value=\"\" type=\"text\" name=\"Calle\" \/><\/span>\n\t\t<\/p>\n\t<\/div>\n<\/div>\n<div class=\"row mb20\">\n\t<div class=\"col-xs-12\">\n\t\t<p><label for=\"Calles\">Entre calles<\/label><br \/>\n<span class=\"wpcf7-form-control-wrap\" data-name=\"Calles\"><input size=\"40\" class=\"wpcf7-form-control wpcf7-text form-control\" aria-invalid=\"false\" value=\"\" type=\"text\" name=\"Calles\" \/><\/span>\n\t\t<\/p>\n\t<\/div>\n<\/div>\n<div class=\"row mb20\">\n\t<div class=\"col-xs-12\">\n\t\t<p><label for=\"hechos\">Narraci\u00f3n de los hechos <span class=\"requerido\">*<\/span><\/label><br \/>\n<span class=\"wpcf7-form-control-wrap\" data-name=\"hechos\"><textarea cols=\"99\" rows=\"5\" class=\"wpcf7-form-control wpcf7-textarea wpcf7-validates-as-required form-control\" aria-required=\"true\" aria-invalid=\"false\" placeholder=\"Narraci\u00f3n de los hechos\" name=\"hechos\"><\/textarea><\/span>\n\t\t<\/p>\n\t<\/div>\n<\/div>\n<div class=\"row mb20\">\n\t<div class=\"col-xs-12\">\n\t\t<p><label for=\"archivos\">Adjunta archivos<\/label><br \/>\n<span class=\"wpcf7-form-control-wrap\" data-name=\"archivo\"><input size=\"40\" class=\"wpcf7-form-control wpcf7-file form-control\" accept=\".jpg,.png,.pdf,.doc,.docx\" aria-invalid=\"false\" type=\"file\" name=\"archivo\" \/><\/span>\n\t\t<\/p>\n\t<\/div>\n\t<div class=\"col-xs-12\">\n\t\t<p><br \/>\n*<small>Favor de marcar la casilla de verificaci\u00f3n<\/small>\n\t\t<\/p>\n\t<\/div>\n\t<div class=\"col-xs-12\">\n\t\n\t<\/div>\n\t<div class=\"col-xs-12\">\n\t\t<p><input class=\"wpcf7-form-control has-spinner wpcf7-submit btn btn-primary center-block\" type=\"submit\" value=\"Enviar\" \/>\n\t\t<\/p>\n\t<\/div>\n<\/div><div class=\"wpcf7-response-output\" aria-hidden=\"true\"><\/div>\n<\/form>\n<\/div>\n\n","protected":false},"excerpt":{"rendered":"<p>El apartado de Denuncia An\u00f3nima fue implementado para promover la denuncia por incidentes como secuestro, extorsi\u00f3n, delincuencia organizada, entre otros. Los reportes son generados de\u2026<\/p>\n","protected":false},"author":1,"featured_media":0,"parent":214,"menu_order":0,"comment_status":"closed","ping_status":"closed","template":"","meta":{"footnotes":""},"class_list":["post-108","page","type-page","status-publish","hentry"],"publishpress_future_action":{"enabled":false,"date":"2026-05-08 20:42:37","action":"change-status","newStatus":"draft","terms":[],"taxonomy":""},"_links":{"self":[{"href":"https:\/\/www.tamaulipas.gob.mx\/sesesp\/wp-json\/wp\/v2\/pages\/108"}],"collection":[{"href":"https:\/\/www.tamaulipas.gob.mx\/sesesp\/wp-json\/wp\/v2\/pages"}],"about":[{"href":"https:\/\/www.tamaulipas.gob.mx\/sesesp\/wp-json\/wp\/v2\/types\/page"}],"author":[{"embeddable":true,"href":"https:\/\/www.tamaulipas.gob.mx\/sesesp\/wp-json\/wp\/v2\/users\/1"}],"replies":[{"embeddable":true,"href":"https:\/\/www.tamaulipas.gob.mx\/sesesp\/wp-json\/wp\/v2\/comments?post=108"}],"version-history":[{"count":24,"href":"https:\/\/www.tamaulipas.gob.mx\/sesesp\/wp-json\/wp\/v2\/pages\/108\/revisions"}],"predecessor-version":[{"id":2032,"href":"https:\/\/www.tamaulipas.gob.mx\/sesesp\/wp-json\/wp\/v2\/pages\/108\/revisions\/2032"}],"up":[{"embeddable":true,"href":"https:\/\/www.tamaulipas.gob.mx\/sesesp\/wp-json\/wp\/v2\/pages\/214"}],"wp:attachment":[{"href":"https:\/\/www.tamaulipas.gob.mx\/sesesp\/wp-json\/wp\/v2\/media?parent=108"}],"curies":[{"name":"wp","href":"https:\/\/api.w.org\/{rel}","templated":true}]}}