{"id":1005,"date":"2021-11-08T16:41:48","date_gmt":"2021-11-08T22:41:48","guid":{"rendered":"https:\/\/www.tamaulipas.gob.mx\/sesesp\/?page_id=1005"},"modified":"2021-11-10T09:47:07","modified_gmt":"2021-11-10T15:47:07","slug":"primer-congreso-sobre-seguridad-publica-seguritam","status":"publish","type":"page","link":"https:\/\/www.tamaulipas.gob.mx\/sesesp\/primer-congreso-sobre-seguridad-publica-seguritam\/","title":{"rendered":"Primer Congreso sobre Seguridad P\u00fablica Seguritam"},"content":{"rendered":"<p>El Gobierno del Estado por medio del Secretariado Ejecutivo del Sistema Estatal de Seguridad P\u00fablica, tiene el placer de invitarte al Primer Congreso sobre Seguridad P\u00fablica Seguritam, el cual tiene como prop\u00f3sito el intercambio de conocimientos y buenas pr\u00e1cticas, as\u00ed como debatir sobre metodolog\u00edas y el fortalecimiento de capacidades en el \u00e1rea de seguridad y justicia, a partir del uso de tecnolog\u00edas, con base de evidencias.<\/p>\n<p><em>Habr\u00e1 constancia de asistencia<\/em>.<\/p>\n<p><strong>Lugar:<\/strong> Expo Reynosa, Tamaulipas<\/p>\n<p><strong>Fecha y Hora:<\/strong><\/p>\n<ul>\n<li>18 noviembre a partir de las 10:00 AM<\/li>\n<li>19 noviembre a partir de las 11:00 AM<\/li>\n<\/ul>\n<p><strong>Tambi\u00e9n puedes seguir nuestra transmisi\u00f3n en vivo a trav\u00e9s de Facebook y YouTube\u00a0<\/strong><\/p>\n<p><strong>\u00a1Realiza tu registro!:<\/strong> <a href=\"https:\/\/forms.gle\/W4N2UqV6SHjj61m28\">https:\/\/forms.gle\/W4N2UqV6SHjj61m28<\/a><\/p>\n<p>&nbsp;<\/p>\n<p><img loading=\"lazy\" decoding=\"async\" class=\"alignnone size-full wp-image-1027\" src=\"https:\/\/www.tamaulipas.gob.mx\/sesesp\/wp-content\/uploads\/sites\/25\/2021\/11\/flyer-ponencias-primer-congreso-sobre-seguridad-publica-seguritam-10-11-2021-03.jpg\" alt=\"\" width=\"777\" height=\"1200\" \/><\/p>\n","protected":false},"excerpt":{"rendered":"<p>El Gobierno del Estado por medio del Secretariado Ejecutivo del Sistema Estatal de Seguridad P\u00fablica, tiene el placer de invitarte al Primer Congreso sobre Seguridad\u2026<\/p>\n","protected":false},"author":250,"featured_media":0,"parent":0,"menu_order":0,"comment_status":"closed","ping_status":"closed","template":"","meta":{"footnotes":""},"class_list":["post-1005","page","type-page","status-publish","hentry"],"publishpress_future_action":{"enabled":false,"date":"2026-04-11 13:42:21","action":"change-status","newStatus":"draft","terms":[],"taxonomy":""},"_links":{"self":[{"href":"https:\/\/www.tamaulipas.gob.mx\/sesesp\/wp-json\/wp\/v2\/pages\/1005"}],"collection":[{"href":"https:\/\/www.tamaulipas.gob.mx\/sesesp\/wp-json\/wp\/v2\/pages"}],"about":[{"href":"https:\/\/www.tamaulipas.gob.mx\/sesesp\/wp-json\/wp\/v2\/types\/page"}],"author":[{"embeddable":true,"href":"https:\/\/www.tamaulipas.gob.mx\/sesesp\/wp-json\/wp\/v2\/users\/250"}],"replies":[{"embeddable":true,"href":"https:\/\/www.tamaulipas.gob.mx\/sesesp\/wp-json\/wp\/v2\/comments?post=1005"}],"version-history":[{"count":8,"href":"https:\/\/www.tamaulipas.gob.mx\/sesesp\/wp-json\/wp\/v2\/pages\/1005\/revisions"}],"predecessor-version":[{"id":1028,"href":"https:\/\/www.tamaulipas.gob.mx\/sesesp\/wp-json\/wp\/v2\/pages\/1005\/revisions\/1028"}],"wp:attachment":[{"href":"https:\/\/www.tamaulipas.gob.mx\/sesesp\/wp-json\/wp\/v2\/media?parent=1005"}],"curies":[{"name":"wp","href":"https:\/\/api.w.org\/{rel}","templated":true}]}}