{"id":73,"date":"2016-11-23T11:27:27","date_gmt":"2016-11-23T17:27:27","guid":{"rendered":"http:\/\/www.tamaulipas.gob.mx\/seguridadpublica\/?page_id=73"},"modified":"2017-03-02T11:40:17","modified_gmt":"2017-03-02T17:40:17","slug":"guemez","status":"publish","type":"page","link":"https:\/\/www.tamaulipas.gob.mx\/seguridadpublica\/direccion-de-reintegracion-social-y-familiar-del-adolescente\/guemez\/","title":{"rendered":"G\u00fc\u00e9mez"},"content":{"rendered":"<p><strong>Taller de Valores<\/strong><\/p>\n<p>De abril a julio se llev\u00f3 a cabo el Taller de Valores, en un horario de 11:00 a 12:00 horas, de lunes a viernes, fue impartido por personal del Centro a 11 adolescentes internos. Esta actividad forma parte de las herramientas que se ense\u00f1an a los adolescentes\u00a0 para su pronta reintegraci\u00f3n a la familia y la sociedad.<\/p>\n<p><strong>Obra de Teatro<\/strong><\/p>\n<p>En el marco del 50 aniversario de la fundaci\u00f3n del Centro de Reintegraci\u00f3n de G\u00fc\u00e9mez, se llev\u00f3 a acabo una jornada c\u00edvico, cultural, deportiva y art\u00edstica; los festejos iniciaron con la Obra Performance \u201cTextos de la Vida\u201d, llevada a la escena con la participaci\u00f3n de 11 j\u00f3venes internos con 4 sketches de 30 minutos de duraci\u00f3n, con vestuario de mimos. estos eventos art\u00edsticos-culturales constituyen una herramienta fundamental en el tratamiento que haga de los j\u00f3venes, mejores ciudadanos e hijos de familia. dicha obra estuvo a cargo del Maestro de Teatro Marco Andr\u00e9s D\u00edas Ju\u00e1rez.<\/p>\n","protected":false},"excerpt":{"rendered":"<p>Taller de Valores De abril a julio se llev\u00f3 a cabo el Taller de Valores, en un horario de 11:00 a 12:00 horas, de lunes\u2026<\/p>\n","protected":false},"author":7,"featured_media":0,"parent":60,"menu_order":0,"comment_status":"closed","ping_status":"closed","template":"","meta":{"footnotes":""},"class_list":["post-73","page","type-page","status-publish","hentry"],"publishpress_future_action":{"enabled":false,"date":"2026-04-11 05:57:29","action":"change-status","newStatus":"draft","terms":[],"taxonomy":""},"_links":{"self":[{"href":"https:\/\/www.tamaulipas.gob.mx\/seguridadpublica\/wp-json\/wp\/v2\/pages\/73"}],"collection":[{"href":"https:\/\/www.tamaulipas.gob.mx\/seguridadpublica\/wp-json\/wp\/v2\/pages"}],"about":[{"href":"https:\/\/www.tamaulipas.gob.mx\/seguridadpublica\/wp-json\/wp\/v2\/types\/page"}],"author":[{"embeddable":true,"href":"https:\/\/www.tamaulipas.gob.mx\/seguridadpublica\/wp-json\/wp\/v2\/users\/7"}],"replies":[{"embeddable":true,"href":"https:\/\/www.tamaulipas.gob.mx\/seguridadpublica\/wp-json\/wp\/v2\/comments?post=73"}],"version-history":[{"count":2,"href":"https:\/\/www.tamaulipas.gob.mx\/seguridadpublica\/wp-json\/wp\/v2\/pages\/73\/revisions"}],"predecessor-version":[{"id":268,"href":"https:\/\/www.tamaulipas.gob.mx\/seguridadpublica\/wp-json\/wp\/v2\/pages\/73\/revisions\/268"}],"up":[{"embeddable":true,"href":"https:\/\/www.tamaulipas.gob.mx\/seguridadpublica\/wp-json\/wp\/v2\/pages\/60"}],"wp:attachment":[{"href":"https:\/\/www.tamaulipas.gob.mx\/seguridadpublica\/wp-json\/wp\/v2\/media?parent=73"}],"curies":[{"name":"wp","href":"https:\/\/api.w.org\/{rel}","templated":true}]}}