{"id":66,"date":"2016-11-23T11:15:09","date_gmt":"2016-11-23T17:15:09","guid":{"rendered":"http:\/\/www.tamaulipas.gob.mx\/seguridadpublica\/?page_id=66"},"modified":"2017-03-02T11:55:20","modified_gmt":"2017-03-02T17:55:20","slug":"nuevo-laredo","status":"publish","type":"page","link":"https:\/\/www.tamaulipas.gob.mx\/seguridadpublica\/direccion-de-reintegracion-social-y-familiar-del-adolescente\/nuevo-laredo\/","title":{"rendered":"Nuevo Laredo"},"content":{"rendered":"<p><strong>Taller de Carpinter\u00eda<\/strong><\/p>\n<p>Taller de Carpinter\u00eda I y II, impartido por el Centro de Capacitaci\u00f3n T\u00e9cnica e Industrial N\u00famero 71 (CECATI), por el Maestro Protacio Rivera P\u00e9rez, en un horario de 09:30 a 12:00 y 13:00 a 16:00 horas, de lunes a viernes, el Curso inici\u00f3 el 25 de enero al 30 de marzo y del 29 de mayo al 06 de julio, participando 20 alumnos, con la finalidad de que aprendieran la elaboraci\u00f3n de camas individuales y acabado de muebles de madera.<\/p>\n<p>Los primeros resultados obtenidos del taller de carpinter\u00eda que se llev\u00f3 a cabo en el \u00e1rea interna de este centro, siendo las primeras 14 camas de 25 proyectadas, las cuales son utilizadas por los adolescentes, asimismo se hicieron mesitas y bancos elaborados por los adolescentes internos.<\/p>\n<p><strong>Taller de Lectura<\/strong><\/p>\n<p>Se fomenta la lectura, opini\u00f3n y comprensi\u00f3n de texto<\/p>\n<p>En este Taller participaron\u00a0 8 Adolescentes y forma parte de las actividades dise\u00f1adas en el programa individual de ejecuci\u00f3n de medidas, por ello esta actividades es permanente y se lleva a cabo en un horario de\u00a0 10:30 a 11:00 horas. Lo Imparte el C. Concepci\u00f3n L\u00f3pez Favela, Maestra del Centro, su finalidad es que los adolescentes conozcan\u00a0 los g\u00e9neros de\u00a0 libros que existen y que perfeccionen su lectura\u00a0 en voz alta.<\/p>\n<p><strong>Taller de Cocina<\/strong><\/p>\n<p>Con la finalidad de que aprendan las t\u00e9cnicas para la cocci\u00f3n y preparaci\u00f3n de diferentes tipos de alimentos y comidas<\/p>\n<p>En este Taller participaron 5 Adolescentes y forma parte de las actividades dise\u00f1adas en el programa individual de ejecuci\u00f3n de medidas impuesta por un Juez, esta actividades es permanente y se lleva a cabo en un horario de\u00a0 7:30 a 9:00 y 11:30 a 13:30 horas. Lo Imparte la C. Blasa L\u00f3pez Reyes, Maestra del Centro y su finalidad es que los adolescentes aprendan y conozcan los utensilios de cocina la t\u00e9cnicas de cocci\u00f3n y aprendan a cocinar cada uno de los alimentos.<\/p>\n","protected":false},"excerpt":{"rendered":"<p>Taller de Carpinter\u00eda Taller de Carpinter\u00eda I y II, impartido por el Centro de Capacitaci\u00f3n T\u00e9cnica e Industrial N\u00famero 71 (CECATI), por el Maestro Protacio\u2026<\/p>\n","protected":false},"author":7,"featured_media":0,"parent":60,"menu_order":0,"comment_status":"closed","ping_status":"closed","template":"","meta":{"footnotes":""},"class_list":["post-66","page","type-page","status-publish","hentry"],"publishpress_future_action":{"enabled":false,"date":"2026-04-11 13:14:04","action":"change-status","newStatus":"draft","terms":[],"taxonomy":""},"_links":{"self":[{"href":"https:\/\/www.tamaulipas.gob.mx\/seguridadpublica\/wp-json\/wp\/v2\/pages\/66"}],"collection":[{"href":"https:\/\/www.tamaulipas.gob.mx\/seguridadpublica\/wp-json\/wp\/v2\/pages"}],"about":[{"href":"https:\/\/www.tamaulipas.gob.mx\/seguridadpublica\/wp-json\/wp\/v2\/types\/page"}],"author":[{"embeddable":true,"href":"https:\/\/www.tamaulipas.gob.mx\/seguridadpublica\/wp-json\/wp\/v2\/users\/7"}],"replies":[{"embeddable":true,"href":"https:\/\/www.tamaulipas.gob.mx\/seguridadpublica\/wp-json\/wp\/v2\/comments?post=66"}],"version-history":[{"count":3,"href":"https:\/\/www.tamaulipas.gob.mx\/seguridadpublica\/wp-json\/wp\/v2\/pages\/66\/revisions"}],"predecessor-version":[{"id":281,"href":"https:\/\/www.tamaulipas.gob.mx\/seguridadpublica\/wp-json\/wp\/v2\/pages\/66\/revisions\/281"}],"up":[{"embeddable":true,"href":"https:\/\/www.tamaulipas.gob.mx\/seguridadpublica\/wp-json\/wp\/v2\/pages\/60"}],"wp:attachment":[{"href":"https:\/\/www.tamaulipas.gob.mx\/seguridadpublica\/wp-json\/wp\/v2\/media?parent=66"}],"curies":[{"name":"wp","href":"https:\/\/api.w.org\/{rel}","templated":true}]}}