{"id":57,"date":"2016-11-23T10:53:19","date_gmt":"2016-11-23T16:53:19","guid":{"rendered":"http:\/\/www.tamaulipas.gob.mx\/seguridadpublica\/?page_id=57"},"modified":"2023-01-16T15:17:41","modified_gmt":"2023-01-16T21:17:41","slug":"direccion-de-asuntos-internos","status":"publish","type":"page","link":"https:\/\/www.tamaulipas.gob.mx\/seguridadpublica\/direccion-de-asuntos-internos\/","title":{"rendered":"Direcci\u00f3n de Asuntos Internos"},"content":{"rendered":"<p><strong>Misi\u00f3n<\/strong><\/p>\n<p style=\"text-align: justify;\">Coadyuvar en el cumplimiento de los deberes disciplinarios y normas que rigen la actuaci\u00f3n de los integrantes de las Instituciones Preventivas de Seguridad P\u00fablica Estatales, que responda a los principios constitucionales de legalidad, objetividad, eficiencia, profesionalismo, honradez y respeto irrestricto a los derechos humanos, con el m\u00e1s alto concepto del honor, justicia y \u00e9tica; a trav\u00e9s de la recepci\u00f3n, investigaci\u00f3n y supervisi\u00f3n de quejas y denuncias incluso an\u00f3nimas que permitan inhibir actos de corrupci\u00f3n, abusos y excesos, por parte de los mismos, en perjuicio de los ciudadanos.<\/p>\n<p><strong>Visi\u00f3n<\/strong><\/p>\n<p style=\"text-align: justify;\">Maximizar la cultura de la queja y denuncia incluso an\u00f3nima, mediante procesos sencillos, eficientes y transparentes, para la recuperaci\u00f3n de la confianza y credibilidad social, con respecto a la Secretar\u00eda de Seguridad P\u00fablica, a trav\u00e9s de la investigaci\u00f3n previa y oportuna para salvaguardar la integridad de la presunta v\u00edctima, mediante acciones que promueva la Direcci\u00f3n de Asuntos Internos, en las que se perciba imparcialidad, justicia, fomento de un estado de igualdad y derecho, as\u00ed como la tutela en la reserva de las actuaciones y remitir los resultados de la investigaci\u00f3n a la autoridad competente.<\/p>\n<p><strong>Objetivo<\/strong><\/p>\n<p style=\"text-align: justify;\">La Direcci\u00f3n de Asuntos Internos, conocer\u00e1 de quejas y denuncias incluso an\u00f3nima, materializar\u00e1 los procedimientos de investigaci\u00f3n e inspecci\u00f3n que permitan detectar deficiencias, irregularidades, faltas al r\u00e9gimen disciplinario, incumplimiento de obligaciones de los integrantes de la Guardia Estatal, actos de corrupci\u00f3n, adem\u00e1s de supervisar que cumplan con los requisitos de permanencia que establece el Servicio Profesional de Carrera Policial que, manifieste un insuperable desarrollo institucional, a la luz de la responsabilidad, honradez, eficacia en el desempe\u00f1o de sus funciones y satisfacci\u00f3n de la ciudadan\u00eda.<\/p>\n<p>Para acceder al <strong>Formato Electr\u00f3nico de quejas y denuncias<\/strong> haz click <a href=\"http:\/\/www.tamaulipas.gob.mx\/seguridadpublica\/quejasydenuncias\/\" target=\"_blank\" rel=\"noopener\"><strong>aqui<\/strong><\/a><\/p>\n<p>Para acceder al <strong>Formato Electr\u00f3nico de quejas y denuncias an\u00f3nimas<\/strong> haz click <a href=\"http:\/\/www.tamaulipas.gob.mx\/seguridadpublica\/quejasydenuncias\/\" target=\"_blank\" rel=\"noopener\"><strong>aqu\u00ed<\/strong><\/a><\/p>\n<p><img loading=\"lazy\" decoding=\"async\" class=\"img-responsive alignnone wp-image-905 size-full\" src=\"https:\/\/www.tamaulipas.gob.mx\/seguridadpublica\/wp-content\/uploads\/sites\/10\/2023\/01\/banner-para-web-2023.jpg\" alt=\"\" width=\"1200\" height=\"927\" \/><\/p>\n","protected":false},"excerpt":{"rendered":"<p>Misi\u00f3n Coadyuvar en el cumplimiento de los deberes disciplinarios y normas que rigen la actuaci\u00f3n de los integrantes de las Instituciones Preventivas de Seguridad P\u00fablica\u2026<\/p>\n","protected":false},"author":7,"featured_media":0,"parent":0,"menu_order":0,"comment_status":"closed","ping_status":"closed","template":"","meta":{"footnotes":""},"class_list":["post-57","page","type-page","status-publish","hentry"],"publishpress_future_action":{"enabled":false,"date":"2026-04-19 06:24:11","action":"change-status","newStatus":"draft","terms":[],"taxonomy":""},"_links":{"self":[{"href":"https:\/\/www.tamaulipas.gob.mx\/seguridadpublica\/wp-json\/wp\/v2\/pages\/57"}],"collection":[{"href":"https:\/\/www.tamaulipas.gob.mx\/seguridadpublica\/wp-json\/wp\/v2\/pages"}],"about":[{"href":"https:\/\/www.tamaulipas.gob.mx\/seguridadpublica\/wp-json\/wp\/v2\/types\/page"}],"author":[{"embeddable":true,"href":"https:\/\/www.tamaulipas.gob.mx\/seguridadpublica\/wp-json\/wp\/v2\/users\/7"}],"replies":[{"embeddable":true,"href":"https:\/\/www.tamaulipas.gob.mx\/seguridadpublica\/wp-json\/wp\/v2\/comments?post=57"}],"version-history":[{"count":19,"href":"https:\/\/www.tamaulipas.gob.mx\/seguridadpublica\/wp-json\/wp\/v2\/pages\/57\/revisions"}],"predecessor-version":[{"id":907,"href":"https:\/\/www.tamaulipas.gob.mx\/seguridadpublica\/wp-json\/wp\/v2\/pages\/57\/revisions\/907"}],"wp:attachment":[{"href":"https:\/\/www.tamaulipas.gob.mx\/seguridadpublica\/wp-json\/wp\/v2\/media?parent=57"}],"curies":[{"name":"wp","href":"https:\/\/api.w.org\/{rel}","templated":true}]}}