{"id":38,"date":"2016-11-23T09:59:39","date_gmt":"2016-11-23T15:59:39","guid":{"rendered":"http:\/\/www.tamaulipas.gob.mx\/seguridadpublica\/?page_id=38"},"modified":"2016-11-23T10:04:33","modified_gmt":"2016-11-23T16:04:33","slug":"industria-penitenciaria","status":"publish","type":"page","link":"https:\/\/www.tamaulipas.gob.mx\/seguridadpublica\/subsecretaria-de-ejecucion-de-sanciones-y-reinsercion-social\/industria-penitenciaria\/","title":{"rendered":"Industria Penitenciaria"},"content":{"rendered":"<p>De acuerdo a lo estipulado en el Art. 18 Constitucional, el trabajo es uno de los cinco elementos b\u00e1sicos que integran la reinserci\u00f3n social. Representa la base del proceso por su gran amplitud, aceptaci\u00f3n y flexibilidad en su ejercicio.<\/p>\n<p>La Industria Penitenciaria, nos permite organizar el trabajo de una forma continua e interactiva, esta se genera con la participaci\u00f3n de la iniciativa privada, creando esquemas productivos en el interior de los centros.La capacitaci\u00f3n para el trabajo, es un elemento de los procesos de la industria, la cual es la base para\u00a0 tener \u00e9xito en la actividad, as\u00ed mismo garantizar que los productos obtengan los niveles \u00f3ptimos requeridos de calidad.<\/p>\n<p>Actualmente se encuentran instaladas 6 empresas al interior de los Centro de Ejecuci\u00f3n de Sanciones, en el ramo textil, selecci\u00f3n y clasificaci\u00f3n de fibra de lechuguilla, tortiller\u00eda, panader\u00eda,\u00a0agua purificada, elaboraci\u00f3n de escobas y trapeadores, en las cuales participan 136 internos, recaudando 147,840.40 mensualmente.<\/p>\n","protected":false},"excerpt":{"rendered":"<p>De acuerdo a lo estipulado en el Art. 18 Constitucional, el trabajo es uno de los cinco elementos b\u00e1sicos que integran la reinserci\u00f3n social. Representa\u2026<\/p>\n","protected":false},"author":7,"featured_media":0,"parent":34,"menu_order":0,"comment_status":"closed","ping_status":"closed","template":"","meta":{"footnotes":""},"class_list":["post-38","page","type-page","status-publish","hentry"],"publishpress_future_action":{"enabled":false,"date":"2026-04-11 21:11:39","action":"change-status","newStatus":"draft","terms":[],"taxonomy":""},"_links":{"self":[{"href":"https:\/\/www.tamaulipas.gob.mx\/seguridadpublica\/wp-json\/wp\/v2\/pages\/38"}],"collection":[{"href":"https:\/\/www.tamaulipas.gob.mx\/seguridadpublica\/wp-json\/wp\/v2\/pages"}],"about":[{"href":"https:\/\/www.tamaulipas.gob.mx\/seguridadpublica\/wp-json\/wp\/v2\/types\/page"}],"author":[{"embeddable":true,"href":"https:\/\/www.tamaulipas.gob.mx\/seguridadpublica\/wp-json\/wp\/v2\/users\/7"}],"replies":[{"embeddable":true,"href":"https:\/\/www.tamaulipas.gob.mx\/seguridadpublica\/wp-json\/wp\/v2\/comments?post=38"}],"version-history":[{"count":1,"href":"https:\/\/www.tamaulipas.gob.mx\/seguridadpublica\/wp-json\/wp\/v2\/pages\/38\/revisions"}],"predecessor-version":[{"id":39,"href":"https:\/\/www.tamaulipas.gob.mx\/seguridadpublica\/wp-json\/wp\/v2\/pages\/38\/revisions\/39"}],"up":[{"embeddable":true,"href":"https:\/\/www.tamaulipas.gob.mx\/seguridadpublica\/wp-json\/wp\/v2\/pages\/34"}],"wp:attachment":[{"href":"https:\/\/www.tamaulipas.gob.mx\/seguridadpublica\/wp-json\/wp\/v2\/media?parent=38"}],"curies":[{"name":"wp","href":"https:\/\/api.w.org\/{rel}","templated":true}]}}