{"id":24,"date":"2016-11-22T12:52:36","date_gmt":"2016-11-22T18:52:36","guid":{"rendered":"http:\/\/www.tamaulipas.gob.mx\/seguridadpublica\/?page_id=24"},"modified":"2026-04-07T13:30:37","modified_gmt":"2026-04-07T19:30:37","slug":"policia-auxiliar","status":"publish","type":"page","link":"https:\/\/www.tamaulipas.gob.mx\/seguridadpublica\/subsecretaria-de-operacion-policial\/policia-auxiliar\/","title":{"rendered":"Polic\u00eda Auxiliar"},"content":{"rendered":"<p><strong>Misi\u00f3n<\/strong><\/p>\n<p>Las funciones sustantivas de la corporaci\u00f3n, estriban en proporcionar servicios de protecci\u00f3n y vigilancia a las personas f\u00edsicas y morales, de los sectores p\u00fablicos y privado, a cambio de una contraprestaci\u00f3n en numerario, as\u00ed como coadyuvar con la Secretar\u00eda de Seguridad P\u00fablica en los operativos que \u00e9sta disponga, a fin de preservar el orden en la v\u00eda p\u00fablica, Conquistar la confianza del ciudadano, mediante la prestaci\u00f3n de un servicio responsable, eficiente y honesto, en beneficio de la colectividad.<\/p>\n<p><strong>Visi\u00f3n<\/strong><\/p>\n<p>Prestar un servicio eficiente, cubriendo todas las demandas de nuestros usuarios, as\u00ed como lograr una buena imagen ante la ciudadan\u00eda a trav\u00e9s del apoyo oportuno en requerimientos de seguridad p\u00fablica, con honradez, transparencia y lealtad a la corporaci\u00f3n.<\/p>\n<p><strong>Objetivo<\/strong><\/p>\n<p>La direcci\u00f3n de la Polic\u00eda Auxiliar del Estado, tiene como funci\u00f3n b\u00e1sica la prestaci\u00f3n de servicios de seguridad, custodia, traslado de valores, protecci\u00f3n y vigilancia a personas f\u00edsicas o morales, p\u00fablicas o privadas que lo soliciten en las siguientes modalidades.<\/p>\n<ol style=\"list-style-type: lower-alpha;\">\n<li>Bancaria<\/li>\n<li>Industrial<\/li>\n<li>Comercial<\/li>\n<li>Habitacional<\/li>\n<li>Institucional<\/li>\n<li>Personal<\/li>\n<li>Las que determine otros ordenamientos legales<\/li>\n<li>Celebrar y ejecutar los actos y convenios que se establezcan con los sectores sociales en la prestaci\u00f3n de servicios de seguridad.<\/li>\n<li>Instrumentar mecanismos publicitarios a trav\u00e9s de los medios masivos de comunicaci\u00f3n con el objetivo de dar a conocer sus servicios.<\/li>\n<\/ol>\n<p><a href=\"http:\/\/www.tamaulipas.gob.mx\/seguridadpublica\/secretaria-de-seguridad-publica\/subsecretaria-de-operacion-policial\/policia-auxiliar\/requisitos-para-permiso-estatal-para-empresas-de-seguridad-privada\/\"><i class=\"fa fa-external-link\"><\/i> Requisitos para permiso Estatal para Empresas de Seguridad Privada<\/a><\/p>\n<p><a href=\"https:\/\/www.tamaulipas.gob.mx\/seguridadpublica\/wp-content\/uploads\/sites\/10\/2026\/04\/empresas-de-seguridad-privada-autorizadas-marzo-2026-2.pdf\" target=\"_blank\" rel=\"noopener\"><i class=\"fa fa-file-pdf-o\"><\/i> Listado de Empresas que brindan Seguridad Privada<\/a> <strong>(Actualizaci\u00f3n al 06 de abril <\/strong><strong>de 2026<\/strong>)<\/p>\n","protected":false},"excerpt":{"rendered":"<p>Misi\u00f3n Las funciones sustantivas de la corporaci\u00f3n, estriban en proporcionar servicios de protecci\u00f3n y vigilancia a las personas f\u00edsicas y morales, de los sectores p\u00fablicos\u2026<\/p>\n","protected":false},"author":7,"featured_media":0,"parent":17,"menu_order":0,"comment_status":"closed","ping_status":"closed","template":"","meta":{"footnotes":""},"class_list":["post-24","page","type-page","status-publish","hentry"],"publishpress_future_action":{"enabled":false,"date":"2026-04-28 12:43:22","action":"change-status","newStatus":"draft","terms":[],"taxonomy":""},"_links":{"self":[{"href":"https:\/\/www.tamaulipas.gob.mx\/seguridadpublica\/wp-json\/wp\/v2\/pages\/24"}],"collection":[{"href":"https:\/\/www.tamaulipas.gob.mx\/seguridadpublica\/wp-json\/wp\/v2\/pages"}],"about":[{"href":"https:\/\/www.tamaulipas.gob.mx\/seguridadpublica\/wp-json\/wp\/v2\/types\/page"}],"author":[{"embeddable":true,"href":"https:\/\/www.tamaulipas.gob.mx\/seguridadpublica\/wp-json\/wp\/v2\/users\/7"}],"replies":[{"embeddable":true,"href":"https:\/\/www.tamaulipas.gob.mx\/seguridadpublica\/wp-json\/wp\/v2\/comments?post=24"}],"version-history":[{"count":130,"href":"https:\/\/www.tamaulipas.gob.mx\/seguridadpublica\/wp-json\/wp\/v2\/pages\/24\/revisions"}],"predecessor-version":[{"id":1649,"href":"https:\/\/www.tamaulipas.gob.mx\/seguridadpublica\/wp-json\/wp\/v2\/pages\/24\/revisions\/1649"}],"up":[{"embeddable":true,"href":"https:\/\/www.tamaulipas.gob.mx\/seguridadpublica\/wp-json\/wp\/v2\/pages\/17"}],"wp:attachment":[{"href":"https:\/\/www.tamaulipas.gob.mx\/seguridadpublica\/wp-json\/wp\/v2\/media?parent=24"}],"curies":[{"name":"wp","href":"https:\/\/api.w.org\/{rel}","templated":true}]}}