{"id":19,"date":"2016-11-22T12:48:17","date_gmt":"2016-11-22T18:48:17","guid":{"rendered":"http:\/\/www.tamaulipas.gob.mx\/seguridadpublica\/?page_id=19"},"modified":"2025-02-18T10:48:10","modified_gmt":"2025-02-18T16:48:10","slug":"policia-estatal","status":"publish","type":"page","link":"https:\/\/www.tamaulipas.gob.mx\/seguridadpublica\/subsecretaria-de-operacion-policial\/policia-estatal\/","title":{"rendered":"Guardia Estatal"},"content":{"rendered":"<p><strong>Misi\u00f3n<\/strong><\/p>\n<p>Prevenir la comisi\u00f3n de delitos en el territorio estatal, garantizar y mantener el orden y la paz p\u00fablicos, proteger la integridad de las personas, sus derechos humanos y garant\u00edas individuales, regidos por los principios de legalidad , eficiencia, profesionalismo y honradez.<\/p>\n<p><strong>Visi\u00f3n<\/strong><\/p>\n<p>Ser una Polic\u00eda profesional, contar con la \u00f3ptima capacitaci\u00f3n en las diferentes disciplinas de quehacer policial, apoyados con el equipo y tecnolog\u00eda moderna, para proporcionar un servicio eficiente de calidad, calidez a la sociedad.<\/p>\n<p><strong>Objetivo<\/strong><\/p>\n<p>Preservar, garantizar, mantener y en su caso, restablecer la paz y el orden p\u00fablico, proteger la integridad de las personas y sus derechos, bienes \u00a0y libertades con estricto apego al derecho y respeto a los derechos humanos.<\/p>\n","protected":false},"excerpt":{"rendered":"<p>Misi\u00f3n Prevenir la comisi\u00f3n de delitos en el territorio estatal, garantizar y mantener el orden y la paz p\u00fablicos, proteger la integridad de las personas,\u2026<\/p>\n","protected":false},"author":7,"featured_media":0,"parent":17,"menu_order":0,"comment_status":"closed","ping_status":"closed","template":"","meta":{"footnotes":""},"class_list":["post-19","page","type-page","status-publish","hentry"],"publishpress_future_action":{"enabled":false,"date":"2026-04-22 12:49:06","action":"change-status","newStatus":"draft","terms":[],"taxonomy":""},"_links":{"self":[{"href":"https:\/\/www.tamaulipas.gob.mx\/seguridadpublica\/wp-json\/wp\/v2\/pages\/19"}],"collection":[{"href":"https:\/\/www.tamaulipas.gob.mx\/seguridadpublica\/wp-json\/wp\/v2\/pages"}],"about":[{"href":"https:\/\/www.tamaulipas.gob.mx\/seguridadpublica\/wp-json\/wp\/v2\/types\/page"}],"author":[{"embeddable":true,"href":"https:\/\/www.tamaulipas.gob.mx\/seguridadpublica\/wp-json\/wp\/v2\/users\/7"}],"replies":[{"embeddable":true,"href":"https:\/\/www.tamaulipas.gob.mx\/seguridadpublica\/wp-json\/wp\/v2\/comments?post=19"}],"version-history":[{"count":9,"href":"https:\/\/www.tamaulipas.gob.mx\/seguridadpublica\/wp-json\/wp\/v2\/pages\/19\/revisions"}],"predecessor-version":[{"id":1246,"href":"https:\/\/www.tamaulipas.gob.mx\/seguridadpublica\/wp-json\/wp\/v2\/pages\/19\/revisions\/1246"}],"up":[{"embeddable":true,"href":"https:\/\/www.tamaulipas.gob.mx\/seguridadpublica\/wp-json\/wp\/v2\/pages\/17"}],"wp:attachment":[{"href":"https:\/\/www.tamaulipas.gob.mx\/seguridadpublica\/wp-json\/wp\/v2\/media?parent=19"}],"curies":[{"name":"wp","href":"https:\/\/api.w.org\/{rel}","templated":true}]}}