{"id":1040,"date":"2023-03-29T19:18:49","date_gmt":"2023-03-30T01:18:49","guid":{"rendered":"https:\/\/www.tamaulipas.gob.mx\/seguridadpublica\/?page_id=1040"},"modified":"2024-04-16T19:14:01","modified_gmt":"2024-04-17T01:14:01","slug":"reclutamiento","status":"publish","type":"page","link":"https:\/\/www.tamaulipas.gob.mx\/seguridadpublica\/reclutamiento\/","title":{"rendered":"Reclutamiento"},"content":{"rendered":"<h2>PROCESO DE RECLUTAMIENTO, SELECCI\u00d3N,<br \/>\nFORMACI\u00d3N INICIAL, CERTIFICACI\u00d3N E INGRESO Y NOMBRAMIENTO<\/h2>\n<p><img loading=\"lazy\" decoding=\"async\" class=\"alignnone size-full wp-image-1140\" src=\"https:\/\/www.tamaulipas.gob.mx\/seguridadpublica\/wp-content\/uploads\/sites\/10\/2024\/04\/convocatoriareclutamiento2024.jpg\" alt=\"\" width=\"776\" height=\"1200\" \/><\/p>\n<p><a href=\"https:\/\/www.tamaulipas.gob.mx\/seguridadpublica\/wp-content\/uploads\/sites\/10\/2024\/04\/convocatoriareclutamiento2024.pdf\" target=\"_blank\" rel=\"noopener\"><i class=\"fa fa-file-pdf-o\"><\/i> Descargar Convocatoria<\/a><\/p>\n<p><a href=\"https:\/\/forms.gle\/M7HFa2jWeuDLQjNx8\" target=\"_blank\" rel=\"noopener\"><i class=\"fa fa-file-pdf-o\"><\/i> Registro de Participantes<\/a><\/p>\n","protected":false},"excerpt":{"rendered":"<p>PROCESO DE RECLUTAMIENTO, SELECCI\u00d3N, FORMACI\u00d3N INICIAL, CERTIFICACI\u00d3N E INGRESO Y NOMBRAMIENTO Descargar Convocatoria Registro de Participantes<\/p>\n","protected":false},"author":23,"featured_media":0,"parent":0,"menu_order":0,"comment_status":"closed","ping_status":"closed","template":"","meta":{"footnotes":""},"class_list":["post-1040","page","type-page","status-publish","hentry"],"publishpress_future_action":{"enabled":false,"date":"2026-04-29 10:38:31","action":"change-status","newStatus":"draft","terms":[],"taxonomy":""},"_links":{"self":[{"href":"https:\/\/www.tamaulipas.gob.mx\/seguridadpublica\/wp-json\/wp\/v2\/pages\/1040"}],"collection":[{"href":"https:\/\/www.tamaulipas.gob.mx\/seguridadpublica\/wp-json\/wp\/v2\/pages"}],"about":[{"href":"https:\/\/www.tamaulipas.gob.mx\/seguridadpublica\/wp-json\/wp\/v2\/types\/page"}],"author":[{"embeddable":true,"href":"https:\/\/www.tamaulipas.gob.mx\/seguridadpublica\/wp-json\/wp\/v2\/users\/23"}],"replies":[{"embeddable":true,"href":"https:\/\/www.tamaulipas.gob.mx\/seguridadpublica\/wp-json\/wp\/v2\/comments?post=1040"}],"version-history":[{"count":5,"href":"https:\/\/www.tamaulipas.gob.mx\/seguridadpublica\/wp-json\/wp\/v2\/pages\/1040\/revisions"}],"predecessor-version":[{"id":1144,"href":"https:\/\/www.tamaulipas.gob.mx\/seguridadpublica\/wp-json\/wp\/v2\/pages\/1040\/revisions\/1144"}],"wp:attachment":[{"href":"https:\/\/www.tamaulipas.gob.mx\/seguridadpublica\/wp-json\/wp\/v2\/media?parent=1040"}],"curies":[{"name":"wp","href":"https:\/\/api.w.org\/{rel}","templated":true}]}}