{"id":89,"date":"2017-03-08T16:33:37","date_gmt":"2017-03-08T22:33:37","guid":{"rendered":"http:\/\/www.tamaulipas.gob.mx\/seduma\/?page_id=89"},"modified":"2022-12-09T09:16:44","modified_gmt":"2022-12-09T15:16:44","slug":"temas-de-interes","status":"publish","type":"page","link":"https:\/\/www.tamaulipas.gob.mx\/seduma\/temas-de-interes\/","title":{"rendered":"Temas de Inter\u00e9s"},"content":{"rendered":"<div class=\"panel-group\" id=\"custom-collapse-0\">\n<div class=\"panel panel-default\">\n\t\t\t\t<div class=\"panel-heading\">\n\t\t\t\t\t<h4 class=\"panel-title\">\n\t\t\t\t\t\t<a class=\"\" data-toggle=\"collapse\" data-parent=\"#custom-collapse-0\" href=\"#custom-collapse-0-0\">Medio Ambiente<\/a>\n\t\t\t\t\t<\/h4>\n\t\t\t\t<\/div>\n\t\t\t\t<div id=\"custom-collapse-0-0\" class=\"panel-collapse in\">\n\t\t\t\t\t<div class=\"panel-body\">\n<p>La Secretar\u00eda de Desarrollo Urbano y Medio Ambiente promueve temas relacionados con el ordenamiento ecol\u00f3gico, instrumento de planeaci\u00f3n t\u00e9cnico y jur\u00eddico en materia ecol\u00f3gica que regula el uso del suelo fuera de las manchas urbanas y considera su aptitud.<\/p>\n<p>Cuenta con un instrumento de planeaci\u00f3n de pol\u00edticas p\u00fablicas orientadas a la prevenci\u00f3n y mitigaci\u00f3n de gases de efecto invernadero (GEI) y de adaptaci\u00f3n a los efectos del Cambio Clim\u00e1tico, denominado Programa Estatal de Cambio Clim\u00e1tico (PECC).<\/p>\n<p>Para promover la educaci\u00f3n ambiental, Tamaulipas cuenta con una Red Estatal de Centros de Educaci\u00f3n y Vigilancia Clim\u00e1tica Global, conformada por 3 instalaciones de Casas de la Tierra en Ciudad Victoria, Madero y Reynosa, donde con tecnolog\u00eda satelital de vanguardia se concientiza a la poblaci\u00f3n sobre las causas y consecuencias del cambio clim\u00e1tico.<\/p>\n<p>Por otra parte en Tamaulipas se aplica el Sistema de Manejo Ambiental, mediante el cual se han logrado reciclar casi 422 toneladas de materiales, producto de la depuraci\u00f3n de archivo de concentraci\u00f3n de las dependencias.<\/p>\n<p>Para conservar las especies prioritarias, se imparten pl\u00e1ticas y talleres a alumnos de escuelas primarias, adem\u00e1s de proporcionarles libros relacionados con temas de educaci\u00f3n ambiental.<\/p>\n<p>Tamaulipas destaca nivel nacional en la protecci\u00f3n de la riqueza natural mediante la participaci\u00f3n ciudadana, social y privada, con los programas de protecci\u00f3n a la tortuga lora, conservaci\u00f3n de la mariposa monarca, la guacamaya verde y la protecci\u00f3n de las especies de loros cabeza amarilla, tamaulipeco y cachetes amarillos.<\/p>\n<p>A la vez se impulsa la conservaci\u00f3n de las \u00e1reas naturales protegidas estatales y federales alcanzando 790 mil 438 hect\u00e1reas equivalentes a casi el 10% de la superficie del estado, a fin de proteger la riqueza natural que contienen y los servicios ambientales que proveen.<br \/>\n<\/div>\n\t\t\t\t<\/div>\n\t\t\t<\/div>\n<div class=\"panel panel-default\">\n\t\t\t\t<div class=\"panel-heading\">\n\t\t\t\t\t<h4 class=\"panel-title\">\n\t\t\t\t\t\t<a class=\"collapsed\" data-toggle=\"collapse\" data-parent=\"#custom-collapse-0\" href=\"#custom-collapse-0-1\">Desarrollo Urbano<\/a>\n\t\t\t\t\t<\/h4>\n\t\t\t\t<\/div>\n\t\t\t\t<div id=\"custom-collapse-0-1\" class=\"panel-collapse collapse\">\n\t\t\t\t\t<div class=\"panel-body\">\nLa Secretar\u00eda de Desarrollo Urbano y Medio Ambiente, a trav\u00e9s de la Subsecretar\u00eda de Desarrollo Urbano, busca crear las condiciones propicias para que los Tamaulipecos mejoren su calidad de vida, mediante el establecimiento de programas de ordenamiento territorial y movilidad urbana, adem\u00e1s de programas municipales y parciales de crecimiento territorial en distintos sectores de nuestro estado, adem\u00e1s, de reforzar la identidad tamaulipeca con la preservaci\u00f3n del patrimonio hist\u00f3rico, cultural y arquitect\u00f3nico.<br \/>\n<\/div>\n\t\t\t\t<\/div>\n\t\t\t<\/div>\n<\/div>\n<p>&nbsp;<\/p>\n","protected":false},"excerpt":{"rendered":"<p>&nbsp;<\/p>\n","protected":false},"author":16,"featured_media":0,"parent":0,"menu_order":0,"comment_status":"closed","ping_status":"closed","template":"","meta":{"footnotes":""},"class_list":["post-89","page","type-page","status-publish","hentry"],"publishpress_future_action":{"enabled":false,"date":"2026-04-21 18:44:25","action":"change-status","newStatus":"draft","terms":[],"taxonomy":""},"_links":{"self":[{"href":"https:\/\/www.tamaulipas.gob.mx\/seduma\/wp-json\/wp\/v2\/pages\/89"}],"collection":[{"href":"https:\/\/www.tamaulipas.gob.mx\/seduma\/wp-json\/wp\/v2\/pages"}],"about":[{"href":"https:\/\/www.tamaulipas.gob.mx\/seduma\/wp-json\/wp\/v2\/types\/page"}],"author":[{"embeddable":true,"href":"https:\/\/www.tamaulipas.gob.mx\/seduma\/wp-json\/wp\/v2\/users\/16"}],"replies":[{"embeddable":true,"href":"https:\/\/www.tamaulipas.gob.mx\/seduma\/wp-json\/wp\/v2\/comments?post=89"}],"version-history":[{"count":40,"href":"https:\/\/www.tamaulipas.gob.mx\/seduma\/wp-json\/wp\/v2\/pages\/89\/revisions"}],"predecessor-version":[{"id":3031,"href":"https:\/\/www.tamaulipas.gob.mx\/seduma\/wp-json\/wp\/v2\/pages\/89\/revisions\/3031"}],"wp:attachment":[{"href":"https:\/\/www.tamaulipas.gob.mx\/seduma\/wp-json\/wp\/v2\/media?parent=89"}],"curies":[{"name":"wp","href":"https:\/\/api.w.org\/{rel}","templated":true}]}}