{"id":405,"date":"2017-03-09T18:19:52","date_gmt":"2017-03-10T00:19:52","guid":{"rendered":"http:\/\/www.tamaulipas.gob.mx\/seduma\/?page_id=405"},"modified":"2022-12-06T12:35:22","modified_gmt":"2022-12-06T18:35:22","slug":"casa-de-la-tierra","status":"publish","type":"page","link":"https:\/\/www.tamaulipas.gob.mx\/seduma\/casa-de-la-tierra\/","title":{"rendered":"Centro de Educaci\u00f3n y Vigilancia Clim\u00e1tica Global"},"content":{"rendered":"<div class=\"panel-group\" id=\"custom-collapse-0\">\n<div class=\"panel panel-default\">\n\t\t\t\t<div class=\"panel-heading\">\n\t\t\t\t\t<h4 class=\"panel-title\">\n\t\t\t\t\t\t<a class=\"collapsed\" data-toggle=\"collapse\" data-parent=\"#custom-collapse-0\" href=\"#custom-collapse-0-0\">Centros de Educaci\u00f3n y Vigilancia Clim\u00e1tica Global<\/a>\n\t\t\t\t\t<\/h4>\n\t\t\t\t<\/div>\n\t\t\t\t<div id=\"custom-collapse-0-0\" class=\"panel-collapse collapse\">\n\t\t\t\t\t<div class=\"panel-body\">\n<p>Los Centros de Educaci\u00f3n y <span class=\"x_ContentPasted1\">V<\/span><span class=\"x_ContentPasted1\">igilancia Clim\u00e1tica Global<\/span>, son centros de educaci\u00f3n ambiental enfocado a difundir las causas y consecuencias del Cambio Clim\u00e1tico. Estos centros conforman la Red Estatal de Centros de Educaci\u00f3n y Vigilancia Clim\u00e1tica Global en Tamaulipas.<\/p>\n<\/div>\n\t\t\t\t<\/div>\n\t\t\t<\/div>\n<div class=\"panel panel-default\">\n\t\t\t\t<div class=\"panel-heading\">\n\t\t\t\t\t<h4 class=\"panel-title\">\n\t\t\t\t\t\t<a class=\"collapsed\" data-toggle=\"collapse\" data-parent=\"#custom-collapse-0\" href=\"#custom-collapse-0-1\">Caracter\u00edesticas m\u00e1s relevantes<\/a>\n\t\t\t\t\t<\/h4>\n\t\t\t\t<\/div>\n\t\t\t\t<div id=\"custom-collapse-0-1\" class=\"panel-collapse collapse\">\n\t\t\t\t\t<div class=\"panel-body\">\n<ul>\n<li class=\"x_x_ContentPasted0 x_ContentPasted0\">Tecnolog\u00eda de Vanguardia. Los\u00a0<span class=\"x_ContentPasted2\">Centro de Educaci\u00f3n y Vigilancia Clim\u00e1tica Global<\/span>\u00a0incorporan la tecnolog\u00eda de la Ciencia sobre una Esfera con un sistema de representaci\u00f3n global que presenta datos terrestres y globales de la NOAA (Administraci\u00f3n Nacional Oce\u00e1nica y Atmosf\u00e9rica de los Estados Unidos de Norteam\u00e9rica) y de la NASA (Administraci\u00f3n Nacional de Aeron\u00e1utica y del Espacio de los Estados Unidos de Norteam\u00e9rica)<\/li>\n<li class=\"x_x_ContentPasted0 x_ContentPasted0\">Globo terr\u00e1queo din\u00e1mico y animado.<\/li>\n<li class=\"x_x_ContentPasted0 x_ContentPasted0\">Simuladores interactivos individuales.<\/li>\n<\/ul>\n<\/div>\n\t\t\t\t<\/div>\n\t\t\t<\/div>\n<div class=\"panel panel-default\">\n\t\t\t\t<div class=\"panel-heading\">\n\t\t\t\t\t<h4 class=\"panel-title\">\n\t\t\t\t\t\t<a class=\"collapsed\" data-toggle=\"collapse\" data-parent=\"#custom-collapse-0\" href=\"#custom-collapse-0-2\">Servicios.- Educativo \/ Informativo<\/a>\n\t\t\t\t\t<\/h4>\n\t\t\t\t<\/div>\n\t\t\t\t<div id=\"custom-collapse-0-2\" class=\"panel-collapse collapse\">\n\t\t\t\t\t<div class=\"panel-body\">\n<ul>\n<li class=\"x_x_ContentPasted0 x_ContentPasted0\">\n<div>Estos Centros Educativos est\u00e1n enfocados a informar y sensibilizar a la poblaci\u00f3n sobre el fen\u00f3meno del cambio clim\u00e1tico.<\/div>\n<\/li>\n<li class=\"x_x_ContentPasted0 x_ContentPasted0\">\n<div>Funcionan como centros de Educaci\u00f3n Ambiental para organizar talleres, conferencias, seminarios y otros eventos afines.<\/div>\n<\/li>\n<li class=\"x_x_ContentPasted0 x_ContentPasted0\">\n<div>Son una herramienta de educaci\u00f3n interactiva, ya que los alumnos que visitan los centros complementan el conocimiento que reciben en el aula, a trav\u00e9s de los simuladores y las proyecciones de diferentes contenidos.<\/div>\n<\/li>\n<li class=\"x_x_ContentPasted0 x_ContentPasted0\">\n<div>Son un espacio para el desarrollo de proyectos tecnol\u00f3gicos y ambientales.<\/div>\n<\/li>\n<li class=\"x_x_ContentPasted0 x_ContentPasted0\">\n<div>Presentan informaci\u00f3n audiovisual relativa a Fen\u00f3menos clim\u00e1ticos, Sistemas Planetarios, Gases de Efecto Invernadero, Actividad Cicl\u00f3nica entre otros.<\/div>\n<\/li>\n<\/ul>\n<\/div>\n\t\t\t\t<\/div>\n\t\t\t<\/div>\n<\/div>\n<div class='owl-gallery'><div class='item'><a href='' rel='galeria'><img src='' srcset='' sizes='auto' alt=''><\/a><figcaption><\/figcaption><\/div><div class='item'><a href='' rel='galeria'><img src='' srcset='' sizes='auto' alt=''><\/a><figcaption><\/figcaption><\/div><div class='item'><a href='' rel='galeria'><img src='' srcset='' sizes='auto' alt=''><\/a><figcaption><\/figcaption><\/div><div class='item'><a href='' rel='galeria'><img src='' srcset='' sizes='auto' alt=''><\/a><figcaption><\/figcaption><\/div><div class='item'><a href='' rel='galeria'><img src='' srcset='' sizes='auto' alt=''><\/a><figcaption><\/figcaption><\/div><\/div>\n","protected":false},"excerpt":{"rendered":"","protected":false},"author":1,"featured_media":0,"parent":0,"menu_order":0,"comment_status":"closed","ping_status":"closed","template":"","meta":{"footnotes":""},"class_list":["post-405","page","type-page","status-publish","hentry"],"publishpress_future_action":{"enabled":false,"date":"2026-04-20 03:36:12","action":"change-status","newStatus":"draft","terms":[],"taxonomy":""},"_links":{"self":[{"href":"https:\/\/www.tamaulipas.gob.mx\/seduma\/wp-json\/wp\/v2\/pages\/405"}],"collection":[{"href":"https:\/\/www.tamaulipas.gob.mx\/seduma\/wp-json\/wp\/v2\/pages"}],"about":[{"href":"https:\/\/www.tamaulipas.gob.mx\/seduma\/wp-json\/wp\/v2\/types\/page"}],"author":[{"embeddable":true,"href":"https:\/\/www.tamaulipas.gob.mx\/seduma\/wp-json\/wp\/v2\/users\/1"}],"replies":[{"embeddable":true,"href":"https:\/\/www.tamaulipas.gob.mx\/seduma\/wp-json\/wp\/v2\/comments?post=405"}],"version-history":[{"count":12,"href":"https:\/\/www.tamaulipas.gob.mx\/seduma\/wp-json\/wp\/v2\/pages\/405\/revisions"}],"predecessor-version":[{"id":2937,"href":"https:\/\/www.tamaulipas.gob.mx\/seduma\/wp-json\/wp\/v2\/pages\/405\/revisions\/2937"}],"wp:attachment":[{"href":"https:\/\/www.tamaulipas.gob.mx\/seduma\/wp-json\/wp\/v2\/media?parent=405"}],"curies":[{"name":"wp","href":"https:\/\/api.w.org\/{rel}","templated":true}]}}