{"id":4037,"date":"2026-03-03T16:31:05","date_gmt":"2026-03-03T22:31:05","guid":{"rendered":"https:\/\/www.tamaulipas.gob.mx\/seduma\/?page_id=4037"},"modified":"2026-04-23T10:56:18","modified_gmt":"2026-04-23T16:56:18","slug":"tramitesdigitales","status":"publish","type":"page","link":"https:\/\/www.tamaulipas.gob.mx\/seduma\/tramitesdigitales\/","title":{"rendered":"Tr\u00e1mites Digitales"},"content":{"rendered":"<p><span style=\"font-size: 24px;\">Tr\u00e1mites Digitales<\/span><\/p>\n<p>&nbsp;<\/p>\n<ul>\n<li><span style=\"font-size: 20px;\">C\u00e9dula de Operaci\u00f3n Anual<\/span>\n<ul>\n<li style=\"list-style-type: none;\">\n<ul>\n<li><a href=\"https:\/\/www.tamaulipas.gob.mx\/seduma\/wp-content\/uploads\/sites\/8\/2026\/04\/coa-seduma-220426.mp4\" target=\"_blank\" rel=\"noopener\">Video Tutorial<\/a><\/li>\n<li><a href=\"https:\/\/forms.gle\/rVg7Khb14fxfHZyz8\" target=\"_blank\" rel=\"noopener\">Solicitud de Registro<\/a><\/li>\n<li>Descarga de Archivo (RETyS)\n<ul>\n<li><a href=\"https:\/\/www.tamaulipas.gob.mx\/seduma\/wp-content\/uploads\/sites\/8\/2026\/04\/244-coa-rea-2026.zip\" target=\"_blank\" rel=\"noopener\">Carpeta de Archivos Descargable .ZIP<\/a><\/li>\n<\/ul>\n<\/li>\n<\/ul>\n<\/li>\n<\/ul>\n<ul>\n<li><a href=\"https:\/\/www.tamaulipas.gob.mx\/seduma\/wp-content\/uploads\/sites\/8\/2026\/04\/coa2026-guia.pdf\" target=\"_blank\" rel=\"noopener\">Circular COA<\/a><\/li>\n<\/ul>\n<\/li>\n<\/ul>\n","protected":false},"excerpt":{"rendered":"<p>Tr\u00e1mites Digitales &nbsp; C\u00e9dula de Operaci\u00f3n Anual Video Tutorial Solicitud de Registro Descarga de Archivo (RETyS) Carpeta de Archivos Descargable .ZIP Circular COA<\/p>\n","protected":false},"author":290,"featured_media":0,"parent":0,"menu_order":0,"comment_status":"closed","ping_status":"closed","template":"","meta":{"footnotes":""},"class_list":["post-4037","page","type-page","status-publish","hentry"],"publishpress_future_action":{"enabled":false,"date":"2026-05-07 21:15:12","action":"change-status","newStatus":"draft","terms":[],"taxonomy":""},"_links":{"self":[{"href":"https:\/\/www.tamaulipas.gob.mx\/seduma\/wp-json\/wp\/v2\/pages\/4037"}],"collection":[{"href":"https:\/\/www.tamaulipas.gob.mx\/seduma\/wp-json\/wp\/v2\/pages"}],"about":[{"href":"https:\/\/www.tamaulipas.gob.mx\/seduma\/wp-json\/wp\/v2\/types\/page"}],"author":[{"embeddable":true,"href":"https:\/\/www.tamaulipas.gob.mx\/seduma\/wp-json\/wp\/v2\/users\/290"}],"replies":[{"embeddable":true,"href":"https:\/\/www.tamaulipas.gob.mx\/seduma\/wp-json\/wp\/v2\/comments?post=4037"}],"version-history":[{"count":19,"href":"https:\/\/www.tamaulipas.gob.mx\/seduma\/wp-json\/wp\/v2\/pages\/4037\/revisions"}],"predecessor-version":[{"id":4103,"href":"https:\/\/www.tamaulipas.gob.mx\/seduma\/wp-json\/wp\/v2\/pages\/4037\/revisions\/4103"}],"wp:attachment":[{"href":"https:\/\/www.tamaulipas.gob.mx\/seduma\/wp-json\/wp\/v2\/media?parent=4037"}],"curies":[{"name":"wp","href":"https:\/\/api.w.org\/{rel}","templated":true}]}}