{"id":3557,"date":"2024-09-05T14:08:49","date_gmt":"2024-09-05T20:08:49","guid":{"rendered":"https:\/\/www.tamaulipas.gob.mx\/seduma\/?page_id=3557"},"modified":"2024-09-05T15:28:57","modified_gmt":"2024-09-05T21:28:57","slug":"estudio-de-dano-ambiental","status":"publish","type":"page","link":"https:\/\/www.tamaulipas.gob.mx\/seduma\/estudio-de-dano-ambiental\/","title":{"rendered":"Estudio de Da\u00f1o Ambiental"},"content":{"rendered":"<div class=\"x_elementToProof\"><span style=\"font-size: 20px;\"><strong>Estudio de Da\u00f1o Ambiental:<\/strong><\/span><\/div>\n<div class=\"x_elementToProof x_ContentPasted4\"><\/div>\n<ul>\n<li class=\"x_elementToProof x_ContentPasted0\"><a href=\"https:\/\/www.tamaulipas.gob.mx\/seduma\/wp-content\/uploads\/sites\/8\/2024\/09\/guia-estudio-de-dano-ambiental.pdf\" target=\"_blank\" rel=\"noopener\">Gu\u00eda Para Desarrollar y Presentar Estudio de Da\u00f1o Ambiental (Actualizada)<\/a><\/li>\n<li><a href=\"https:\/\/www.tamaulipas.gob.mx\/seduma\/wp-content\/uploads\/sites\/8\/2024\/09\/lista-de-control-y-cotejo-de-documentos-para-la-presentacion-de-edas.pdf\" target=\"_blank\" rel=\"noopener\">Lista de Control y Cotejo de Documentos Para la Presentaci\u00f3n de EDAs (Actualizada)<\/a><\/li>\n<\/ul>\n<h4 class=\"panel-title\"><\/h4>\n<p>&nbsp;<\/p>\n","protected":false},"excerpt":{"rendered":"<p>Estudio de Da\u00f1o Ambiental: Gu\u00eda Para Desarrollar y Presentar Estudio de Da\u00f1o Ambiental (Actualizada) Lista de Control y Cotejo de Documentos Para la Presentaci\u00f3n de\u2026<\/p>\n","protected":false},"author":385,"featured_media":0,"parent":0,"menu_order":0,"comment_status":"closed","ping_status":"closed","template":"","meta":{"footnotes":""},"class_list":["post-3557","page","type-page","status-publish","hentry"],"publishpress_future_action":{"enabled":false,"date":"2026-04-21 18:46:08","action":"change-status","newStatus":"draft","terms":[],"taxonomy":""},"_links":{"self":[{"href":"https:\/\/www.tamaulipas.gob.mx\/seduma\/wp-json\/wp\/v2\/pages\/3557"}],"collection":[{"href":"https:\/\/www.tamaulipas.gob.mx\/seduma\/wp-json\/wp\/v2\/pages"}],"about":[{"href":"https:\/\/www.tamaulipas.gob.mx\/seduma\/wp-json\/wp\/v2\/types\/page"}],"author":[{"embeddable":true,"href":"https:\/\/www.tamaulipas.gob.mx\/seduma\/wp-json\/wp\/v2\/users\/385"}],"replies":[{"embeddable":true,"href":"https:\/\/www.tamaulipas.gob.mx\/seduma\/wp-json\/wp\/v2\/comments?post=3557"}],"version-history":[{"count":7,"href":"https:\/\/www.tamaulipas.gob.mx\/seduma\/wp-json\/wp\/v2\/pages\/3557\/revisions"}],"predecessor-version":[{"id":3568,"href":"https:\/\/www.tamaulipas.gob.mx\/seduma\/wp-json\/wp\/v2\/pages\/3557\/revisions\/3568"}],"wp:attachment":[{"href":"https:\/\/www.tamaulipas.gob.mx\/seduma\/wp-json\/wp\/v2\/media?parent=3557"}],"curies":[{"name":"wp","href":"https:\/\/api.w.org\/{rel}","templated":true}]}}