{"id":3458,"date":"2024-05-30T16:31:38","date_gmt":"2024-05-30T22:31:38","guid":{"rendered":"https:\/\/www.tamaulipas.gob.mx\/seduma\/?page_id=3458"},"modified":"2026-02-18T09:06:54","modified_gmt":"2026-02-18T15:06:54","slug":"padron-de-prestadores-de-servicios","status":"publish","type":"page","link":"https:\/\/www.tamaulipas.gob.mx\/seduma\/padron-de-prestadores-de-servicios\/","title":{"rendered":"Padr\u00f3n de Prestadores de Servicios"},"content":{"rendered":"<p><a href=\"https:\/\/www.tamaulipas.gob.mx\/seduma\/wp-content\/uploads\/sites\/8\/2026\/02\/recoleccion-y-transporte-de-residuos-de-manejo-especial-artrme.pdf\" target=\"_blank\" rel=\"noopener\">RECOLECCI\u00d3N Y TRANSPORTE DE RESIDUOS DE MANEJO ESPECIAL<\/a> (\u00daltima Actualizaci\u00f3n 11 de febrero de 2026)<\/p>\n<p><a href=\"https:\/\/www.tamaulipas.gob.mx\/seduma\/wp-content\/uploads\/sites\/8\/2026\/02\/centro-de-acopio-de-residuos-de-manejo-especial-acarme.pdf\" target=\"_blank\" rel=\"noopener\">CENTRO DE ACOPIO DE RESIDUOS DE MANEJO ESPECIAL\u00a0<\/a> (\u00daltima Actualizaci\u00f3n 11 de febrero de 2026)<\/p>\n<p><a href=\"https:\/\/www.tamaulipas.gob.mx\/seduma\/wp-content\/uploads\/sites\/8\/2026\/02\/reutilizacion-de-residuos-de-manejo-especial-arurme.pdf\" target=\"_blank\" rel=\"noopener\">REUTILIZACI\u00d3N DE RESIDUOS DE MANEJO ESPECIAL<\/a> (\u00daltima Actualizaci\u00f3n 11 de febrero de 2026)<\/p>\n<p><a href=\"https:\/\/www.tamaulipas.gob.mx\/seduma\/wp-content\/uploads\/sites\/8\/2026\/02\/reciclaje-de-residuos-de-manejo-especial-arerme.pdf\" target=\"_blank\" rel=\"noopener\">RECICLAJE DE RESIDUOS DE MANEJO ESPECIAL<\/a> (\u00daltima Actualizaci\u00f3n 11 de febrero de 2026)<\/p>\n<p><a href=\"https:\/\/www.tamaulipas.gob.mx\/seduma\/wp-content\/uploads\/sites\/8\/2026\/02\/almacenamiento-de-residuos-de-manejo-especial-aarme.pdf\" target=\"_blank\" rel=\"noopener\">ALMACENAMIENTO DE RESIDUOS DE MANEJO ESPECIAL<\/a> (\u00daltima Actualizaci\u00f3n 11 de febrero de 2026)<\/p>\n<p><a href=\"https:\/\/www.tamaulipas.gob.mx\/seduma\/wp-content\/uploads\/sites\/8\/2026\/02\/bancos-de-material.pdf\" target=\"_blank\" rel=\"noopener\">BANCOS DE MATERIAL<\/a> (\u00daltima Actualizaci\u00f3n 11 de febrero de 2026)<\/p>\n","protected":false},"excerpt":{"rendered":"<p>RECOLECCI\u00d3N Y TRANSPORTE DE RESIDUOS DE MANEJO ESPECIAL (\u00daltima Actualizaci\u00f3n 11 de febrero de 2026) CENTRO DE ACOPIO DE RESIDUOS DE MANEJO ESPECIAL\u00a0 (\u00daltima Actualizaci\u00f3n\u2026<\/p>\n","protected":false},"author":290,"featured_media":0,"parent":0,"menu_order":0,"comment_status":"closed","ping_status":"closed","template":"","meta":{"footnotes":""},"class_list":["post-3458","page","type-page","status-publish","hentry"],"publishpress_future_action":{"enabled":false,"date":"2026-04-21 18:45:55","action":"change-status","newStatus":"draft","terms":[],"taxonomy":""},"_links":{"self":[{"href":"https:\/\/www.tamaulipas.gob.mx\/seduma\/wp-json\/wp\/v2\/pages\/3458"}],"collection":[{"href":"https:\/\/www.tamaulipas.gob.mx\/seduma\/wp-json\/wp\/v2\/pages"}],"about":[{"href":"https:\/\/www.tamaulipas.gob.mx\/seduma\/wp-json\/wp\/v2\/types\/page"}],"author":[{"embeddable":true,"href":"https:\/\/www.tamaulipas.gob.mx\/seduma\/wp-json\/wp\/v2\/users\/290"}],"replies":[{"embeddable":true,"href":"https:\/\/www.tamaulipas.gob.mx\/seduma\/wp-json\/wp\/v2\/comments?post=3458"}],"version-history":[{"count":33,"href":"https:\/\/www.tamaulipas.gob.mx\/seduma\/wp-json\/wp\/v2\/pages\/3458\/revisions"}],"predecessor-version":[{"id":4035,"href":"https:\/\/www.tamaulipas.gob.mx\/seduma\/wp-json\/wp\/v2\/pages\/3458\/revisions\/4035"}],"wp:attachment":[{"href":"https:\/\/www.tamaulipas.gob.mx\/seduma\/wp-json\/wp\/v2\/media?parent=3458"}],"curies":[{"name":"wp","href":"https:\/\/api.w.org\/{rel}","templated":true}]}}