{"id":3176,"date":"2023-04-27T11:49:06","date_gmt":"2023-04-27T17:49:06","guid":{"rendered":"https:\/\/www.tamaulipas.gob.mx\/seduma\/?page_id=3176"},"modified":"2023-04-27T11:55:57","modified_gmt":"2023-04-27T17:55:57","slug":"evaluaciones","status":"publish","type":"page","link":"https:\/\/www.tamaulipas.gob.mx\/seduma\/evaluaciones\/","title":{"rendered":"Evaluaciones"},"content":{"rendered":"<h2>Evaluaci\u00f3n<\/h2>\n<p>Tradicionalmente se define como un medio para identificar los\u00a0resultados o el impacto\u00a0que genera una acci\u00f3n o conjunto de acciones. En el sector p\u00fablico, la evaluaci\u00f3n suele vincularse a la identificaci\u00f3n de las transformaciones generadas a partir de las pol\u00edticas p\u00fablicas y los Programas\u00a0presupuestarios (Ballart, 1993).<\/p>\n<p>&nbsp;<\/p>\n<p><a href=\"https:\/\/www.tamaulipas.gob.mx\/seduma\/wp-content\/uploads\/sites\/8\/2023\/04\/diagnostico-pp-u108-jornadas-de-mejormaiento-ambiental-.pdf\" target=\"_blank\" rel=\"noopener\">Diagn\u00f3stico Programa U108<\/a><\/p>\n<p><a href=\"https:\/\/www.tamaulipas.gob.mx\/seduma\/wp-content\/uploads\/sites\/8\/2023\/04\/evaluacion-de-diseno-pp-u108.pdf\" target=\"_blank\" rel=\"noopener\">Evaluaci\u00f3n de Dise\u00f1o PP U108<\/a><\/p>\n","protected":false},"excerpt":{"rendered":"<p>Evaluaci\u00f3n Tradicionalmente se define como un medio para identificar los\u00a0resultados o el impacto\u00a0que genera una acci\u00f3n o conjunto de acciones. En el sector p\u00fablico, la\u2026<\/p>\n","protected":false},"author":290,"featured_media":0,"parent":0,"menu_order":0,"comment_status":"closed","ping_status":"closed","template":"","meta":{"footnotes":""},"class_list":["post-3176","page","type-page","status-publish","hentry"],"publishpress_future_action":{"enabled":false,"date":"2026-04-20 03:36:45","action":"change-status","newStatus":"draft","terms":[],"taxonomy":""},"_links":{"self":[{"href":"https:\/\/www.tamaulipas.gob.mx\/seduma\/wp-json\/wp\/v2\/pages\/3176"}],"collection":[{"href":"https:\/\/www.tamaulipas.gob.mx\/seduma\/wp-json\/wp\/v2\/pages"}],"about":[{"href":"https:\/\/www.tamaulipas.gob.mx\/seduma\/wp-json\/wp\/v2\/types\/page"}],"author":[{"embeddable":true,"href":"https:\/\/www.tamaulipas.gob.mx\/seduma\/wp-json\/wp\/v2\/users\/290"}],"replies":[{"embeddable":true,"href":"https:\/\/www.tamaulipas.gob.mx\/seduma\/wp-json\/wp\/v2\/comments?post=3176"}],"version-history":[{"count":6,"href":"https:\/\/www.tamaulipas.gob.mx\/seduma\/wp-json\/wp\/v2\/pages\/3176\/revisions"}],"predecessor-version":[{"id":3186,"href":"https:\/\/www.tamaulipas.gob.mx\/seduma\/wp-json\/wp\/v2\/pages\/3176\/revisions\/3186"}],"wp:attachment":[{"href":"https:\/\/www.tamaulipas.gob.mx\/seduma\/wp-json\/wp\/v2\/media?parent=3176"}],"curies":[{"name":"wp","href":"https:\/\/api.w.org\/{rel}","templated":true}]}}