{"id":3142,"date":"2023-03-15T12:41:50","date_gmt":"2023-03-15T18:41:50","guid":{"rendered":"https:\/\/www.tamaulipas.gob.mx\/seduma\/?page_id=3142"},"modified":"2025-10-10T11:01:29","modified_gmt":"2025-10-10T17:01:29","slug":"codigo-de-etica-y-conducta","status":"publish","type":"page","link":"https:\/\/www.tamaulipas.gob.mx\/seduma\/codigo-de-etica-y-conducta\/","title":{"rendered":"Comit\u00e9 de \u00c9tica, Conducta y Conflictos de Inter\u00e9s"},"content":{"rendered":"<ul style=\"list-style-type: square;\">\n<li style=\"font-weight: 400;\"><a href=\"https:\/\/www.tamaulipas.gob.mx\/seduma\/wp-content\/uploads\/sites\/8\/2023\/06\/codigo-de-etica-del-poder-ejecutivo-del-estado-de-tamaulipas.pdf\" target=\"_blank\" rel=\"noopener\"><strong><img loading=\"lazy\" decoding=\"async\" class=\"wp-image-3158 alignnone\" src=\"https:\/\/www.tamaulipas.gob.mx\/seduma\/wp-content\/uploads\/sites\/8\/2023\/03\/clic-2-01.png\" alt=\"\" width=\"62\" height=\"40\" \/>C\u00f3digo de \u00c9tica del Poder Ejecutivo del Estado de Tamaulipas (P.O. 26 de enero de 2023).<\/strong><\/a><\/li>\n<\/ul>\n<p>&nbsp;<\/p>\n<ul style=\"list-style-type: square;\">\n<li style=\"font-weight: 400;\"><strong><a href=\"https:\/\/po.tamaulipas.gob.mx\/wp-content\/uploads\/2021\/01\/cxlvi-11-270121F-EV.pdf\"><img loading=\"lazy\" decoding=\"async\" class=\"wp-image-3158 alignnone\" src=\"https:\/\/www.tamaulipas.gob.mx\/seduma\/wp-content\/uploads\/sites\/8\/2023\/03\/clic-2-01.png\" alt=\"\" width=\"62\" height=\"40\" \/><\/a><a href=\"https:\/\/po.tamaulipas.gob.mx\/wp-content\/uploads\/2023\/08\/cxlviii-100-220823.pdf\" target=\"_blank\" rel=\"noopener\">C\u00f3digo de Conducta y Prevenci\u00f3n de Conflictos de Inter\u00e9s de la Secretar\u00eda de Desarrollo Urbano y Medio Ambiente (P.O. 22 de Agosto de 2023).<\/a> \u00a0<\/strong><\/li>\n<\/ul>\n<p>&nbsp;<\/p>\n<ul style=\"list-style-type: square;\">\n<li style=\"font-weight: 400; text-align: justify;\"><strong><a href=\"https:\/\/po.tamaulipas.gob.mx\/wp-content\/uploads\/2021\/01\/cxlvi-11-270121F-EV.pdf\"><img loading=\"lazy\" decoding=\"async\" class=\"wp-image-3158 alignnone\" src=\"https:\/\/www.tamaulipas.gob.mx\/seduma\/wp-content\/uploads\/sites\/8\/2023\/03\/clic-2-01.png\" alt=\"\" width=\"62\" height=\"40\" \/><\/a><a href=\"https:\/\/po.tamaulipas.gob.mx\/wp-content\/uploads\/2022\/01\/cxlvii-10-250122F.pdf\" target=\"_blank\" rel=\"noopener\">Lineamientos para la Operaci\u00f3n del Comit\u00e9 de \u00c9tica, Conducta y Conflictos de Inter\u00e9s para la Aplicaci\u00f3n del C\u00f3digo de Conducta de las Dependencias y Entidades del Gobierno del Estado de Tamaulipas (2022).<\/a><\/strong><\/li>\n<\/ul>\n<p>&nbsp;<\/p>\n<ul style=\"list-style-type: square;\">\n<li style=\"text-align: justify;\"><span style=\"font-size: 16px;\"><strong><a href=\"https:\/\/po.tamaulipas.gob.mx\/wp-content\/uploads\/2021\/01\/cxlvi-11-270121F-EV.pdf\"><img loading=\"lazy\" decoding=\"async\" class=\"wp-image-3158 alignnone\" src=\"https:\/\/www.tamaulipas.gob.mx\/seduma\/wp-content\/uploads\/sites\/8\/2023\/03\/clic-2-01.png\" alt=\"\" width=\"62\" height=\"40\" \/><\/a><a href=\"https:\/\/www.tamaulipas.gob.mx\/seduma\/wp-content\/uploads\/sites\/8\/2023\/06\/cxlviii-49-250423-ev.pdf\" target=\"_blank\" rel=\"noopener\">Acuerdo de pr\u00f3rroga para la emisi\u00f3n del c\u00f3digo de conducta y prevenci\u00f3n de conflictos de inter\u00e9s de las dependencias y entidades del Poder Ejecutivo del Estado y para la elaboraci\u00f3n del programa anual de trabajo de los comit\u00e9s de \u00e9tica, conducta y prevenci\u00f3n de conflictos de inter\u00e9s de las dependencias y entidades de la administraci\u00f3n p\u00fablica estatal (P.O. 25 de abril de 2023).<\/a><\/strong><\/span><\/li>\n<\/ul>\n<p>&nbsp;<\/p>\n<ul style=\"list-style-type: square;\">\n<li style=\"text-align: justify;\"><strong><a href=\"https:\/\/po.tamaulipas.gob.mx\/wp-content\/uploads\/2021\/01\/cxlvi-11-270121F-EV.pdf\"><img loading=\"lazy\" decoding=\"async\" class=\"wp-image-3158 alignnone\" src=\"https:\/\/www.tamaulipas.gob.mx\/seduma\/wp-content\/uploads\/sites\/8\/2023\/03\/clic-2-01.png\" alt=\"\" width=\"62\" height=\"40\" \/><\/a><\/strong><a href=\"https:\/\/www.tamaulipas.gob.mx\/seduma\/wp-content\/uploads\/sites\/8\/2023\/06\/cxlviii-63-250523-ev.pdf\" target=\"_blank\" rel=\"noopener\"><strong>Lineamientos para la integraci\u00f3n, organizaci\u00f3n, funcionamiento y evaluaci\u00f3n de los Comit\u00e9s de \u00c9tica, Conducta y Prevenci\u00f3n de Conflictos de Inter\u00e9s en las dependencias y entidades de la administraci\u00f3n p\u00fablica estatal y la gu\u00eda para la elaboraci\u00f3n y actualizaci\u00f3n del C\u00f3digo de Conducta y Prevenci\u00f3n de Conflictos de Inter\u00e9s de las dependencias y entidades de la administraci\u00f3n p\u00fablica estatal (P.O. 25 de mayo de 2023).<\/strong><\/a><\/li>\n<\/ul>\n<h4><\/h4>\n<h4><strong>Miembros Propietarios y Suplentes del Comit\u00e9 de \u00c9tica, Conducta y Conflictos de Inter\u00e9s<\/strong><\/h4>\n<table class=\" alignleft\" style=\"height: 178px; width: 97.3037%; border-collapse: collapse; border-style: double;\">\n<tbody>\n<tr style=\"border-style: double;\">\n<td style=\"width: 31.085%; height: 24px; vertical-align: middle; border-style: double;\"><strong>CARGO COMIT\u00c9<\/strong><\/td>\n<td style=\"width: 36.9501%; height: 24px; border-style: double; vertical-align: middle;\"><strong>PROPIETARIO<\/strong><\/td>\n<td style=\"width: 195.601%; height: 24px; border-style: double; vertical-align: middle;\"><strong>SUPLENTE<\/strong><\/td>\n<\/tr>\n<tr style=\"border-style: double;\">\n<td style=\"height: 24px; border-style: double; vertical-align: middle; width: 31.085%;\"><strong>Presidente<\/strong><\/td>\n<td style=\"height: 24px; border-style: double; vertical-align: middle; width: 36.9501%;\">Lic. Alfredo de la Fuente Amaya<\/td>\n<td style=\"height: 24px; border-style: double; vertical-align: middle; width: 195.601%;\">Lic. Pedro Puga Charles<\/td>\n<\/tr>\n<tr style=\"border-style: double;\">\n<td style=\"height: 24px; border-style: double; vertical-align: middle; width: 31.085%;\"><strong>Secretario<\/strong><\/td>\n<td style=\"height: 24px; border-style: double; vertical-align: middle; width: 36.9501%;\">Arq. Rommel Samuel Silva Salda\u00f1a<\/td>\n<td style=\"height: 24px; border-style: double; vertical-align: middle; width: 195.601%;\">Ing. Oscar \u00c1vila \u00c1ngeles<\/td>\n<\/tr>\n<tr style=\"border-style: double;\">\n<td style=\"width: 31.085%; border-style: double; vertical-align: middle; height: 20px;\"><strong>Coordinadora<\/strong><\/td>\n<td style=\"width: 36.9501%; border-style: double; vertical-align: middle; height: 20px;\">Lic. Melissa Casados Ju\u00e1rez<\/td>\n<td style=\"width: 195.601%; border-style: double; vertical-align: middle; height: 20px;\">C.P. Roberto de Jes\u00fas Reyna Manzanares<\/td>\n<\/tr>\n<tr style=\"border-style: double; height: 50px;\">\n<td style=\"width: 31.085%; border-style: double; vertical-align: middle; height: 10px;\"><strong>Vocal Primero<\/strong><\/td>\n<td style=\"width: 36.9501%; border-style: double; vertical-align: middle; height: 10px;\">Arq. Fernando Daniel P\u00e1ez Su\u00e1rez<\/td>\n<td style=\"width: 195.601%; border-style: double; vertical-align: middle; height: 10px;\">Lic. Griselda Arg\u00fcelles Rodr\u00edguez<\/td>\n<\/tr>\n<tr style=\"border-style: double; height: 10px;\">\n<td style=\"width: 31.085%; height: 27px; border-style: double; vertical-align: middle;\"><strong>Vocal Segundo<\/strong><\/td>\n<td style=\"width: 36.9501%; height: 27px; border-style: double; vertical-align: middle;\">Lic. Eduardo Jos\u00e9 de los Reyes Salazar<\/td>\n<td style=\"width: 195.601%; height: 27px; border-style: double; vertical-align: middle;\">Lic. Beatriz Elena Canseco Nieto<\/td>\n<\/tr>\n<tr style=\"border-style: double;\">\n<td style=\"width: 31.085%; height: 16px; border-style: double; vertical-align: middle;\"><strong>Vocal Tercero<\/strong><\/td>\n<td style=\"width: 36.9501%; height: 16px; border-style: double; vertical-align: middle;\">C.P. Bertha Yrissol Perales Lazcano<\/td>\n<td style=\"width: 195.601%; height: 16px; border-style: double; vertical-align: middle;\">Ing. Florencia Hinojosa Rebolledo<\/td>\n<\/tr>\n<tr style=\"border-style: double;\">\n<td style=\"width: 31.085%; height: 13px; border-style: double; vertical-align: middle;\"><strong>Vocal Cuarto<\/strong><\/td>\n<td style=\"width: 36.9501%; height: 13px; border-style: double; vertical-align: middle;\">Ing. Mario Alonso Rodr\u00edguez Rodr\u00edguez<\/td>\n<td style=\"width: 195.601%; height: 13px; border-style: double; vertical-align: middle;\">C. Diana Trevi\u00f1o Rodr\u00edguez<\/td>\n<\/tr>\n<tr style=\"border-style: double;\">\n<td style=\"width: 31.085%; height: 20px; border-style: double; vertical-align: middle;\"><strong>Invitado Permanente<\/strong><\/td>\n<td style=\"width: 36.9501%; height: 20px; border-style: double; vertical-align: middle;\">Dr. Juan Ram\u00f3n Capistr\u00e1n Delgado<\/td>\n<td style=\"width: 195.601%; height: 20px; border-style: double; vertical-align: middle;\">Lic. Ang\u00e9lica Carmona Garc\u00eda<\/td>\n<\/tr>\n<\/tbody>\n<\/table>\n<p>&nbsp;<\/p>\n<p>&nbsp;<\/p>\n<p>&nbsp;<\/p>\n<p>&nbsp;<\/p>\n<p>&nbsp;<\/p>\n","protected":false},"excerpt":{"rendered":"<p>C\u00f3digo de \u00c9tica del Poder Ejecutivo del Estado de Tamaulipas (P.O. 26 de enero de 2023). &nbsp; C\u00f3digo de Conducta y Prevenci\u00f3n de Conflictos de\u2026<\/p>\n","protected":false},"author":290,"featured_media":0,"parent":0,"menu_order":0,"comment_status":"closed","ping_status":"closed","template":"","meta":{"footnotes":""},"class_list":["post-3142","page","type-page","status-publish","hentry"],"publishpress_future_action":{"enabled":false,"date":"2026-04-20 03:36:39","action":"change-status","newStatus":"draft","terms":[],"taxonomy":""},"_links":{"self":[{"href":"https:\/\/www.tamaulipas.gob.mx\/seduma\/wp-json\/wp\/v2\/pages\/3142"}],"collection":[{"href":"https:\/\/www.tamaulipas.gob.mx\/seduma\/wp-json\/wp\/v2\/pages"}],"about":[{"href":"https:\/\/www.tamaulipas.gob.mx\/seduma\/wp-json\/wp\/v2\/types\/page"}],"author":[{"embeddable":true,"href":"https:\/\/www.tamaulipas.gob.mx\/seduma\/wp-json\/wp\/v2\/users\/290"}],"replies":[{"embeddable":true,"href":"https:\/\/www.tamaulipas.gob.mx\/seduma\/wp-json\/wp\/v2\/comments?post=3142"}],"version-history":[{"count":35,"href":"https:\/\/www.tamaulipas.gob.mx\/seduma\/wp-json\/wp\/v2\/pages\/3142\/revisions"}],"predecessor-version":[{"id":3861,"href":"https:\/\/www.tamaulipas.gob.mx\/seduma\/wp-json\/wp\/v2\/pages\/3142\/revisions\/3861"}],"wp:attachment":[{"href":"https:\/\/www.tamaulipas.gob.mx\/seduma\/wp-json\/wp\/v2\/media?parent=3142"}],"curies":[{"name":"wp","href":"https:\/\/api.w.org\/{rel}","templated":true}]}}