{"id":31,"date":"2017-03-08T14:51:35","date_gmt":"2017-03-08T20:51:35","guid":{"rendered":"http:\/\/www.tamaulipas.gob.mx\/seduma\/?page_id=31"},"modified":"2022-12-29T10:52:34","modified_gmt":"2022-12-29T16:52:34","slug":"conocenos","status":"publish","type":"page","link":"https:\/\/www.tamaulipas.gob.mx\/seduma\/conocenos\/","title":{"rendered":"Con\u00f3cenos"},"content":{"rendered":"<p style=\"text-align: justify;\">La Secretar\u00eda de Desarrollo Urbano y Medio Ambiente es una dependencia de la administraci\u00f3n p\u00fablica estatal, que tiene como principales atribuciones \u00a0formular y conducir la pol\u00edtica general de asentamientos humanos, medio ambiente, recursos naturales y desarrollo sustentable; elaborar, actualizar y ejecutar los instrumentos de la planeaci\u00f3n del ordenamiento territorial y desarrollo urbano y participar coordinadamente con los Municipios en la elaboraci\u00f3n de sus Planes Municipales respectivos, as\u00ed como implementar las acciones necesarias en el \u00e1mbito de su competencia, cuando haya peligro de da\u00f1o grave e irreversible al medio ambiente o de emergencia ambiental en donde exista una afectaci\u00f3n continua y grave al mismo, y que afecte los recursos naturales o la biodiversidad del territorio estatal, aun trat\u00e1ndose de actividades u obras de competencia de otras autoridades en caso de que \u00e9stas representen un riesgo inminente a la salud p\u00fablica.<\/p>\n<p><img loading=\"lazy\" decoding=\"async\" class=\"alignnone size-medium wp-image-2881\" src=\"https:\/\/www.tamaulipas.gob.mx\/seduma\/wp-content\/uploads\/sites\/8\/2022\/12\/objetivos_mesa-de-trabajo-1.png\" alt=\"\" width=\"1200\" height=\"88\" \/><\/p>\n<ul>\n<li style=\"text-align: justify;\">Contribuir al mejoramiento en la calidad de vida de los habitantes en las ciudades mediante mejores instrumentos de planeaci\u00f3n urbana y regional actualizando y modernizando los instrumentos para la administraci\u00f3n del desarrollo urbano y la coordinaci\u00f3n y concurrencia con los Ayuntamientos; fomentando los buenos espacios p\u00fablicos y la imagen urbana con el trabajo coordinado de las organizaciones sociales y reforzando la identidad tamaulipeca con la preservaci\u00f3n del patrimonio hist\u00f3rico, cultural y\u00a0arquitect\u00f3nico.<\/li>\n<li style=\"text-align: justify;\">Establecer condiciones que garanticen el manejo y aprovechamiento sustentable de los recursos naturales, la conservaci\u00f3n de las \u00e1reas naturales protegidas, as\u00ed como el uso responsable y eficaz del recurso agua.<\/li>\n<\/ul>\n<p>&nbsp;<\/p>\n<p><img loading=\"lazy\" decoding=\"async\" class=\"alignnone wp-image-2880 size-full\" src=\"https:\/\/www.tamaulipas.gob.mx\/seduma\/wp-content\/uploads\/sites\/8\/2022\/12\/mision_mesa-de-trabajo-1.png\" alt=\"\" width=\"1200\" height=\"88\" \/><\/p>\n<p style=\"text-align: justify;\">Somos la Secretar\u00eda de Gobierno del Estado de Tamaulipas encargada de la protecci\u00f3n al medio ambiente y el aprovechamiento sustentable de los recursos naturales, de la preservaci\u00f3n del patrimonio hist\u00f3rico, promoviendo el desarrollo y la movilidad urbana, mediante la elaboraci\u00f3n e instrumentaci\u00f3n de pol\u00edticas p\u00fablicas con personal altamente capacitado con el objetivo de fomentar el desarrollo integral para el bienestar social y la seguridad de la comunidades Tamaulipecas.<\/p>\n<p>&nbsp;<\/p>\n<p style=\"text-align: justify;\"><img loading=\"lazy\" decoding=\"async\" class=\"alignnone wp-image-2863 size-full\" src=\"https:\/\/www.tamaulipas.gob.mx\/seduma\/wp-content\/uploads\/sites\/8\/2022\/11\/vision_mesa-de-trabajo-1-1.png\" alt=\"\" width=\"1200\" height=\"88\" \/>Ser una Dependencia referente a nivel nacional debido a la implementaci\u00f3n de pol\u00edticas p\u00fablicas de vanguardia que promuevan el desarrollo de ciudades sustentables para lograr el desarrollo econ\u00f3mico sostenible de Tamaulipas, con la inclusi\u00f3n de la participaci\u00f3n social.<\/p>\n<p>&nbsp;<\/p>\n<p>&nbsp;<\/p>\n<p><img loading=\"lazy\" decoding=\"async\" class=\"alignnone size-full wp-image-3049\" src=\"https:\/\/www.tamaulipas.gob.mx\/seduma\/wp-content\/uploads\/sites\/8\/2022\/12\/principios-y-valores_mesa-de-trabajo-1.png\" alt=\"\" width=\"1200\" height=\"927\" \/><\/p>\n<div><\/div>\n","protected":false},"excerpt":{"rendered":"<p>La Secretar\u00eda de Desarrollo Urbano y Medio Ambiente es una dependencia de la administraci\u00f3n p\u00fablica estatal, que tiene como principales atribuciones \u00a0formular y conducir la\u2026<\/p>\n","protected":false},"author":290,"featured_media":0,"parent":0,"menu_order":0,"comment_status":"closed","ping_status":"closed","template":"","meta":{"footnotes":""},"class_list":["post-31","page","type-page","status-publish","hentry"],"publishpress_future_action":{"enabled":false,"date":"2026-04-20 03:36:39","action":"change-status","newStatus":"draft","terms":[],"taxonomy":""},"_links":{"self":[{"href":"https:\/\/www.tamaulipas.gob.mx\/seduma\/wp-json\/wp\/v2\/pages\/31"}],"collection":[{"href":"https:\/\/www.tamaulipas.gob.mx\/seduma\/wp-json\/wp\/v2\/pages"}],"about":[{"href":"https:\/\/www.tamaulipas.gob.mx\/seduma\/wp-json\/wp\/v2\/types\/page"}],"author":[{"embeddable":true,"href":"https:\/\/www.tamaulipas.gob.mx\/seduma\/wp-json\/wp\/v2\/users\/290"}],"replies":[{"embeddable":true,"href":"https:\/\/www.tamaulipas.gob.mx\/seduma\/wp-json\/wp\/v2\/comments?post=31"}],"version-history":[{"count":25,"href":"https:\/\/www.tamaulipas.gob.mx\/seduma\/wp-json\/wp\/v2\/pages\/31\/revisions"}],"predecessor-version":[{"id":3050,"href":"https:\/\/www.tamaulipas.gob.mx\/seduma\/wp-json\/wp\/v2\/pages\/31\/revisions\/3050"}],"wp:attachment":[{"href":"https:\/\/www.tamaulipas.gob.mx\/seduma\/wp-json\/wp\/v2\/media?parent=31"}],"curies":[{"name":"wp","href":"https:\/\/api.w.org\/{rel}","templated":true}]}}