{"id":3021,"date":"2022-12-09T08:56:09","date_gmt":"2022-12-09T14:56:09","guid":{"rendered":"https:\/\/www.tamaulipas.gob.mx\/seduma\/?page_id=3021"},"modified":"2024-01-15T14:23:09","modified_gmt":"2024-01-15T20:23:09","slug":"organismos-publicos-descentralizados","status":"publish","type":"page","link":"https:\/\/www.tamaulipas.gob.mx\/seduma\/organismos-publicos-descentralizados\/","title":{"rendered":"Organismos P\u00fablicos Descentralizados"},"content":{"rendered":"<div class=\"panel-group\" id=\"custom-collapse-0\">\n<div class=\"panel panel-default\">\n\t\t\t\t<div class=\"panel-heading\">\n\t\t\t\t\t<h4 class=\"panel-title\">\n\t\t\t\t\t\t<a class=\"\" data-toggle=\"collapse\" data-parent=\"#custom-collapse-0\" href=\"#custom-collapse-0-0\">Comisi\u00f3n de Parques y Biodiversidad<\/a>\n\t\t\t\t\t<\/h4>\n\t\t\t\t<\/div>\n\t\t\t\t<div id=\"custom-collapse-0-0\" class=\"panel-collapse in\">\n\t\t\t\t\t<div class=\"panel-body\">\n<p>Es un Organismo P\u00fablico Descentralizado Creado por el Gobierno del Estado de Tamaulipas, para que, apoyado en la normatividad establecida, se dedique a formular y conducir la pol\u00edtica p\u00fablica estatal sobre la conservaci\u00f3n y aprovechamiento de la vida silvestre, a promover el establecimiento de condiciones adecuadas para el desarrollo de mercados basados en criterios de sustentabilidad, as\u00ed como en la aplicaci\u00f3n de los criterios de pol\u00edtica ambiental para estimular el logro de los objetivos de conservaci\u00f3n y aprovechamiento de la misma en el \u00e1mbito de su jurisdicci\u00f3n territorial.<\/p>\n<p>Tiene como objetivo contribuir al desarrollo sustentable del Estado de Tamaulipas induciendo al cumplimiento de las pol\u00edticas ambientales, instrumentando los mecanismos que permitan establecer criterios y normar condiciones orientadas a la protecci\u00f3n de la flora y la fauna silvestre, desarrollando estrategias que garanticen el aprovechamiento sustentable de los recursos naturales. <a href=\"https:\/\/www.tamaulipas.gob.mx\/parquesybiodiversidad\/\">Ir al Sitio.<\/a><br \/>\n<\/div>\n\t\t\t\t<\/div>\n\t\t\t<\/div>\n<div class=\"panel panel-default\">\n\t\t\t\t<div class=\"panel-heading\">\n\t\t\t\t\t<h4 class=\"panel-title\">\n\t\t\t\t\t\t<a class=\"collapsed\" data-toggle=\"collapse\" data-parent=\"#custom-collapse-0\" href=\"#custom-collapse-0-1\">ITAVU<\/a>\n\t\t\t\t\t<\/h4>\n\t\t\t\t<\/div>\n\t\t\t\t<div id=\"custom-collapse-0-1\" class=\"panel-collapse collapse\">\n\t\t\t\t\t<div class=\"panel-body\">\n<p>El Instituto Tamaulipeco de Vivienda y Urbanismo es un organismo P\u00fablico descentralizado del Gobierno del Estado de Tamaulipas cuya misi\u00f3n es otorgar a las familias el acceso a soluciones habitacionales, mediante la implementaci\u00f3n de programas de suelo y vivienda que brinden estabilidad, seguridad, certeza jur\u00eddica y consolidaci\u00f3n patrimonial.<\/p>\n<p>Los programas est\u00e1n dirigidos a toda la sociedad Tamaulipeca sin acceso a otros planes de bienestar social como suelo o vivienda, o a los que tengan, coadyuvar mediante cr\u00e9ditos blandos q mejorar el bienestar familiar o\u00a0\u00a0 ayud\u00e1ndolos a legalizar su patrimonio promoviendo la escrituraci\u00f3n de sus predios. <a href=\"https:\/\/www.tamaulipas.gob.mx\/itavu\/\" target=\"_blank\" rel=\"noopener\">Ir al Sitio.<\/a><br \/>\n<\/div>\n\t\t\t\t<\/div>\n\t\t\t<\/div>\n<div class=\"panel panel-default\">\n\t\t\t\t<div class=\"panel-heading\">\n\t\t\t\t\t<h4 class=\"panel-title\">\n\t\t\t\t\t\t<a class=\"collapsed\" data-toggle=\"collapse\" data-parent=\"#custom-collapse-0\" href=\"#custom-collapse-0-2\">Comisi\u00f3n de Caza y Pesca<\/a>\n\t\t\t\t\t<\/h4>\n\t\t\t\t<\/div>\n\t\t\t\t<div id=\"custom-collapse-0-2\" class=\"panel-collapse collapse\">\n\t\t\t\t\t<div class=\"panel-body\">\n<p>La Comisi\u00f3n de Caza y Pesca Deportiva de Tamaulipas, se suma a la Transformaci\u00f3n del Estado, adoptando los principios fundamentales y teniendo como objetivos formular y conducir la pol\u00edtica p\u00fablica estatal en materia de aprovechamiento sostenible de la vida silvestre y pesca deportiva, as\u00ed como promover el establecimiento de las condiciones adecuadas para el desarrollo de mercados basados en criterios de sustentabilidad, as\u00ed como estimular el logro de objetivos de conservaci\u00f3n y aprovechamiento en Tamaulipas, como consecuencia la generaci\u00f3n de empleos para los habitantes de la regi\u00f3n as\u00ed como atender los distintos tr\u00e1mites que le permiten a la ciudadan\u00eda llevar a cabo el aprovechamiento sostenible de la vida silvestre y pesca deportiva.<\/p>\n<p>Para la atenci\u00f3n al p\u00fablico ofrecemos 21 tr\u00e1mites diferentes, entre los que destacan los siguientes:<\/p>\n<p>1.- Autorizaci\u00f3n de Aprovechamiento Extractivo de Ejemplares, Partes y Derivados Modalidad A: De Ejemplares que se Distribuyen de Manera Natural en el Territorio Nacional.<\/p>\n<p>2.- Aviso de Aprovechamiento de Ejemplares, Partes y Derivados de Especies Silvestres que no se Distribuyen Naturalmente en Territorio Nacional.<\/p>\n<p>3.- Informe de Actividades de Conservaci\u00f3n y Aprovechamiento de la Vida Silvestre Modalidad A: Anual.<\/p>\n<p>4.- Licencia de Caza Deportiva.<\/p>\n<p>5.- Licencia de Prestador de Servicios de Aprovechamiento V\u00eda Caza Deportiva.<\/p>\n<p>6.- Modificaci\u00f3n de datos de Unidades de Manejo para la Conservaci\u00f3n de la vida Silvestre (UMA).<\/p>\n<p>7.- Registro o Renovaci\u00f3n de Unidades de Manejo para la Conservaci\u00f3n de la Vida Silvestre (UMA).<br \/>\n<a href=\"https:\/\/www.tamaulipas.gob.mx\/cazaypesca\/\" target=\"_blank\" rel=\"noopener\">Ir al Sitio<\/a>.<br \/>\n<\/div>\n\t\t\t\t<\/div>\n\t\t\t<\/div>\n<div dir=\"auto\"><\/div>\n<div class=\"panel panel-default\">\n\t\t\t\t<div class=\"panel-heading\">\n\t\t\t\t\t<h4 class=\"panel-title\">\n\t\t\t\t\t\t<a class=\"collapsed\" data-toggle=\"collapse\" data-parent=\"#custom-collapse-0\" href=\"#custom-collapse-0-3\">Instituto Metropolitano de Planeaci\u00f3n del Sur de Tamaulipas<\/a>\n\t\t\t\t\t<\/h4>\n\t\t\t\t<\/div>\n\t\t\t\t<div id=\"custom-collapse-0-3\" class=\"panel-collapse collapse\">\n\t\t\t\t\t<div class=\"panel-body\">\n<p>Es un Organismo P\u00fablico Descentralizado de la administraci\u00f3n p\u00fablica estatal, que act\u00faa como instancia de coordinaci\u00f3n de la Zona Conurbada de los Municipios de Altamira, Ciudad Madero y Tampico.<\/p>\n<p>El Instituto es de car\u00e1cter t\u00e9cnico en materia de uso ordenado del suelo, incorporando pol\u00edticas ambientales que contribuyan al logro del desarrollo urbano sostenible, vinculando a la sociedad y al Gobierno en los procesos de planeaci\u00f3n del territorio conurbado, como \u00f3rgano de consulta, asesor\u00eda y evaluaci\u00f3n en temas urbanos.<\/p>\n<p>El IMEPLAN promueve la planeaci\u00f3n y garantiza su eficiencia en la Zona Conurbada de Altamira, Ciudad Madero y Tampico, fortaleciendo el desarrollo sostenible. <a href=\"http:\/\/www.imeplansurdetamaulipas.gob.mx\/\">Ir al Sitio.<\/a><\/p>\n<\/div>\n\t\t\t\t<\/div>\n\t\t\t<\/div>\n<\/div>\n<p>&nbsp;<\/p>\n","protected":false},"excerpt":{"rendered":"<p>&nbsp;<\/p>\n","protected":false},"author":290,"featured_media":0,"parent":0,"menu_order":0,"comment_status":"closed","ping_status":"closed","template":"","meta":{"footnotes":""},"class_list":["post-3021","page","type-page","status-publish","hentry"],"publishpress_future_action":{"enabled":false,"date":"2026-04-21 18:46:22","action":"change-status","newStatus":"draft","terms":[],"taxonomy":""},"_links":{"self":[{"href":"https:\/\/www.tamaulipas.gob.mx\/seduma\/wp-json\/wp\/v2\/pages\/3021"}],"collection":[{"href":"https:\/\/www.tamaulipas.gob.mx\/seduma\/wp-json\/wp\/v2\/pages"}],"about":[{"href":"https:\/\/www.tamaulipas.gob.mx\/seduma\/wp-json\/wp\/v2\/types\/page"}],"author":[{"embeddable":true,"href":"https:\/\/www.tamaulipas.gob.mx\/seduma\/wp-json\/wp\/v2\/users\/290"}],"replies":[{"embeddable":true,"href":"https:\/\/www.tamaulipas.gob.mx\/seduma\/wp-json\/wp\/v2\/comments?post=3021"}],"version-history":[{"count":5,"href":"https:\/\/www.tamaulipas.gob.mx\/seduma\/wp-json\/wp\/v2\/pages\/3021\/revisions"}],"predecessor-version":[{"id":3387,"href":"https:\/\/www.tamaulipas.gob.mx\/seduma\/wp-json\/wp\/v2\/pages\/3021\/revisions\/3387"}],"wp:attachment":[{"href":"https:\/\/www.tamaulipas.gob.mx\/seduma\/wp-json\/wp\/v2\/media?parent=3021"}],"curies":[{"name":"wp","href":"https:\/\/api.w.org\/{rel}","templated":true}]}}